{"id":8618,"date":"2018-11-29T21:44:27","date_gmt":"2018-11-29T21:44:27","guid":{"rendered":"http:\/\/toolbox.biomimicry.org\/colaboracion-interdisciplinaria\/"},"modified":"2019-02-28T00:10:37","modified_gmt":"2019-02-28T00:10:37","slug":"colaboracion-interdisciplinaria","status":"publish","type":"page","link":"https:\/\/toolbox.biomimicry.org\/es\/referencias\/colaboracion-interdisciplinaria\/","title":{"rendered":"Colaboraci\u00f3n interdisciplinaria"},"content":{"rendered":"<p>[et_pb_section bb_built=\u00bb1&#8243; background_color=\u00bb#ebeed9&#8243; inner_shadow=\u00bbon\u00bb fullwidth=\u00bbon\u00bb _builder_version=\u00bb3.0.47&#8243; transparent_background=\u00bboff\u00bb][et_pb_fullwidth_header title=\u00bbColaboraci\u00f3n interdisciplinaria\u00bb subhead=\u00bbTrabajando eficazmente en diversos equipos.\u00bb _builder_version=\u00bb3.0.47&#8243;]<\/p>\n<p>&nbsp;<\/p>\n<p>[\/et_pb_fullwidth_header][\/et_pb_section][et_pb_section bb_built=\u00bb1&#8243; background_color=\u00bb#ffffff\u00bb module_class=\u00bbno-bottom-padding\u00bb _builder_version=\u00bb3.0.47&#8243; transparent_background=\u00bboff\u00bb][et_pb_row _builder_version=\u00bb3.0.47&#8243; background_size=\u00bbinitial\u00bb background_position=\u00bbtop_left\u00bb background_repeat=\u00bbrepeat\u00bb][et_pb_column type=\u00bb1_3&#8243;][et_pb_divider admin_label=\u00bbBlank Divider\u00bb height=\u00bb10&#8243; disabled_on=\u00bbon|on|off\u00bb _builder_version=\u00bb3.0.47&#8243;]<\/p>\n<p>&nbsp;<\/p>\n<p>[\/et_pb_divider][et_pb_text module_class=\u00bbcaption\u00bb _builder_version=\u00bb3.0.47&#8243; background_size=\u00bbinitial\u00bb background_position=\u00bbtop_left\u00bb background_repeat=\u00bbrepeat\u00bb]<\/p>\n<p>EN ESTA SECCI\u00d3N:<\/p>\n<p>[\/et_pb_text][et_pb_blurb title=\u00bb\u00bfPor qu\u00e9 colaborar?\u00bb url=\u00bb#why\u00bb use_icon=\u00bbon\u00bb font_icon=\u00bb\ue048\u00bb icon_color=\u00bb#ffdd00&#8243; icon_placement=\u00bbleft\u00bb _builder_version=\u00bb3.0.47&#8243; background_size=\u00bbinitial\u00bb background_position=\u00bbtop_left\u00bb background_repeat=\u00bbrepeat\u00bb animation=\u00bboff\u00bb]<\/p>\n<p>&nbsp;<\/p>\n<p>[\/et_pb_blurb][et_pb_blurb title=\u00bbConstruir un equipo diverso\u00bb url=\u00bb#diverse\u00bb use_icon=\u00bbon\u00bb font_icon=\u00bb\ue048\u00bb icon_color=\u00bb#ffdd00&#8243; icon_placement=\u00bbleft\u00bb _builder_version=\u00bb3.0.47&#8243; background_size=\u00bbinitial\u00bb background_position=\u00bbtop_left\u00bb background_repeat=\u00bbrepeat\u00bb animation=\u00bboff\u00bb]<\/p>\n<p>&nbsp;<\/p>\n<p>[\/et_pb_blurb][et_pb_blurb title=\u00bbEjercicios de equipo\u00bb url=\u00bb#exercises\u00bb use_icon=\u00bbon\u00bb font_icon=\u00bb\ue048\u00bb icon_color=\u00bb#ffdd00&#8243; icon_placement=\u00bbleft\u00bb _builder_version=\u00bb3.0.47&#8243; background_size=\u00bbinitial\u00bb background_position=\u00bbtop_left\u00bb background_repeat=\u00bbrepeat\u00bb animation=\u00bboff\u00bb]<\/p>\n<p>&nbsp;<\/p>\n<p>[\/et_pb_blurb][\/et_pb_column][et_pb_column type=\u00bb2_3&#8243;][et_pb_text admin_label=\u00bbIntro text\u00bb _builder_version=\u00bb3.0.98&#8243; background_size=\u00bbinitial\u00bb background_position=\u00bbtop_left\u00bb background_repeat=\u00bbrepeat\u00bb]<\/p>\n<p>La biom\u00edmesis es un esfuerzo interdisciplinario. Adem\u00e1s de tener bi\u00f3logos y dise\u00f1adores en un equipo, es \u00fatil involucrar a ingenieros y personas del \u00e1rea de negocios, u otros especialistas que pueden tener percepciones importantes acerca del problema particular que est\u00e1s tratando de resolver. Por tanto, la capacidad de colaborar a trav\u00e9s de m\u00faltiples disciplinas es fundamental para implementar bien la biom\u00edmesis. Esto puede ser dif\u00edcil porque con frecuencia nos sentimos m\u00e1s c\u00f3modos trabajando con gente similar a nosotros, personas dentro de nuestras propias disciplinas. Pero los beneficios del trabajo interdisciplinario son numerosos.<\/p>\n<p>[\/et_pb_text][\/et_pb_column][\/et_pb_row][\/et_pb_section][et_pb_section bb_built=\u00bb1&#8243; background_color=\u00bb#ffffff\u00bb module_id=\u00bbwhy\u00bb module_class=\u00bbno-bottom-padding\u00bb _builder_version=\u00bb3.0.47&#8243; transparent_background=\u00bboff\u00bb][et_pb_row _builder_version=\u00bb3.0.47&#8243; background_size=\u00bbinitial\u00bb background_position=\u00bbtop_left\u00bb background_repeat=\u00bbrepeat\u00bb][et_pb_column type=\u00bb1_3&#8243;][et_pb_text admin_label=\u00bb Heading &#8211; why\u00bb _builder_version=\u00bb3.0.47&#8243; background_size=\u00bbinitial\u00bb background_position=\u00bbtop_left\u00bb background_repeat=\u00bbrepeat\u00bb text_orientation=\u00bbright\u00bb]<\/p>\n<h2>\u00bfPor qu\u00e9 colaborar?<\/h2>\n<p>&nbsp;<\/p>\n<p>&nbsp;<\/p>\n<p>[\/et_pb_text][\/et_pb_column][et_pb_column type=\u00bb2_3&#8243;][et_pb_text _builder_version=\u00bb3.0.98&#8243; background_size=\u00bbinitial\u00bb background_position=\u00bbtop_left\u00bb background_repeat=\u00bbrepeat\u00bb]<\/p>\n<p>Promovemos la formaci\u00f3n de equipos interdisciplinarios; de hecho, la colaboraci\u00f3n interdisciplinaria es un criterio usado para juzgar muchos de nuestros retos de dise\u00f1o. Entonces vale la pena poner esfuerzo en conectar con otras disciplinas para encontrar socios de equipo o asesores. Algunas ventajas de la colaboraci\u00f3n transdisciplinaria incluyen:<\/p>\n<ul>\n<li>El mundo es interdisciplinario y la investigaci\u00f3n y equipos transdisciplinarios son cada vez m\u00e1s comunes. Desarrollar\u00e1s habilidades para el aprendizaje, el trabajo y la vida, lo que a su vez te har\u00e1 m\u00e1s valioso para futuros empleadores y otros equipos.<\/li>\n<li>Permite la comprensi\u00f3n de diferentes perspectivas en diversas \u00e1reas tem\u00e1ticas y disciplinas.<\/li>\n<li>Promueve el pensamiento cr\u00edtico.<\/li>\n<li>Re\u00fane informaci\u00f3n e ideas de diferentes temas y disciplinas, y considera formas alternativas de hacer las cosas o soluciones alternas.<\/li>\n<\/ul>\n<p>&nbsp;<\/p>\n<p>[\/et_pb_text][\/et_pb_column][\/et_pb_row][\/et_pb_section][et_pb_section bb_built=\u00bb1&#8243; background_color=\u00bb#ffffff\u00bb module_id=\u00bbdiverse\u00bb module_class=\u00bbno-bottom-padding\u00bb _builder_version=\u00bb3.0.47&#8243; transparent_background=\u00bboff\u00bb][et_pb_row _builder_version=\u00bb3.0.47&#8243; background_size=\u00bbinitial\u00bb background_position=\u00bbtop_left\u00bb background_repeat=\u00bbrepeat\u00bb][et_pb_column type=\u00bb1_3&#8243;][et_pb_text admin_label=\u00bbHeading &#8211; diverse team\u00bb _builder_version=\u00bb3.0.47&#8243; background_size=\u00bbinitial\u00bb background_position=\u00bbtop_left\u00bb background_repeat=\u00bbrepeat\u00bb text_orientation=\u00bbright\u00bb]<\/p>\n<h2>Construir un equipo diverso<\/h2>\n<p>&nbsp;<\/p>\n<p>&nbsp;<\/p>\n<p>[\/et_pb_text][\/et_pb_column][et_pb_column type=\u00bb2_3&#8243;][et_pb_text _builder_version=\u00bb3.0.98&#8243; background_size=\u00bbinitial\u00bb background_position=\u00bbtop_left\u00bb background_repeat=\u00bbrepeat\u00bb]<\/p>\n<p>Las disciplinas de particular utilidad en los equipos de biom\u00edmesis incluyen dise\u00f1o, ingenier\u00eda, biolog\u00eda, ecolog\u00eda, qu\u00edmica, negocios y ciencias sociales. Tu reto particular tambi\u00e9n determinar\u00e1 de cu\u00e1les disciplinas espec\u00edficas necesitar\u00e1s buscar contribuciones. Si eres estudiante, busca estudiantes o maestros en otros departamentos en tu centro educativo. Si tu escuela carece de una disciplina en particular, quiz\u00e1s tengas que hablar con personas en otras escuelas cercanas. Para cualquier persona que trabaja en proyectos de biom\u00edmesis, sugerimos acercarse a estudiantes o acad\u00e9micos en universidades, la comunidad local o comunidades virtuales.<\/p>\n<p>Algunas veces conocer\u00e1s a una persona que trabaja en una disciplina, pero tiene entrenamiento o intereses en una disciplina diferente. Por ejemplo, a veces un bi\u00f3logo est\u00e1 trabajando en mercadotecnia, o un ingeniero tiene una pasi\u00f3n por la biolog\u00eda. Estas personas pueden ser colaboradores particularmente buenos, porque traen a\u00fan m\u00e1s diversidad al equipo.<\/p>\n<p>Otro recurso valioso es la comunidad de personas que han sido entrenadas en biom\u00edmesis. Las puedes encontrar a trav\u00e9s de nuestra <a href=\"http:\/\/biomimicry.org\/global-networks\/\" target=\"_blank\" rel=\"noopener\">Red Global de Biom\u00edmesis<\/a> (Global Biomimicry Network) y en varios grupos de LinkedIn. Para estos \u00faltimos, busca el t\u00e9rmino \u201cbiomimicry\u201d en <a href=\"https:\/\/www.linkedin.com\/\" target=\"_blank\" rel=\"noopener\">LinkedIn<\/a> y empieza a hacer conexiones.<\/p>\n<p>[\/et_pb_text][\/et_pb_column][\/et_pb_row][\/et_pb_section][et_pb_section bb_built=\u00bb1&#8243; background_color=\u00bb#ffffff\u00bb module_id=\u00bbexercises\u00bb _builder_version=\u00bb3.0.47&#8243; transparent_background=\u00bboff\u00bb][et_pb_row _builder_version=\u00bb3.0.47&#8243; background_size=\u00bbinitial\u00bb background_position=\u00bbtop_left\u00bb background_repeat=\u00bbrepeat\u00bb][et_pb_column type=\u00bb4_4&#8243;][et_pb_text admin_label=\u00bbHeading &#8211; exercises\u00bb _builder_version=\u00bb3.0.98&#8243; background_size=\u00bbinitial\u00bb background_position=\u00bbtop_left\u00bb background_repeat=\u00bbrepeat\u00bb]<\/p>\n<h2>Ejercicios<\/h2>\n<p>Una vez que tengas armado un equipo multidisciplinario, el siguiente paso es aprender a trabajar efectivamente como grupo. Aqu\u00ed te presentamos unos ejercicios para ayudarte a establecer maneras efectivas de comunicar y colaborar en un ambiente de trabajo multidisciplinario.<\/p>\n<p>[\/et_pb_text][\/et_pb_column][\/et_pb_row][et_pb_row _builder_version=\u00bb3.0.98&#8243;][et_pb_column type=\u00bb1_2&#8243;][et_pb_blurb title=\u00bbEjercicios de colaboraci\u00f3n\u00bb url=\u00bbhttp:\/\/toolbox.biomimicry.org\/wp-content\/uploads\/2019\/02\/Ejercicios-de-colaboracio\u0301n.pdf\u00bb use_icon=\u00bbon\u00bb font_icon=\u00bb%%71%%\u00bb _builder_version=\u00bb3.0.98&#8243; icon_color=\u00bb#77bc1f\u00bb icon_placement=\u00bbleft\u00bb url_new_window=\u00bboff\u00bb use_circle=\u00bboff\u00bb use_circle_border=\u00bboff\u00bb use_icon_font_size=\u00bboff\u00bb background_layout=\u00bblight\u00bb]<\/p>\n<p>Estas actividades ayudan a los equipos interdisciplinarios a establecer un vocabulario com\u00fan y a comprender mejor el campo de trabajo del otro.<\/p>\n<p>[\/et_pb_blurb][\/et_pb_column][et_pb_column type=\u00bb1_2&#8243;][et_pb_blurb title=\u00bbEjercicios de colaboraci\u00f3n &#8211; Estereotipos\u00bb url=\u00bbhttp:\/\/toolbox.biomimicry.org\/wp-content\/uploads\/2019\/02\/Ejercicios-de-colaboracio\u0301n-Estereotipos.pdf\u00bb use_icon=\u00bbon\u00bb font_icon=\u00bb%%71%%\u00bb _builder_version=\u00bb3.0.98&#8243; icon_color=\u00bb#77bc1f\u00bb icon_placement=\u00bbleft\u00bb url_new_window=\u00bboff\u00bb use_circle=\u00bboff\u00bb use_circle_border=\u00bboff\u00bb use_icon_font_size=\u00bboff\u00bb background_layout=\u00bblight\u00bb]<\/p>\n<p>El prop\u00f3sito de estas actividades es subrayar las diferencias entre disciplinas y facilitar las conversaciones sobre las mismas.<\/p>\n<p>[\/et_pb_blurb][\/et_pb_column][\/et_pb_row][\/et_pb_section]<\/p>\n","protected":false},"excerpt":{"rendered":"<p>[et_pb_section bb_built=\u00bb1&#8243; background_color=\u00bb#ebeed9&#8243; inner_shadow=\u00bbon\u00bb fullwidth=\u00bbon\u00bb _builder_version=\u00bb3.0.47&#8243; transparent_background=\u00bboff\u00bb][et_pb_fullwidth_header title=\u00bbColaboraci\u00f3n interdisciplinaria\u00bb subhead=\u00bbTrabajando eficazmente en diversos equipos.\u00bb _builder_version=\u00bb3.0.47&#8243;] &nbsp; [\/et_pb_fullwidth_header][\/et_pb_section][et_pb_section bb_built=\u00bb1&#8243; background_color=\u00bb#ffffff\u00bb module_class=\u00bbno-bottom-padding\u00bb _builder_version=\u00bb3.0.47&#8243; transparent_background=\u00bboff\u00bb][et_pb_row _builder_version=\u00bb3.0.47&#8243; background_size=\u00bbinitial\u00bb background_position=\u00bbtop_left\u00bb background_repeat=\u00bbrepeat\u00bb][et_pb_column type=\u00bb1_3&#8243;][et_pb_divider admin_label=\u00bbBlank Divider\u00bb height=\u00bb10&#8243; disabled_on=\u00bbon|on|off\u00bb _builder_version=\u00bb3.0.47&#8243;] &nbsp; [\/et_pb_divider][et_pb_text module_class=\u00bbcaption\u00bb _builder_version=\u00bb3.0.47&#8243; background_size=\u00bbinitial\u00bb background_position=\u00bbtop_left\u00bb background_repeat=\u00bbrepeat\u00bb] EN ESTA SECCI\u00d3N: [\/et_pb_text][et_pb_blurb title=\u00bb\u00bfPor qu\u00e9 colaborar?\u00bb url=\u00bb#why\u00bb use_icon=\u00bbon\u00bb font_icon=\u00bb\ue048\u00bb icon_color=\u00bb#ffdd00&#8243; icon_placement=\u00bbleft\u00bb _builder_version=\u00bb3.0.47&#8243; background_size=\u00bbinitial\u00bb background_position=\u00bbtop_left\u00bb background_repeat=\u00bbrepeat\u00bb [&hellip;]<\/p>\n","protected":false},"author":1,"featured_media":0,"parent":8619,"menu_order":0,"comment_status":"open","ping_status":"open","template":"","meta":{"_exactmetrics_skip_tracking":false,"_exactmetrics_sitenote_active":false,"_exactmetrics_sitenote_note":"","_exactmetrics_sitenote_category":0,"footnotes":""},"class_list":["post-8618","page","type-page","status-publish","hentry"],"yoast_head":"<!-- This site is optimized with the Yoast SEO plugin v27.4 - https:\/\/yoast.com\/product\/yoast-seo-wordpress\/ -->\n<title>Colaboraci\u00f3n interdisciplinaria - Biomimicry Toolbox<\/title>\n<meta name=\"robots\" content=\"index, follow, max-snippet:-1, max-image-preview:large, max-video-preview:-1\" \/>\n<link rel=\"canonical\" href=\"https:\/\/toolbox.biomimicry.org\/es\/referencias\/colaboracion-interdisciplinaria\/\" \/>\n<meta property=\"og:locale\" content=\"es_ES\" \/>\n<meta property=\"og:type\" content=\"article\" \/>\n<meta property=\"og:title\" content=\"Colaboraci\u00f3n interdisciplinaria - Biomimicry Toolbox\" \/>\n<meta property=\"og:description\" content=\"[et_pb_section bb_built=\u00bb1&#8243; background_color=\u00bb#ebeed9&#8243; inner_shadow=\u00bbon\u00bb fullwidth=\u00bbon\u00bb _builder_version=\u00bb3.0.47&#8243; transparent_background=\u00bboff\u00bb][et_pb_fullwidth_header title=\u00bbColaboraci\u00f3n interdisciplinaria\u00bb subhead=\u00bbTrabajando eficazmente en diversos equipos.\u00bb _builder_version=\u00bb3.0.47&#8243;] &nbsp; [\/et_pb_fullwidth_header][\/et_pb_section][et_pb_section bb_built=\u00bb1&#8243; background_color=\u00bb#ffffff\u00bb module_class=\u00bbno-bottom-padding\u00bb _builder_version=\u00bb3.0.47&#8243; transparent_background=\u00bboff\u00bb][et_pb_row _builder_version=\u00bb3.0.47&#8243; background_size=\u00bbinitial\u00bb background_position=\u00bbtop_left\u00bb background_repeat=\u00bbrepeat\u00bb][et_pb_column type=\u00bb1_3&#8243;][et_pb_divider admin_label=\u00bbBlank Divider\u00bb height=\u00bb10&#8243; disabled_on=\u00bbon|on|off\u00bb _builder_version=\u00bb3.0.47&#8243;] &nbsp; [\/et_pb_divider][et_pb_text module_class=\u00bbcaption\u00bb _builder_version=\u00bb3.0.47&#8243; background_size=\u00bbinitial\u00bb background_position=\u00bbtop_left\u00bb background_repeat=\u00bbrepeat\u00bb] EN ESTA SECCI\u00d3N: [\/et_pb_text][et_pb_blurb title=\u00bb\u00bfPor qu\u00e9 colaborar?\u00bb url=\u00bb#why\u00bb use_icon=\u00bbon\u00bb font_icon=\u00bb\ue048\u00bb icon_color=\u00bb#ffdd00&#8243; icon_placement=\u00bbleft\u00bb _builder_version=\u00bb3.0.47&#8243; background_size=\u00bbinitial\u00bb background_position=\u00bbtop_left\u00bb background_repeat=\u00bbrepeat\u00bb [&hellip;]\" \/>\n<meta property=\"og:url\" content=\"https:\/\/toolbox.biomimicry.org\/es\/referencias\/colaboracion-interdisciplinaria\/\" \/>\n<meta property=\"og:site_name\" content=\"Biomimicry Toolbox\" \/>\n<meta property=\"article:modified_time\" content=\"2019-02-28T00:10:37+00:00\" \/>\n<meta name=\"twitter:label1\" content=\"Est. reading time\" \/>\n\t<meta name=\"twitter:data1\" content=\"6 minutos\" \/>\n<script type=\"application\/ld+json\" class=\"yoast-schema-graph\">{\"@context\":\"https:\\\/\\\/schema.org\",\"@graph\":[{\"@type\":\"WebPage\",\"@id\":\"https:\\\/\\\/toolbox.biomimicry.org\\\/es\\\/referencias\\\/colaboracion-interdisciplinaria\\\/\",\"url\":\"https:\\\/\\\/toolbox.biomimicry.org\\\/es\\\/referencias\\\/colaboracion-interdisciplinaria\\\/\",\"name\":\"Colaboraci\u00f3n interdisciplinaria - Biomimicry Toolbox\",\"isPartOf\":{\"@id\":\"https:\\\/\\\/toolbox.biomimicry.org\\\/#website\"},\"datePublished\":\"2018-11-29T21:44:27+00:00\",\"dateModified\":\"2019-02-28T00:10:37+00:00\",\"breadcrumb\":{\"@id\":\"https:\\\/\\\/toolbox.biomimicry.org\\\/es\\\/referencias\\\/colaboracion-interdisciplinaria\\\/#breadcrumb\"},\"inLanguage\":\"es\",\"potentialAction\":[{\"@type\":\"ReadAction\",\"target\":[\"https:\\\/\\\/toolbox.biomimicry.org\\\/es\\\/referencias\\\/colaboracion-interdisciplinaria\\\/\"]}]},{\"@type\":\"BreadcrumbList\",\"@id\":\"https:\\\/\\\/toolbox.biomimicry.org\\\/es\\\/referencias\\\/colaboracion-interdisciplinaria\\\/#breadcrumb\",\"itemListElement\":[{\"@type\":\"ListItem\",\"position\":1,\"name\":\"Portada\",\"item\":\"https:\\\/\\\/toolbox.biomimicry.org\\\/es\\\/\"},{\"@type\":\"ListItem\",\"position\":2,\"name\":\"Referencias\",\"item\":\"https:\\\/\\\/toolbox.biomimicry.org\\\/es\\\/referencias\\\/\"},{\"@type\":\"ListItem\",\"position\":3,\"name\":\"Colaboraci\u00f3n interdisciplinaria\"}]},{\"@type\":\"WebSite\",\"@id\":\"https:\\\/\\\/toolbox.biomimicry.org\\\/#website\",\"url\":\"https:\\\/\\\/toolbox.biomimicry.org\\\/\",\"name\":\"Biomimicry Toolbox\",\"description\":\"How to apply nature\u2019s lessons to design challenges\",\"potentialAction\":[{\"@type\":\"SearchAction\",\"target\":{\"@type\":\"EntryPoint\",\"urlTemplate\":\"https:\\\/\\\/toolbox.biomimicry.org\\\/?s={search_term_string}\"},\"query-input\":{\"@type\":\"PropertyValueSpecification\",\"valueRequired\":true,\"valueName\":\"search_term_string\"}}],\"inLanguage\":\"es\"}]}<\/script>\n<!-- \/ Yoast SEO plugin. -->","yoast_head_json":{"title":"Colaboraci\u00f3n interdisciplinaria - Biomimicry Toolbox","robots":{"index":"index","follow":"follow","max-snippet":"max-snippet:-1","max-image-preview":"max-image-preview:large","max-video-preview":"max-video-preview:-1"},"canonical":"https:\/\/toolbox.biomimicry.org\/es\/referencias\/colaboracion-interdisciplinaria\/","og_locale":"es_ES","og_type":"article","og_title":"Colaboraci\u00f3n interdisciplinaria - Biomimicry Toolbox","og_description":"[et_pb_section bb_built=\u00bb1&#8243; background_color=\u00bb#ebeed9&#8243; inner_shadow=\u00bbon\u00bb fullwidth=\u00bbon\u00bb _builder_version=\u00bb3.0.47&#8243; transparent_background=\u00bboff\u00bb][et_pb_fullwidth_header title=\u00bbColaboraci\u00f3n interdisciplinaria\u00bb subhead=\u00bbTrabajando eficazmente en diversos equipos.\u00bb _builder_version=\u00bb3.0.47&#8243;] &nbsp; [\/et_pb_fullwidth_header][\/et_pb_section][et_pb_section bb_built=\u00bb1&#8243; background_color=\u00bb#ffffff\u00bb module_class=\u00bbno-bottom-padding\u00bb _builder_version=\u00bb3.0.47&#8243; transparent_background=\u00bboff\u00bb][et_pb_row _builder_version=\u00bb3.0.47&#8243; background_size=\u00bbinitial\u00bb background_position=\u00bbtop_left\u00bb background_repeat=\u00bbrepeat\u00bb][et_pb_column type=\u00bb1_3&#8243;][et_pb_divider admin_label=\u00bbBlank Divider\u00bb height=\u00bb10&#8243; disabled_on=\u00bbon|on|off\u00bb _builder_version=\u00bb3.0.47&#8243;] &nbsp; [\/et_pb_divider][et_pb_text module_class=\u00bbcaption\u00bb _builder_version=\u00bb3.0.47&#8243; background_size=\u00bbinitial\u00bb background_position=\u00bbtop_left\u00bb background_repeat=\u00bbrepeat\u00bb] EN ESTA SECCI\u00d3N: [\/et_pb_text][et_pb_blurb title=\u00bb\u00bfPor qu\u00e9 colaborar?\u00bb url=\u00bb#why\u00bb use_icon=\u00bbon\u00bb font_icon=\u00bb\ue048\u00bb icon_color=\u00bb#ffdd00&#8243; icon_placement=\u00bbleft\u00bb _builder_version=\u00bb3.0.47&#8243; background_size=\u00bbinitial\u00bb background_position=\u00bbtop_left\u00bb background_repeat=\u00bbrepeat\u00bb [&hellip;]","og_url":"https:\/\/toolbox.biomimicry.org\/es\/referencias\/colaboracion-interdisciplinaria\/","og_site_name":"Biomimicry Toolbox","article_modified_time":"2019-02-28T00:10:37+00:00","twitter_misc":{"Est. reading time":"6 minutos"},"schema":{"@context":"https:\/\/schema.org","@graph":[{"@type":"WebPage","@id":"https:\/\/toolbox.biomimicry.org\/es\/referencias\/colaboracion-interdisciplinaria\/","url":"https:\/\/toolbox.biomimicry.org\/es\/referencias\/colaboracion-interdisciplinaria\/","name":"Colaboraci\u00f3n interdisciplinaria - Biomimicry Toolbox","isPartOf":{"@id":"https:\/\/toolbox.biomimicry.org\/#website"},"datePublished":"2018-11-29T21:44:27+00:00","dateModified":"2019-02-28T00:10:37+00:00","breadcrumb":{"@id":"https:\/\/toolbox.biomimicry.org\/es\/referencias\/colaboracion-interdisciplinaria\/#breadcrumb"},"inLanguage":"es","potentialAction":[{"@type":"ReadAction","target":["https:\/\/toolbox.biomimicry.org\/es\/referencias\/colaboracion-interdisciplinaria\/"]}]},{"@type":"BreadcrumbList","@id":"https:\/\/toolbox.biomimicry.org\/es\/referencias\/colaboracion-interdisciplinaria\/#breadcrumb","itemListElement":[{"@type":"ListItem","position":1,"name":"Portada","item":"https:\/\/toolbox.biomimicry.org\/es\/"},{"@type":"ListItem","position":2,"name":"Referencias","item":"https:\/\/toolbox.biomimicry.org\/es\/referencias\/"},{"@type":"ListItem","position":3,"name":"Colaboraci\u00f3n interdisciplinaria"}]},{"@type":"WebSite","@id":"https:\/\/toolbox.biomimicry.org\/#website","url":"https:\/\/toolbox.biomimicry.org\/","name":"Biomimicry Toolbox","description":"How to apply nature\u2019s lessons to design challenges","potentialAction":[{"@type":"SearchAction","target":{"@type":"EntryPoint","urlTemplate":"https:\/\/toolbox.biomimicry.org\/?s={search_term_string}"},"query-input":{"@type":"PropertyValueSpecification","valueRequired":true,"valueName":"search_term_string"}}],"inLanguage":"es"}]}},"_links":{"self":[{"href":"https:\/\/toolbox.biomimicry.org\/es\/wp-json\/wp\/v2\/pages\/8618","targetHints":{"allow":["GET"]}}],"collection":[{"href":"https:\/\/toolbox.biomimicry.org\/es\/wp-json\/wp\/v2\/pages"}],"about":[{"href":"https:\/\/toolbox.biomimicry.org\/es\/wp-json\/wp\/v2\/types\/page"}],"author":[{"embeddable":true,"href":"https:\/\/toolbox.biomimicry.org\/es\/wp-json\/wp\/v2\/users\/1"}],"replies":[{"embeddable":true,"href":"https:\/\/toolbox.biomimicry.org\/es\/wp-json\/wp\/v2\/comments?post=8618"}],"version-history":[{"count":0,"href":"https:\/\/toolbox.biomimicry.org\/es\/wp-json\/wp\/v2\/pages\/8618\/revisions"}],"up":[{"embeddable":true,"href":"https:\/\/toolbox.biomimicry.org\/es\/wp-json\/wp\/v2\/pages\/8619"}],"wp:attachment":[{"href":"https:\/\/toolbox.biomimicry.org\/es\/wp-json\/wp\/v2\/media?parent=8618"}],"curies":[{"name":"wp","href":"https:\/\/api.w.org\/{rel}","templated":true}]}}