{"id":8619,"date":"2018-11-29T21:53:33","date_gmt":"2018-11-29T21:53:33","guid":{"rendered":"http:\/\/toolbox.biomimicry.org\/referencias\/"},"modified":"2019-02-28T21:02:16","modified_gmt":"2019-02-28T21:02:16","slug":"referencias","status":"publish","type":"page","link":"https:\/\/toolbox.biomimicry.org\/es\/referencias\/","title":{"rendered":"Referencias"},"content":{"rendered":"<p>[et_pb_section bb_built=\u00bb1&#8243; fullwidth=\u00bbon\u00bb specialty=\u00bboff\u00bb transparent_background=\u00bboff\u00bb background_color=\u00bb#ffffff\u00bb inner_shadow=\u00bbon\u00bb parallax=\u00bbon\u00bb parallax_method=\u00bbon\u00bb module_class=\u00bbdark-grad-header\u00bb background_image=\u00bbhttp:\/\/toolbox.biomimicry.org\/wp-content\/uploads\/2015\/01\/aerial_wetlands_104627456-copy.jpg\u00bb][et_pb_fullwidth_header title=\u00bbReferencias\u00bb background_layout=\u00bbdark\u00bb text_orientation=\u00bbcenter\u00bb \/][\/et_pb_section][et_pb_section bb_built=\u00bb1&#8243;][et_pb_row][et_pb_column type=\u00bb1_2&#8243;][et_pb_cta title=\u00bbLista de lectura\u00bb button_url=\u00bbhttps:\/\/toolbox.biomimicry.org\/es\/referencias\/lista-de-lectura\/\u00bb button_text=\u00bb\u00a1Lea ahora!\u00bb use_background_color=\u00bboff\u00bb background_color=\u00bb#77bc1f\u00bb background_layout=\u00bblight\u00bb text_orientation=\u00bbleft\u00bb background_position=\u00bbtop_left\u00bb background_repeat=\u00bbrepeat\u00bb background_size=\u00bbinitial\u00bb _builder_version=\u00bb3.0.98&#8243; url_new_window=\u00bboff\u00bb custom_button=\u00bboff\u00bb button_icon_placement=\u00bbright\u00bb]<\/p>\n<p>Nuestras selecciones favoritas y lecturas recomendadas.<\/p>\n<p>[\/et_pb_cta][et_pb_cta admin_label=\u00bbCall To Action &#8211; glossary\u00bb title=\u00bbGlosario de t\u00e9rminos\u00bb button_url=\u00bbhttps:\/\/toolbox.biomimicry.org\/es\/referencias\/glosario-de-terminos\/\u00bb button_text=\u00bb\u00a1 Lea ahora!\u00bb use_background_color=\u00bboff\u00bb background_layout=\u00bblight\u00bb text_orientation=\u00bbleft\u00bb background_position=\u00bbtop_left\u00bb background_repeat=\u00bbrepeat\u00bb background_size=\u00bbinitial\u00bb _builder_version=\u00bb3.0.98&#8243; url_new_window=\u00bboff\u00bb custom_button=\u00bboff\u00bb button_icon_placement=\u00bbright\u00bb]<\/p>\n<p>Palabras y frases comunes utilizadas frecuentemente en biom\u00edmesis.<\/p>\n<p>[\/et_pb_cta][et_pb_cta title=\u00bbEstudios de caso\u00bb button_url=\u00bbhttps:\/\/toolbox.biomimicry.org\/es\/referencias\/estudios-de-caso\/\u00bb button_text=\u00bb\u00a1Lea ahora!\u00bb use_background_color=\u00bboff\u00bb background_color=\u00bb#77bc1f\u00bb background_layout=\u00bblight\u00bb text_orientation=\u00bbleft\u00bb background_position=\u00bbtop_left\u00bb background_repeat=\u00bbrepeat\u00bb background_size=\u00bbinitial\u00bb _builder_version=\u00bb3.0.98&#8243; url_new_window=\u00bboff\u00bb custom_button=\u00bboff\u00bb button_icon_placement=\u00bbright\u00bb]<\/p>\n<p>Perfiles en profundidad de productos biomim\u00e9ticos.<\/p>\n<p>[\/et_pb_cta][et_pb_cta title=\u00bbPlaneaci\u00f3n empresarial para la biom\u00edmesis\u00bb button_url=\u00bbhttps:\/\/toolbox.biomimicry.org\/es\/referencias\/planeacion-empresarial-para-la-biomimesis\/\u00bb use_background_color=\u00bboff\u00bb background_layout=\u00bblight\u00bb text_orientation=\u00bbleft\u00bb button_text=\u00bb\u00a1 Lea ahora!\u00bb background_position=\u00bbtop_left\u00bb background_repeat=\u00bbrepeat\u00bb background_size=\u00bbinitial\u00bb _builder_version=\u00bb3.0.98&#8243; url_new_window=\u00bboff\u00bb custom_button=\u00bboff\u00bb button_icon_placement=\u00bbright\u00bb]<\/p>\n<p>Identificar posibles v\u00edas al mercado para innovaciones biomim\u00e9ticos.<\/p>\n<p>[\/et_pb_cta][\/et_pb_column][et_pb_column type=\u00bb1_2&#8243;][et_pb_cta title=\u00bbInvestigaci\u00f3n en biolog\u00eda\u00bb button_url=\u00bbhttps:\/\/toolbox.biomimicry.org\/es\/referencias\/investigacion-en-biologia\/\u00bb button_text=\u00bb\u00a1Lea ahora!\u00bb use_background_color=\u00bboff\u00bb background_color=\u00bb#77bc19&#8243; background_layout=\u00bblight\u00bb text_orientation=\u00bbleft\u00bb background_position=\u00bbtop_left\u00bb background_repeat=\u00bbrepeat\u00bb background_size=\u00bbinitial\u00bb _builder_version=\u00bb3.0.98&#8243; url_new_window=\u00bboff\u00bb custom_button=\u00bboff\u00bb button_icon_placement=\u00bbright\u00bb]<\/p>\n<p>Bases de datos, publicaciones y sitios web para encontrar estrategias inspiradoras.<\/p>\n<p>[\/et_pb_cta][et_pb_cta title=\u00bbLeer un art\u00edculo cient\u00edfico\u00bb button_url=\u00bbhttps:\/\/toolbox.biomimicry.org\/es\/referencias\/leer-un-articulo-cientifico\/\u00bb button_text=\u00bb\u00a1Lea ahora!\u00bb use_background_color=\u00bboff\u00bb background_color=\u00bb#77bc19&#8243; background_layout=\u00bblight\u00bb text_orientation=\u00bbleft\u00bb background_position=\u00bbtop_left\u00bb background_repeat=\u00bbrepeat\u00bb background_size=\u00bbinitial\u00bb _builder_version=\u00bb3.0.98&#8243; url_new_window=\u00bboff\u00bb custom_button=\u00bboff\u00bb button_icon_placement=\u00bbright\u00bb]<\/p>\n<p>Consejos para sacar el m\u00e1ximo provecho de los art\u00edculos de revistas biol\u00f3gicas.<\/p>\n<p>[\/et_pb_cta][et_pb_cta title=\u00bbColaboraci\u00f3n interdisciplinaria\u00bb button_url=\u00bbhttps:\/\/toolbox.biomimicry.org\/es\/referencias\/colaboracion-interdisciplinaria\/\u00bb use_background_color=\u00bboff\u00bb background_layout=\u00bblight\u00bb text_orientation=\u00bbleft\u00bb button_text=\u00bb\u00a1 Lea ahora!\u00bb background_position=\u00bbtop_left\u00bb background_repeat=\u00bbrepeat\u00bb background_size=\u00bbinitial\u00bb _builder_version=\u00bb3.0.98&#8243; url_new_window=\u00bboff\u00bb custom_button=\u00bboff\u00bb button_icon_placement=\u00bbright\u00bb]<\/p>\n<p>Trabajando eficazmente en diversos equipos.<\/p>\n<p>[\/et_pb_cta][\/et_pb_column][\/et_pb_row][\/et_pb_section]<\/p>\n","protected":false},"excerpt":{"rendered":"<p>[et_pb_section bb_built=\u00bb1&#8243; fullwidth=\u00bbon\u00bb specialty=\u00bboff\u00bb transparent_background=\u00bboff\u00bb background_color=\u00bb#ffffff\u00bb inner_shadow=\u00bbon\u00bb parallax=\u00bbon\u00bb parallax_method=\u00bbon\u00bb module_class=\u00bbdark-grad-header\u00bb background_image=\u00bbhttp:\/\/toolbox.biomimicry.org\/wp-content\/uploads\/2015\/01\/aerial_wetlands_104627456-copy.jpg\u00bb][et_pb_fullwidth_header title=\u00bbReferencias\u00bb background_layout=\u00bbdark\u00bb text_orientation=\u00bbcenter\u00bb \/][\/et_pb_section][et_pb_section bb_built=\u00bb1&#8243;][et_pb_row][et_pb_column type=\u00bb1_2&#8243;][et_pb_cta title=\u00bbLista de lectura\u00bb button_url=\u00bbhttps:\/\/toolbox.biomimicry.org\/es\/referencias\/lista-de-lectura\/\u00bb button_text=\u00bb\u00a1Lea ahora!\u00bb use_background_color=\u00bboff\u00bb background_color=\u00bb#77bc1f\u00bb background_layout=\u00bblight\u00bb text_orientation=\u00bbleft\u00bb background_position=\u00bbtop_left\u00bb background_repeat=\u00bbrepeat\u00bb background_size=\u00bbinitial\u00bb _builder_version=\u00bb3.0.98&#8243; url_new_window=\u00bboff\u00bb custom_button=\u00bboff\u00bb button_icon_placement=\u00bbright\u00bb] Nuestras selecciones favoritas y lecturas recomendadas. [\/et_pb_cta][et_pb_cta admin_label=\u00bbCall To Action &#8211; glossary\u00bb title=\u00bbGlosario de t\u00e9rminos\u00bb button_url=\u00bbhttps:\/\/toolbox.biomimicry.org\/es\/referencias\/glosario-de-terminos\/\u00bb button_text=\u00bb\u00a1 Lea ahora!\u00bb use_background_color=\u00bboff\u00bb background_layout=\u00bblight\u00bb [&hellip;]<\/p>\n","protected":false},"author":1,"featured_media":0,"parent":0,"menu_order":0,"comment_status":"open","ping_status":"open","template":"","meta":{"_exactmetrics_skip_tracking":false,"_exactmetrics_sitenote_active":false,"_exactmetrics_sitenote_note":"","_exactmetrics_sitenote_category":0,"footnotes":""},"class_list":["post-8619","page","type-page","status-publish","hentry"],"yoast_head":"<!-- This site is optimized with the Yoast SEO plugin v27.4 - https:\/\/yoast.com\/product\/yoast-seo-wordpress\/ -->\n<title>Referencias - Biomimicry Toolbox<\/title>\n<meta name=\"robots\" content=\"index, follow, max-snippet:-1, max-image-preview:large, max-video-preview:-1\" \/>\n<link rel=\"canonical\" href=\"https:\/\/toolbox.biomimicry.org\/es\/referencias\/\" \/>\n<meta property=\"og:locale\" content=\"es_ES\" \/>\n<meta property=\"og:type\" content=\"article\" \/>\n<meta property=\"og:title\" content=\"Referencias - Biomimicry Toolbox\" \/>\n<meta property=\"og:description\" content=\"[et_pb_section bb_built=\u00bb1&#8243; fullwidth=\u00bbon\u00bb specialty=\u00bboff\u00bb transparent_background=\u00bboff\u00bb background_color=\u00bb#ffffff\u00bb inner_shadow=\u00bbon\u00bb parallax=\u00bbon\u00bb parallax_method=\u00bbon\u00bb module_class=\u00bbdark-grad-header\u00bb background_image=\u00bbhttp:\/\/toolbox.biomimicry.org\/wp-content\/uploads\/2015\/01\/aerial_wetlands_104627456-copy.jpg\u00bb][et_pb_fullwidth_header title=\u00bbReferencias\u00bb background_layout=\u00bbdark\u00bb text_orientation=\u00bbcenter\u00bb \/][\/et_pb_section][et_pb_section bb_built=\u00bb1&#8243;][et_pb_row][et_pb_column type=\u00bb1_2&#8243;][et_pb_cta title=\u00bbLista de lectura\u00bb button_url=\u00bbhttps:\/\/toolbox.biomimicry.org\/es\/referencias\/lista-de-lectura\/\u00bb button_text=\u00bb\u00a1Lea ahora!\u00bb use_background_color=\u00bboff\u00bb background_color=\u00bb#77bc1f\u00bb background_layout=\u00bblight\u00bb text_orientation=\u00bbleft\u00bb background_position=\u00bbtop_left\u00bb background_repeat=\u00bbrepeat\u00bb background_size=\u00bbinitial\u00bb _builder_version=\u00bb3.0.98&#8243; url_new_window=\u00bboff\u00bb custom_button=\u00bboff\u00bb button_icon_placement=\u00bbright\u00bb] Nuestras selecciones favoritas y lecturas recomendadas. [\/et_pb_cta][et_pb_cta admin_label=\u00bbCall To Action &#8211; glossary\u00bb title=\u00bbGlosario de t\u00e9rminos\u00bb button_url=\u00bbhttps:\/\/toolbox.biomimicry.org\/es\/referencias\/glosario-de-terminos\/\u00bb button_text=\u00bb\u00a1 Lea ahora!\u00bb use_background_color=\u00bboff\u00bb background_layout=\u00bblight\u00bb [&hellip;]\" \/>\n<meta property=\"og:url\" content=\"https:\/\/toolbox.biomimicry.org\/es\/referencias\/\" \/>\n<meta property=\"og:site_name\" content=\"Biomimicry Toolbox\" \/>\n<meta property=\"article:modified_time\" content=\"2019-02-28T21:02:16+00:00\" \/>\n<meta name=\"twitter:label1\" content=\"Est. reading time\" \/>\n\t<meta name=\"twitter:data1\" content=\"3 minutos\" \/>\n<script type=\"application\/ld+json\" class=\"yoast-schema-graph\">{\"@context\":\"https:\\\/\\\/schema.org\",\"@graph\":[{\"@type\":\"WebPage\",\"@id\":\"https:\\\/\\\/toolbox.biomimicry.org\\\/es\\\/referencias\\\/\",\"url\":\"https:\\\/\\\/toolbox.biomimicry.org\\\/es\\\/referencias\\\/\",\"name\":\"Referencias - Biomimicry Toolbox\",\"isPartOf\":{\"@id\":\"https:\\\/\\\/toolbox.biomimicry.org\\\/#website\"},\"datePublished\":\"2018-11-29T21:53:33+00:00\",\"dateModified\":\"2019-02-28T21:02:16+00:00\",\"breadcrumb\":{\"@id\":\"https:\\\/\\\/toolbox.biomimicry.org\\\/es\\\/referencias\\\/#breadcrumb\"},\"inLanguage\":\"es\",\"potentialAction\":[{\"@type\":\"ReadAction\",\"target\":[\"https:\\\/\\\/toolbox.biomimicry.org\\\/es\\\/referencias\\\/\"]}]},{\"@type\":\"BreadcrumbList\",\"@id\":\"https:\\\/\\\/toolbox.biomimicry.org\\\/es\\\/referencias\\\/#breadcrumb\",\"itemListElement\":[{\"@type\":\"ListItem\",\"position\":1,\"name\":\"Portada\",\"item\":\"https:\\\/\\\/toolbox.biomimicry.org\\\/es\\\/\"},{\"@type\":\"ListItem\",\"position\":2,\"name\":\"Referencias\"}]},{\"@type\":\"WebSite\",\"@id\":\"https:\\\/\\\/toolbox.biomimicry.org\\\/#website\",\"url\":\"https:\\\/\\\/toolbox.biomimicry.org\\\/\",\"name\":\"Biomimicry Toolbox\",\"description\":\"How to apply nature\u2019s lessons to design challenges\",\"potentialAction\":[{\"@type\":\"SearchAction\",\"target\":{\"@type\":\"EntryPoint\",\"urlTemplate\":\"https:\\\/\\\/toolbox.biomimicry.org\\\/?s={search_term_string}\"},\"query-input\":{\"@type\":\"PropertyValueSpecification\",\"valueRequired\":true,\"valueName\":\"search_term_string\"}}],\"inLanguage\":\"es\"}]}<\/script>\n<!-- \/ Yoast SEO plugin. -->","yoast_head_json":{"title":"Referencias - Biomimicry Toolbox","robots":{"index":"index","follow":"follow","max-snippet":"max-snippet:-1","max-image-preview":"max-image-preview:large","max-video-preview":"max-video-preview:-1"},"canonical":"https:\/\/toolbox.biomimicry.org\/es\/referencias\/","og_locale":"es_ES","og_type":"article","og_title":"Referencias - Biomimicry Toolbox","og_description":"[et_pb_section bb_built=\u00bb1&#8243; fullwidth=\u00bbon\u00bb specialty=\u00bboff\u00bb transparent_background=\u00bboff\u00bb background_color=\u00bb#ffffff\u00bb inner_shadow=\u00bbon\u00bb parallax=\u00bbon\u00bb parallax_method=\u00bbon\u00bb module_class=\u00bbdark-grad-header\u00bb background_image=\u00bbhttp:\/\/toolbox.biomimicry.org\/wp-content\/uploads\/2015\/01\/aerial_wetlands_104627456-copy.jpg\u00bb][et_pb_fullwidth_header title=\u00bbReferencias\u00bb background_layout=\u00bbdark\u00bb text_orientation=\u00bbcenter\u00bb \/][\/et_pb_section][et_pb_section bb_built=\u00bb1&#8243;][et_pb_row][et_pb_column type=\u00bb1_2&#8243;][et_pb_cta title=\u00bbLista de lectura\u00bb button_url=\u00bbhttps:\/\/toolbox.biomimicry.org\/es\/referencias\/lista-de-lectura\/\u00bb button_text=\u00bb\u00a1Lea ahora!\u00bb use_background_color=\u00bboff\u00bb background_color=\u00bb#77bc1f\u00bb background_layout=\u00bblight\u00bb text_orientation=\u00bbleft\u00bb background_position=\u00bbtop_left\u00bb background_repeat=\u00bbrepeat\u00bb background_size=\u00bbinitial\u00bb _builder_version=\u00bb3.0.98&#8243; url_new_window=\u00bboff\u00bb custom_button=\u00bboff\u00bb button_icon_placement=\u00bbright\u00bb] Nuestras selecciones favoritas y lecturas recomendadas. [\/et_pb_cta][et_pb_cta admin_label=\u00bbCall To Action &#8211; glossary\u00bb title=\u00bbGlosario de t\u00e9rminos\u00bb button_url=\u00bbhttps:\/\/toolbox.biomimicry.org\/es\/referencias\/glosario-de-terminos\/\u00bb button_text=\u00bb\u00a1 Lea ahora!\u00bb use_background_color=\u00bboff\u00bb background_layout=\u00bblight\u00bb [&hellip;]","og_url":"https:\/\/toolbox.biomimicry.org\/es\/referencias\/","og_site_name":"Biomimicry Toolbox","article_modified_time":"2019-02-28T21:02:16+00:00","twitter_misc":{"Est. reading time":"3 minutos"},"schema":{"@context":"https:\/\/schema.org","@graph":[{"@type":"WebPage","@id":"https:\/\/toolbox.biomimicry.org\/es\/referencias\/","url":"https:\/\/toolbox.biomimicry.org\/es\/referencias\/","name":"Referencias - Biomimicry Toolbox","isPartOf":{"@id":"https:\/\/toolbox.biomimicry.org\/#website"},"datePublished":"2018-11-29T21:53:33+00:00","dateModified":"2019-02-28T21:02:16+00:00","breadcrumb":{"@id":"https:\/\/toolbox.biomimicry.org\/es\/referencias\/#breadcrumb"},"inLanguage":"es","potentialAction":[{"@type":"ReadAction","target":["https:\/\/toolbox.biomimicry.org\/es\/referencias\/"]}]},{"@type":"BreadcrumbList","@id":"https:\/\/toolbox.biomimicry.org\/es\/referencias\/#breadcrumb","itemListElement":[{"@type":"ListItem","position":1,"name":"Portada","item":"https:\/\/toolbox.biomimicry.org\/es\/"},{"@type":"ListItem","position":2,"name":"Referencias"}]},{"@type":"WebSite","@id":"https:\/\/toolbox.biomimicry.org\/#website","url":"https:\/\/toolbox.biomimicry.org\/","name":"Biomimicry Toolbox","description":"How to apply nature\u2019s lessons to design challenges","potentialAction":[{"@type":"SearchAction","target":{"@type":"EntryPoint","urlTemplate":"https:\/\/toolbox.biomimicry.org\/?s={search_term_string}"},"query-input":{"@type":"PropertyValueSpecification","valueRequired":true,"valueName":"search_term_string"}}],"inLanguage":"es"}]}},"_links":{"self":[{"href":"https:\/\/toolbox.biomimicry.org\/es\/wp-json\/wp\/v2\/pages\/8619","targetHints":{"allow":["GET"]}}],"collection":[{"href":"https:\/\/toolbox.biomimicry.org\/es\/wp-json\/wp\/v2\/pages"}],"about":[{"href":"https:\/\/toolbox.biomimicry.org\/es\/wp-json\/wp\/v2\/types\/page"}],"author":[{"embeddable":true,"href":"https:\/\/toolbox.biomimicry.org\/es\/wp-json\/wp\/v2\/users\/1"}],"replies":[{"embeddable":true,"href":"https:\/\/toolbox.biomimicry.org\/es\/wp-json\/wp\/v2\/comments?post=8619"}],"version-history":[{"count":0,"href":"https:\/\/toolbox.biomimicry.org\/es\/wp-json\/wp\/v2\/pages\/8619\/revisions"}],"wp:attachment":[{"href":"https:\/\/toolbox.biomimicry.org\/es\/wp-json\/wp\/v2\/media?parent=8619"}],"curies":[{"name":"wp","href":"https:\/\/api.w.org\/{rel}","templated":true}]}}