{"id":8641,"date":"2019-02-07T21:20:11","date_gmt":"2019-02-07T21:20:11","guid":{"rendered":"http:\/\/toolbox.biomimicry.org\/introduccion\/videos-introductorios\/"},"modified":"2021-11-16T17:42:38","modified_gmt":"2021-11-16T17:42:38","slug":"videos-introductorios","status":"publish","type":"page","link":"https:\/\/toolbox.biomimicry.org\/es\/introduccion\/videos-introductorios\/","title":{"rendered":"Videos introductorios"},"content":{"rendered":"<p>[et_pb_section bb_built=\u00bb1&#8243; admin_label=\u00bbsection\u00bb _builder_version=\u00bb3.0.47&#8243; transparent_background=\u00bboff\u00bb][et_pb_row admin_label=\u00bbrow\u00bb _builder_version=\u00bb3.0.47&#8243; background_size=\u00bbinitial\u00bb background_position=\u00bbtop_left\u00bb background_repeat=\u00bbrepeat\u00bb][et_pb_column type=\u00bb4_4&#8243;][et_pb_text _builder_version=\u00bb3.0.47&#8243; background_size=\u00bbinitial\u00bb background_position=\u00bbtop_left\u00bb background_repeat=\u00bbrepeat\u00bb]<\/p>\n<h2><em>Biom\u00edmesis<\/em><\/h2>\n<p>Tal vez no hay mejor portavoz de la biom\u00edmesis que Janine Benyus, cofundador del Instituto de biom\u00edmesis, bi\u00f3logo y autor de la <em>Biom\u00edmesis : Innovaci\u00f3n Inspirada en la Naturaleza<\/em>, el libro que trajo la biom\u00edmesis al ojo p\u00fablico. Esta pel\u00edcula de 20 minutos presenta a Janine introduciendo la biom\u00edmesis y explicando c\u00f3mo la naturaleza m\u00edmica puede resolver algunos de nuestros problemas m\u00e1s apremiantes.<\/p>\n<p>[\/et_pb_text][et_pb_video src=\u00bbhttps:\/\/www.youtube.com\/watch?v=sf4oW8OtaPY\u00bb image_src=\u00bbhttps:\/\/i.ytimg.com\/vi\/sf4oW8OtaPY\/hqdefault.jpg\u00bb _builder_version=\u00bb3.0.47&#8243; \/][et_pb_text _builder_version=\u00bb3.0.47&#8243; background_size=\u00bbinitial\u00bb background_position=\u00bbtop_left\u00bb background_repeat=\u00bbrepeat\u00bb]<\/p>\n<hr \/>\n<h5><em>Biomimicry<\/em> se estren\u00f3 en Octubre de 2015 y fue posible gracias a Leonardo DiCaprio, productor ejecutivo Oliver Stanton, dirigido por Leila Conners, producida por Mathew Schmid y bryony Schwan, creada por Tree media con los productores ejecutivos Roee Sharon Peled y George DiCaprio. Para m\u00e1s informaci\u00f3n sobre la pel\u00edcula visite: <a href=\"www.treemedia.com\" target=\"_blank\" rel=\"noopener\">www.treemedia.com<\/a><\/h5>\n<p>[\/et_pb_text][\/et_pb_column][\/et_pb_row][\/et_pb_section][et_pb_section bb_built=\u00bb1&#8243; admin_label=\u00bbsection\u00bb background_color=\u00bb#f1f1f1&#8243; _builder_version=\u00bb3.0.47&#8243; transparent_background=\u00bboff\u00bb][et_pb_row admin_label=\u00bbrow\u00bb _builder_version=\u00bb3.0.47&#8243; background_size=\u00bbinitial\u00bb background_position=\u00bbtop_left\u00bb background_repeat=\u00bbrepeat\u00bb][et_pb_column type=\u00bb4_4&#8243;][et_pb_text _builder_version=\u00bb3.0.47&#8243; background_size=\u00bbinitial\u00bb background_position=\u00bbtop_left\u00bb background_repeat=\u00bbrepeat\u00bb]<\/p>\n<h2>Otros videos introductorios<\/h2>\n<p>[\/et_pb_text][\/et_pb_column][\/et_pb_row][et_pb_row admin_label=\u00bbrow\u00bb _builder_version=\u00bb3.0.47&#8243; background_size=\u00bbinitial\u00bb background_position=\u00bbtop_left\u00bb background_repeat=\u00bbrepeat\u00bb][et_pb_column type=\u00bb1_2&#8243;][et_pb_text _builder_version=\u00bb3.0.47&#8243; background_size=\u00bbinitial\u00bb background_position=\u00bbtop_left\u00bb background_repeat=\u00bbrepeat\u00bb]<\/p>\n<h3>TED (2010): Michael Pawlyn<br \/>\nUsando la genialidad de la naturaleza en arquitectura<\/h3>\n<p>[\/et_pb_text][et_pb_video admin_label=\u00bbVideo &#8211; pawlyn\u00bb src=\u00bbhttps:\/\/www.youtube.com\/watch?v=3QZp6smeSQA\u00bb image_src=\u00bbhttps:\/\/toolbox.biomimicry.org\/wp-content\/uploads\/2015\/11\/Screen-Shot-2015-11-24-at-5.57.02-PM.png\u00bb _builder_version=\u00bb3.0.47&#8243; \/][\/et_pb_column][et_pb_column type=\u00bb1_2&#8243;][et_pb_text _builder_version=\u00bb3.0.47&#8243; background_size=\u00bbinitial\u00bb background_position=\u00bbtop_left\u00bb background_repeat=\u00bbrepeat\u00bb]<\/p>\n<h3>TED (2009): Janine Benyus<br \/>\nBiom\u00edmesis en acci\u00f3n<\/h3>\n<p>[\/et_pb_text][et_pb_video admin_label=\u00bbVideo &#8211; benyus 2009&#8243; src=\u00bbhttps:\/\/www.youtube.com\/watch?v=k_GFq12w5WU\u00bb image_src=\u00bbhttps:\/\/toolbox.biomimicry.org\/wp-content\/uploads\/2015\/11\/Screen-Shot-2015-11-24-at-5.50.53-PM-e1448405706761.png\u00bb _builder_version=\u00bb3.0.47&#8243; \/][\/et_pb_column][\/et_pb_row][\/et_pb_section][et_pb_section bb_built=\u00bb1&#8243; background_color=\u00bb#002539&#8243; _builder_version=\u00bb3.0.47&#8243; transparent_background=\u00bboff\u00bb][et_pb_row _builder_version=\u00bb3.0.47&#8243; background_size=\u00bbinitial\u00bb background_position=\u00bbtop_left\u00bb background_repeat=\u00bbrepeat\u00bb][et_pb_column type=\u00bb1_3&#8243;][et_pb_image src=\u00bbhttps:\/\/toolbox.biomimicry.org\/wp-content\/uploads\/2021\/11\/AskNature-Logo-Screen-Lockup02-Carbon.png\u00bb url=\u00bbhttp:\/\/www.asknature.org\u00bb url_new_window=\u00bbon\u00bb align=\u00bbcenter\u00bb _builder_version=\u00bb3.0.98&#8243; animation_style=\u00bbslide\u00bb animation_direction=\u00bbtop\u00bb animation_duration=\u00bb500ms\u00bb animation_intensity_slide=\u00bb10%\u00bb use_border_color=\u00bboff\u00bb show_bottom_space=\u00bbon\u00bb show_in_lightbox=\u00bboff\u00bb use_overlay=\u00bboff\u00bb always_center_on_mobile=\u00bbon\u00bb force_fullwidth=\u00bboff\u00bb \/][\/et_pb_column][et_pb_column type=\u00bb2_3&#8243;][et_pb_text background_layout=\u00bbdark\u00bb _builder_version=\u00bb3.0.98&#8243; background_size=\u00bbinitial\u00bb background_position=\u00bbtop_left\u00bb background_repeat=\u00bbrepeat\u00bb use_border_color=\u00bboff\u00bb border_color=\u00bb#ffffff\u00bb border_style=\u00bbsolid\u00bb]<\/p>\n<h3>Para obtener a\u00fan m\u00e1s v\u00eddeos y otros recursos que introducen la biom\u00edmesis, buscar en la biblioteca de recursos en <a href=\"https:\/\/asknature.org\/?s=&amp;page=0&amp;hFR%5Bpost_type_label%5D%5B0%5D=Resources&amp;is_v=1\" target=\"_blank\" rel=\"noopener noreferrer\">AskNature<\/a>.<\/h3>\n<p>[\/et_pb_text][\/et_pb_column][\/et_pb_row][\/et_pb_section]<\/p>\n","protected":false},"excerpt":{"rendered":"<p>[et_pb_section bb_built=\u00bb1&#8243; admin_label=\u00bbsection\u00bb _builder_version=\u00bb3.0.47&#8243; transparent_background=\u00bboff\u00bb][et_pb_row admin_label=\u00bbrow\u00bb _builder_version=\u00bb3.0.47&#8243; background_size=\u00bbinitial\u00bb background_position=\u00bbtop_left\u00bb background_repeat=\u00bbrepeat\u00bb][et_pb_column type=\u00bb4_4&#8243;][et_pb_text _builder_version=\u00bb3.0.47&#8243; background_size=\u00bbinitial\u00bb background_position=\u00bbtop_left\u00bb background_repeat=\u00bbrepeat\u00bb] Biom\u00edmesis Tal vez no hay mejor portavoz de la biom\u00edmesis que Janine Benyus, cofundador del Instituto de biom\u00edmesis, bi\u00f3logo y autor de la Biom\u00edmesis : Innovaci\u00f3n Inspirada en la Naturaleza, el libro que trajo la biom\u00edmesis al ojo p\u00fablico. Esta [&hellip;]<\/p>\n","protected":false},"author":2,"featured_media":0,"parent":8632,"menu_order":0,"comment_status":"closed","ping_status":"closed","template":"","meta":{"_exactmetrics_skip_tracking":false,"_exactmetrics_sitenote_active":false,"_exactmetrics_sitenote_note":"","_exactmetrics_sitenote_category":0,"footnotes":""},"class_list":["post-8641","page","type-page","status-publish","hentry"],"yoast_head":"<!-- This site is optimized with the Yoast SEO plugin v27.4 - https:\/\/yoast.com\/product\/yoast-seo-wordpress\/ -->\n<title>Videos introductorios - Biomimicry Toolbox<\/title>\n<meta name=\"robots\" content=\"index, follow, max-snippet:-1, max-image-preview:large, max-video-preview:-1\" \/>\n<link rel=\"canonical\" href=\"https:\/\/toolbox.biomimicry.org\/es\/introduccion\/videos-introductorios\/\" \/>\n<meta property=\"og:locale\" content=\"es_ES\" \/>\n<meta property=\"og:type\" content=\"article\" \/>\n<meta property=\"og:title\" content=\"Videos introductorios - Biomimicry Toolbox\" \/>\n<meta property=\"og:description\" content=\"[et_pb_section bb_built=\u00bb1&#8243; admin_label=\u00bbsection\u00bb _builder_version=\u00bb3.0.47&#8243; transparent_background=\u00bboff\u00bb][et_pb_row admin_label=\u00bbrow\u00bb _builder_version=\u00bb3.0.47&#8243; background_size=\u00bbinitial\u00bb background_position=\u00bbtop_left\u00bb background_repeat=\u00bbrepeat\u00bb][et_pb_column type=\u00bb4_4&#8243;][et_pb_text _builder_version=\u00bb3.0.47&#8243; background_size=\u00bbinitial\u00bb background_position=\u00bbtop_left\u00bb background_repeat=\u00bbrepeat\u00bb] Biom\u00edmesis Tal vez no hay mejor portavoz de la biom\u00edmesis que Janine Benyus, cofundador del Instituto de biom\u00edmesis, bi\u00f3logo y autor de la Biom\u00edmesis : Innovaci\u00f3n Inspirada en la Naturaleza, el libro que trajo la biom\u00edmesis al ojo p\u00fablico. Esta [&hellip;]\" \/>\n<meta property=\"og:url\" content=\"https:\/\/toolbox.biomimicry.org\/es\/introduccion\/videos-introductorios\/\" \/>\n<meta property=\"og:site_name\" content=\"Biomimicry Toolbox\" \/>\n<meta property=\"article:modified_time\" content=\"2021-11-16T17:42:38+00:00\" \/>\n<meta name=\"twitter:label1\" content=\"Est. reading time\" \/>\n\t<meta name=\"twitter:data1\" content=\"3 minutos\" \/>\n<script type=\"application\/ld+json\" class=\"yoast-schema-graph\">{\"@context\":\"https:\\\/\\\/schema.org\",\"@graph\":[{\"@type\":\"WebPage\",\"@id\":\"https:\\\/\\\/toolbox.biomimicry.org\\\/es\\\/introduccion\\\/videos-introductorios\\\/\",\"url\":\"https:\\\/\\\/toolbox.biomimicry.org\\\/es\\\/introduccion\\\/videos-introductorios\\\/\",\"name\":\"Videos introductorios - Biomimicry Toolbox\",\"isPartOf\":{\"@id\":\"https:\\\/\\\/toolbox.biomimicry.org\\\/#website\"},\"datePublished\":\"2019-02-07T21:20:11+00:00\",\"dateModified\":\"2021-11-16T17:42:38+00:00\",\"breadcrumb\":{\"@id\":\"https:\\\/\\\/toolbox.biomimicry.org\\\/es\\\/introduccion\\\/videos-introductorios\\\/#breadcrumb\"},\"inLanguage\":\"es\",\"potentialAction\":[{\"@type\":\"ReadAction\",\"target\":[\"https:\\\/\\\/toolbox.biomimicry.org\\\/es\\\/introduccion\\\/videos-introductorios\\\/\"]}]},{\"@type\":\"BreadcrumbList\",\"@id\":\"https:\\\/\\\/toolbox.biomimicry.org\\\/es\\\/introduccion\\\/videos-introductorios\\\/#breadcrumb\",\"itemListElement\":[{\"@type\":\"ListItem\",\"position\":1,\"name\":\"Portada\",\"item\":\"https:\\\/\\\/toolbox.biomimicry.org\\\/es\\\/\"},{\"@type\":\"ListItem\",\"position\":2,\"name\":\"Introducci\u00f3n\",\"item\":\"https:\\\/\\\/toolbox.biomimicry.org\\\/es\\\/introduccion\\\/\"},{\"@type\":\"ListItem\",\"position\":3,\"name\":\"Videos introductorios\"}]},{\"@type\":\"WebSite\",\"@id\":\"https:\\\/\\\/toolbox.biomimicry.org\\\/#website\",\"url\":\"https:\\\/\\\/toolbox.biomimicry.org\\\/\",\"name\":\"Biomimicry Toolbox\",\"description\":\"How to apply nature\u2019s lessons to design challenges\",\"potentialAction\":[{\"@type\":\"SearchAction\",\"target\":{\"@type\":\"EntryPoint\",\"urlTemplate\":\"https:\\\/\\\/toolbox.biomimicry.org\\\/?s={search_term_string}\"},\"query-input\":{\"@type\":\"PropertyValueSpecification\",\"valueRequired\":true,\"valueName\":\"search_term_string\"}}],\"inLanguage\":\"es\"}]}<\/script>\n<!-- \/ Yoast SEO plugin. -->","yoast_head_json":{"title":"Videos introductorios - Biomimicry Toolbox","robots":{"index":"index","follow":"follow","max-snippet":"max-snippet:-1","max-image-preview":"max-image-preview:large","max-video-preview":"max-video-preview:-1"},"canonical":"https:\/\/toolbox.biomimicry.org\/es\/introduccion\/videos-introductorios\/","og_locale":"es_ES","og_type":"article","og_title":"Videos introductorios - Biomimicry Toolbox","og_description":"[et_pb_section bb_built=\u00bb1&#8243; admin_label=\u00bbsection\u00bb _builder_version=\u00bb3.0.47&#8243; transparent_background=\u00bboff\u00bb][et_pb_row admin_label=\u00bbrow\u00bb _builder_version=\u00bb3.0.47&#8243; background_size=\u00bbinitial\u00bb background_position=\u00bbtop_left\u00bb background_repeat=\u00bbrepeat\u00bb][et_pb_column type=\u00bb4_4&#8243;][et_pb_text _builder_version=\u00bb3.0.47&#8243; background_size=\u00bbinitial\u00bb background_position=\u00bbtop_left\u00bb background_repeat=\u00bbrepeat\u00bb] Biom\u00edmesis Tal vez no hay mejor portavoz de la biom\u00edmesis que Janine Benyus, cofundador del Instituto de biom\u00edmesis, bi\u00f3logo y autor de la Biom\u00edmesis : Innovaci\u00f3n Inspirada en la Naturaleza, el libro que trajo la biom\u00edmesis al ojo p\u00fablico. Esta [&hellip;]","og_url":"https:\/\/toolbox.biomimicry.org\/es\/introduccion\/videos-introductorios\/","og_site_name":"Biomimicry Toolbox","article_modified_time":"2021-11-16T17:42:38+00:00","twitter_misc":{"Est. reading time":"3 minutos"},"schema":{"@context":"https:\/\/schema.org","@graph":[{"@type":"WebPage","@id":"https:\/\/toolbox.biomimicry.org\/es\/introduccion\/videos-introductorios\/","url":"https:\/\/toolbox.biomimicry.org\/es\/introduccion\/videos-introductorios\/","name":"Videos introductorios - Biomimicry Toolbox","isPartOf":{"@id":"https:\/\/toolbox.biomimicry.org\/#website"},"datePublished":"2019-02-07T21:20:11+00:00","dateModified":"2021-11-16T17:42:38+00:00","breadcrumb":{"@id":"https:\/\/toolbox.biomimicry.org\/es\/introduccion\/videos-introductorios\/#breadcrumb"},"inLanguage":"es","potentialAction":[{"@type":"ReadAction","target":["https:\/\/toolbox.biomimicry.org\/es\/introduccion\/videos-introductorios\/"]}]},{"@type":"BreadcrumbList","@id":"https:\/\/toolbox.biomimicry.org\/es\/introduccion\/videos-introductorios\/#breadcrumb","itemListElement":[{"@type":"ListItem","position":1,"name":"Portada","item":"https:\/\/toolbox.biomimicry.org\/es\/"},{"@type":"ListItem","position":2,"name":"Introducci\u00f3n","item":"https:\/\/toolbox.biomimicry.org\/es\/introduccion\/"},{"@type":"ListItem","position":3,"name":"Videos introductorios"}]},{"@type":"WebSite","@id":"https:\/\/toolbox.biomimicry.org\/#website","url":"https:\/\/toolbox.biomimicry.org\/","name":"Biomimicry Toolbox","description":"How to apply nature\u2019s lessons to design challenges","potentialAction":[{"@type":"SearchAction","target":{"@type":"EntryPoint","urlTemplate":"https:\/\/toolbox.biomimicry.org\/?s={search_term_string}"},"query-input":{"@type":"PropertyValueSpecification","valueRequired":true,"valueName":"search_term_string"}}],"inLanguage":"es"}]}},"_links":{"self":[{"href":"https:\/\/toolbox.biomimicry.org\/es\/wp-json\/wp\/v2\/pages\/8641","targetHints":{"allow":["GET"]}}],"collection":[{"href":"https:\/\/toolbox.biomimicry.org\/es\/wp-json\/wp\/v2\/pages"}],"about":[{"href":"https:\/\/toolbox.biomimicry.org\/es\/wp-json\/wp\/v2\/types\/page"}],"author":[{"embeddable":true,"href":"https:\/\/toolbox.biomimicry.org\/es\/wp-json\/wp\/v2\/users\/2"}],"replies":[{"embeddable":true,"href":"https:\/\/toolbox.biomimicry.org\/es\/wp-json\/wp\/v2\/comments?post=8641"}],"version-history":[{"count":0,"href":"https:\/\/toolbox.biomimicry.org\/es\/wp-json\/wp\/v2\/pages\/8641\/revisions"}],"up":[{"embeddable":true,"href":"https:\/\/toolbox.biomimicry.org\/es\/wp-json\/wp\/v2\/pages\/8632"}],"wp:attachment":[{"href":"https:\/\/toolbox.biomimicry.org\/es\/wp-json\/wp\/v2\/media?parent=8641"}],"curies":[{"name":"wp","href":"https:\/\/api.w.org\/{rel}","templated":true}]}}