{"id":8644,"date":"2019-02-07T23:15:58","date_gmt":"2019-02-07T23:15:58","guid":{"rendered":"http:\/\/toolbox.biomimicry.org\/referencias\/leer-un-articulo-cientifico\/"},"modified":"2019-02-27T23:57:42","modified_gmt":"2019-02-27T23:57:42","slug":"leer-un-articulo-cientifico","status":"publish","type":"page","link":"https:\/\/toolbox.biomimicry.org\/es\/referencias\/leer-un-articulo-cientifico\/","title":{"rendered":"Leer un art\u00edculo cient\u00edfico"},"content":{"rendered":"<p>[et_pb_section bb_built=\u00bb1&#8243; background_color=\u00bb#ebeed9&#8243; inner_shadow=\u00bbon\u00bb fullwidth=\u00bbon\u00bb _builder_version=\u00bb3.0.47&#8243; transparent_background=\u00bboff\u00bb][et_pb_fullwidth_header title=\u00bbLeer un art\u00edculo cient\u00edfico\u00bb subhead=\u00bbConsejos para aprovechar al m\u00e1ximo los art\u00edculos de publicaciones sobre biolog\u00eda.\u00bb _builder_version=\u00bb3.0.47&#8243; \/][\/et_pb_section][et_pb_section bb_built=\u00bb1&#8243; _builder_version=\u00bb3.0.47&#8243;][et_pb_row _builder_version=\u00bb3.0.98&#8243;][et_pb_column type=\u00bb1_3&#8243;][\/et_pb_column][et_pb_column type=\u00bb2_3&#8243;][et_pb_text admin_label=\u00bbIntro text\u00bb _builder_version=\u00bb3.0.98&#8243; background_size=\u00bbinitial\u00bb background_position=\u00bbtop_left\u00bb background_repeat=\u00bbrepeat\u00bb]<\/p>\n<p>Los art\u00edculos de publicaciones sobre biolog\u00eda pueden parecer abrumadores para los que no son bi\u00f3logos. Pero hay una manera de revisarlos para extraer los secretos que quieres aprender sobre estrategias biol\u00f3gicas. Aqu\u00ed te damos algunos consejos para aprovechar al m\u00e1ximo estos art\u00edculos cient\u00edficos.<\/p>\n<p>[\/et_pb_text][\/et_pb_column][\/et_pb_row][et_pb_row _builder_version=\u00bb3.0.47&#8243; background_size=\u00bbinitial\u00bb background_position=\u00bbtop_left\u00bb background_repeat=\u00bbrepeat\u00bb][et_pb_column type=\u00bb1_3&#8243;][et_pb_image src=\u00bbhttps:\/\/toolbox.biomimicry.org\/wp-content\/uploads\/2018\/03\/NCSU_Scientific_Literature_Anatomy.png\u00bb url=\u00bbhttp:\/\/www.lib.ncsu.edu\/tutorials\/scholarly-articles\/\u00bb url_new_window=\u00bbon\u00bb _builder_version=\u00bb3.0.98&#8243; \/][et_pb_divider height=\u00bb15px\u00bb _builder_version=\u00bb3.0.98&#8243; \/][et_pb_text module_class=\u00bbcaption\u00bb _builder_version=\u00bb3.0.98&#8243;]<\/p>\n<p>Haz clic en la imagen para explorar un ejemplo interactivo de un art\u00edculo acad\u00e9mico de la biblioteca de la Universidad Estatal de Carolina del Norte.<\/p>\n<p>[\/et_pb_text][\/et_pb_column][et_pb_column type=\u00bb2_3&#8243;][et_pb_text admin_label=\u00bbbody text\u00bb _builder_version=\u00bb3.0.98&#8243; background_size=\u00bbinitial\u00bb background_position=\u00bbtop_left\u00bb background_repeat=\u00bbrepeat\u00bb]<\/p>\n<p>En primer lugar, no es necesario leer directamente el art\u00edculo. De hecho, si lo haces, estar\u00e1s tentado a renunciar. La mayor\u00eda de los art\u00edculos de investigaci\u00f3n comienzan con un extracto \u2014 un resumen conciso del art\u00edculo \u2014 seguido de palabras clave y las secciones de introducci\u00f3n, materiales y m\u00e9todos, resultados, discusi\u00f3n, y referencias u obras citadas. A menudo, al final del art\u00edculo hay una conclusi\u00f3n o resumen. Aunque no tenga un t\u00edtulo que la identifique, con frecuencia esta conclusi\u00f3n o resumen se encuentra al final de la discusi\u00f3n.<\/p>\n<p><strong>Cuando veas un art\u00edculo por primera vez, hoj\u00e9alo para buscar informaci\u00f3n relevante, en este orden:<\/strong><\/p>\n<ul>\n<li><strong>Extracto<\/strong>: Comienza con el extracto, que te puede ayudar a saber si el art\u00edculo te ser\u00e1 \u00fatil. Algunos extractos s\u00f3lo te dicen qu\u00e9 es lo que cubrir\u00e1 el art\u00edculo, pero muchos incluyen gran parte de la informaci\u00f3n clave que necesitar\u00e1s. Si tienes dificultades entendiendo el extracto, busca en Google frases clave para entender mejor la esencia del material.<\/li>\n<li><strong>Palabras clave<\/strong>: Repasa las palabras clave. Estos son representativas del tema del art\u00edculo y pueden r\u00e1pidamente darte una idea si el art\u00edculo te ser\u00e1 \u00fatil o no, sobre todo si el extracto es particularmente complejo.<\/li>\n<li><strong>Conclusi\u00f3n<\/strong>: Salta al final del texto y lee la conclusi\u00f3n; a veces la conclusi\u00f3n ofrece conocimiento adicional sobre la estrategia o contenido.<\/li>\n<li><strong>Im\u00e1genes<\/strong>: Hojea el art\u00edculo y mira las fotos, ilustraciones, gr\u00e1ficas y tablas. Lee los pies de foto y leyendas de gr\u00e1ficas y tablas. Cuando termines con el resto del art\u00edculo, probablemente regresar\u00e1s a algunas de estas im\u00e1genes y leer\u00e1s lo que la secci\u00f3n de resultados dice sobre ellas.<\/li>\n<li><strong>Introducci\u00f3n<\/strong>: La introducci\u00f3n provee contexto y a menudo hace referencias a otros trabajos que te podr\u00edan llevar a fuentes adicionales. Los cient\u00edficos se basan en investigaciones anteriores, as\u00ed que la introducci\u00f3n puede contener informaci\u00f3n valiosa y relevante para tu estrategia. Sin embargo, puede ser que un art\u00edculo en particular simplemente se enfoque en parte de esas investigaciones previas.<\/li>\n<li><strong>M\u00e9todos<\/strong> y <strong>Resultados<\/strong>: S\u00e1ltate estas secciones y s\u00f3lo regresa a ellas si hay algo que no entiendas en el resto del art\u00edculo.<\/li>\n<li><strong>Discusi\u00f3n<\/strong>: La discusi\u00f3n es donde los autores explican sus resultados y a menudo es m\u00e1s f\u00e1cil de entender que el extracto. Sin embargo, en la discusi\u00f3n es donde los autores a veces se permiten hacer especulaciones o conjeturas, por lo que debes poner atenci\u00f3n a palabras que te indiquen de cu\u00e1les resultados est\u00e1n seguros y sobre cu\u00e1les est\u00e1n especulando.<\/li>\n<li><strong>Referencias u obras citadas<\/strong>: Darle un vistazo a los t\u00edtulos y autores de esta secci\u00f3n a menudo te puede ayudar a encontrar otros art\u00edculos relevantes con mayores detalles sobre el tema, o a identificar qui\u00e9nes podr\u00edan ser expertos en el tema, con base en el n\u00famero de art\u00edculos que hayan publicado.<\/li>\n<\/ul>\n<p>[\/et_pb_text][et_pb_text admin_label=\u00bbbody text\u00bb _builder_version=\u00bb3.0.98&#8243; background_size=\u00bbinitial\u00bb background_position=\u00bbtop_left\u00bb background_repeat=\u00bbrepeat\u00bb]<\/p>\n<p>Una vez que hayas hojeado el art\u00edculo, deber\u00e1s tener una buena idea de qu\u00e9 tan \u00fatil es su informaci\u00f3n. El siguiente paso es repasarlo m\u00e1s lentamente para entender mejor su contenido. No dudes en pedirle ayuda a un bi\u00f3logo si hay t\u00e9rminos que no entiendes.<\/p>\n<p>Si quieres ponerte en contacto directamente con los autores para solicitar m\u00e1s informaci\u00f3n o una explicaci\u00f3n m\u00e1s simple de su investigaci\u00f3n, busca los datos de contacto del \u201cautor de correspondencia\u201d o comienza con el primer autor de la lista de autores. A la mayor\u00eda de los cient\u00edficos les encanta hablar de su trabajo y saber que tiene valor para los dem\u00e1s, as\u00ed que no dudes en contactarlos.<\/p>\n<p>[\/et_pb_text][\/et_pb_column][\/et_pb_row][et_pb_row _builder_version=\u00bb3.0.47&#8243; background_size=\u00bbinitial\u00bb background_position=\u00bbtop_left\u00bb background_repeat=\u00bbrepeat\u00bb][et_pb_column type=\u00bb4_4&#8243;][et_pb_text _builder_version=\u00bb3.0.98&#8243;]<\/p>\n<h2>Recursos<\/h2>\n<p>[\/et_pb_text][\/et_pb_column][\/et_pb_row][et_pb_row _builder_version=\u00bb3.0.47&#8243; background_size=\u00bbinitial\u00bb background_position=\u00bbtop_left\u00bb background_repeat=\u00bbrepeat\u00bb][et_pb_column type=\u00bb1_2&#8243;][et_pb_blurb title=\u00bbLectura de una publicaci\u00f3n cient\u00edfica PDF\u00bb url=\u00bbhttp:\/\/toolbox.biomimicry.org\/wp-content\/uploads\/2019\/02\/Lectura-de-una-publicacio\u0301n-cienti\u0301fica.pdf\u00bb use_icon=\u00bbon\u00bb font_icon=\u00bb%%71%%\u00bb icon_color=\u00bb#77bc1f\u00bb icon_placement=\u00bbleft\u00bb _builder_version=\u00bb3.0.98&#8243; url_new_window=\u00bboff\u00bb use_circle=\u00bboff\u00bb use_circle_border=\u00bboff\u00bb use_icon_font_size=\u00bboff\u00bb background_layout=\u00bblight\u00bb]<\/p>\n<p>Descargue una copia de esta gu\u00eda en formato PDF.<\/p>\n<p>[\/et_pb_blurb][et_pb_blurb title=\u00bbNCSU anatom\u00eda de un art\u00edculo acad\u00e9mico\u00bb url=\u00bbhttps:\/\/www.lib.ncsu.edu\/tutorials\/scholarly-articles\/\u00bb url_new_window=\u00bbon\u00bb use_icon=\u00bbon\u00bb font_icon=\u00bb%%137%%\u00bb icon_color=\u00bb#77bc1f\u00bb icon_placement=\u00bbleft\u00bb _builder_version=\u00bb3.0.98&#8243; use_circle=\u00bboff\u00bb use_circle_border=\u00bboff\u00bb use_icon_font_size=\u00bboff\u00bb background_layout=\u00bblight\u00bb]<\/p>\n<p>Explore un ejemplo interactivo de un art\u00edculo acad\u00e9mico con anotaciones que describen las partes principales. Proporcionada por la biblioteca de la Universidad Estatal de Carolina del Norte.<\/p>\n<p>[\/et_pb_blurb][\/et_pb_column][et_pb_column type=\u00bb1_2&#8243;][et_pb_blurb title=\u00bbASU anatom\u00eda de un art\u00edculo\u00bb url=\u00bbhttps:\/\/askabiologist.asu.edu\/explore\/anatomy-of-an-article\u00bb url_new_window=\u00bbon\u00bb use_icon=\u00bbon\u00bb font_icon=\u00bb%%137%%\u00bb icon_color=\u00bb#77bc1f\u00bb icon_placement=\u00bbleft\u00bb _builder_version=\u00bb3.0.98&#8243;]<\/p>\n<p>El sitio web Ask a Biologist de la Universidad Estatal de Arizona ofrece una visi\u00f3n general de lo que va en un documento.<\/p>\n<p>[\/et_pb_blurb][et_pb_blurb title=\u00bbASU Dissected art\u00edculo\u00bb url=\u00bbhttps:\/\/askabiologist.asu.edu\/article-dissection\u00bb url_new_window=\u00bbon\u00bb use_icon=\u00bbon\u00bb font_icon=\u00bb%%137%%\u00bb icon_color=\u00bb#77bc1f\u00bb icon_placement=\u00bbleft\u00bb _builder_version=\u00bb3.0.98&#8243; use_circle=\u00bboff\u00bb use_circle_border=\u00bboff\u00bb use_icon_font_size=\u00bboff\u00bb background_layout=\u00bblight\u00bb]<\/p>\n<p>El sitio web de Ask a Biologist de la Universidad Estatal de Arizona proporciona una \u00fatil \u00abdisecci\u00f3n\u00bb de un art\u00edculo acad\u00e9mico para ayudar los lectores a entender las diferentes partes.<\/p>\n<p>[\/et_pb_blurb][\/et_pb_column][\/et_pb_row][\/et_pb_section]<\/p>\n","protected":false},"excerpt":{"rendered":"<p>[et_pb_section bb_built=\u00bb1&#8243; background_color=\u00bb#ebeed9&#8243; inner_shadow=\u00bbon\u00bb fullwidth=\u00bbon\u00bb _builder_version=\u00bb3.0.47&#8243; transparent_background=\u00bboff\u00bb][et_pb_fullwidth_header title=\u00bbLeer un art\u00edculo cient\u00edfico\u00bb subhead=\u00bbConsejos para aprovechar al m\u00e1ximo los art\u00edculos de publicaciones sobre biolog\u00eda.\u00bb _builder_version=\u00bb3.0.47&#8243; \/][\/et_pb_section][et_pb_section bb_built=\u00bb1&#8243; _builder_version=\u00bb3.0.47&#8243;][et_pb_row _builder_version=\u00bb3.0.98&#8243;][et_pb_column type=\u00bb1_3&#8243;][\/et_pb_column][et_pb_column type=\u00bb2_3&#8243;][et_pb_text admin_label=\u00bbIntro text\u00bb _builder_version=\u00bb3.0.98&#8243; background_size=\u00bbinitial\u00bb background_position=\u00bbtop_left\u00bb background_repeat=\u00bbrepeat\u00bb] Los art\u00edculos de publicaciones sobre biolog\u00eda pueden parecer abrumadores para los que no son bi\u00f3logos. Pero hay una manera de [&hellip;]<\/p>\n","protected":false},"author":2,"featured_media":0,"parent":8619,"menu_order":0,"comment_status":"open","ping_status":"open","template":"","meta":{"_exactmetrics_skip_tracking":false,"_exactmetrics_sitenote_active":false,"_exactmetrics_sitenote_note":"","_exactmetrics_sitenote_category":0,"footnotes":""},"class_list":["post-8644","page","type-page","status-publish","hentry"],"yoast_head":"<!-- This site is optimized with the Yoast SEO plugin v27.4 - https:\/\/yoast.com\/product\/yoast-seo-wordpress\/ -->\n<title>Leer un art\u00edculo cient\u00edfico - Biomimicry Toolbox<\/title>\n<meta name=\"robots\" content=\"index, follow, max-snippet:-1, max-image-preview:large, max-video-preview:-1\" \/>\n<link rel=\"canonical\" href=\"https:\/\/toolbox.biomimicry.org\/es\/referencias\/leer-un-articulo-cientifico\/\" \/>\n<meta property=\"og:locale\" content=\"es_ES\" \/>\n<meta property=\"og:type\" content=\"article\" \/>\n<meta property=\"og:title\" content=\"Leer un art\u00edculo cient\u00edfico - Biomimicry Toolbox\" \/>\n<meta property=\"og:description\" content=\"[et_pb_section bb_built=\u00bb1&#8243; background_color=\u00bb#ebeed9&#8243; inner_shadow=\u00bbon\u00bb fullwidth=\u00bbon\u00bb _builder_version=\u00bb3.0.47&#8243; transparent_background=\u00bboff\u00bb][et_pb_fullwidth_header title=\u00bbLeer un art\u00edculo cient\u00edfico\u00bb subhead=\u00bbConsejos para aprovechar al m\u00e1ximo los art\u00edculos de publicaciones sobre biolog\u00eda.\u00bb _builder_version=\u00bb3.0.47&#8243; \/][\/et_pb_section][et_pb_section bb_built=\u00bb1&#8243; _builder_version=\u00bb3.0.47&#8243;][et_pb_row _builder_version=\u00bb3.0.98&#8243;][et_pb_column type=\u00bb1_3&#8243;][\/et_pb_column][et_pb_column type=\u00bb2_3&#8243;][et_pb_text admin_label=\u00bbIntro text\u00bb _builder_version=\u00bb3.0.98&#8243; background_size=\u00bbinitial\u00bb background_position=\u00bbtop_left\u00bb background_repeat=\u00bbrepeat\u00bb] Los art\u00edculos de publicaciones sobre biolog\u00eda pueden parecer abrumadores para los que no son bi\u00f3logos. Pero hay una manera de [&hellip;]\" \/>\n<meta property=\"og:url\" content=\"https:\/\/toolbox.biomimicry.org\/es\/referencias\/leer-un-articulo-cientifico\/\" \/>\n<meta property=\"og:site_name\" content=\"Biomimicry Toolbox\" \/>\n<meta property=\"article:modified_time\" content=\"2019-02-27T23:57:42+00:00\" \/>\n<meta name=\"twitter:label1\" content=\"Est. reading time\" \/>\n\t<meta name=\"twitter:data1\" content=\"7 minutos\" \/>\n<script type=\"application\/ld+json\" class=\"yoast-schema-graph\">{\"@context\":\"https:\\\/\\\/schema.org\",\"@graph\":[{\"@type\":\"WebPage\",\"@id\":\"https:\\\/\\\/toolbox.biomimicry.org\\\/es\\\/referencias\\\/leer-un-articulo-cientifico\\\/\",\"url\":\"https:\\\/\\\/toolbox.biomimicry.org\\\/es\\\/referencias\\\/leer-un-articulo-cientifico\\\/\",\"name\":\"Leer un art\u00edculo cient\u00edfico - Biomimicry Toolbox\",\"isPartOf\":{\"@id\":\"https:\\\/\\\/toolbox.biomimicry.org\\\/#website\"},\"datePublished\":\"2019-02-07T23:15:58+00:00\",\"dateModified\":\"2019-02-27T23:57:42+00:00\",\"breadcrumb\":{\"@id\":\"https:\\\/\\\/toolbox.biomimicry.org\\\/es\\\/referencias\\\/leer-un-articulo-cientifico\\\/#breadcrumb\"},\"inLanguage\":\"es\",\"potentialAction\":[{\"@type\":\"ReadAction\",\"target\":[\"https:\\\/\\\/toolbox.biomimicry.org\\\/es\\\/referencias\\\/leer-un-articulo-cientifico\\\/\"]}]},{\"@type\":\"BreadcrumbList\",\"@id\":\"https:\\\/\\\/toolbox.biomimicry.org\\\/es\\\/referencias\\\/leer-un-articulo-cientifico\\\/#breadcrumb\",\"itemListElement\":[{\"@type\":\"ListItem\",\"position\":1,\"name\":\"Portada\",\"item\":\"https:\\\/\\\/toolbox.biomimicry.org\\\/es\\\/\"},{\"@type\":\"ListItem\",\"position\":2,\"name\":\"Referencias\",\"item\":\"https:\\\/\\\/toolbox.biomimicry.org\\\/es\\\/referencias\\\/\"},{\"@type\":\"ListItem\",\"position\":3,\"name\":\"Leer un art\u00edculo cient\u00edfico\"}]},{\"@type\":\"WebSite\",\"@id\":\"https:\\\/\\\/toolbox.biomimicry.org\\\/#website\",\"url\":\"https:\\\/\\\/toolbox.biomimicry.org\\\/\",\"name\":\"Biomimicry Toolbox\",\"description\":\"How to apply nature\u2019s lessons to design challenges\",\"potentialAction\":[{\"@type\":\"SearchAction\",\"target\":{\"@type\":\"EntryPoint\",\"urlTemplate\":\"https:\\\/\\\/toolbox.biomimicry.org\\\/?s={search_term_string}\"},\"query-input\":{\"@type\":\"PropertyValueSpecification\",\"valueRequired\":true,\"valueName\":\"search_term_string\"}}],\"inLanguage\":\"es\"}]}<\/script>\n<!-- \/ Yoast SEO plugin. -->","yoast_head_json":{"title":"Leer un art\u00edculo cient\u00edfico - Biomimicry Toolbox","robots":{"index":"index","follow":"follow","max-snippet":"max-snippet:-1","max-image-preview":"max-image-preview:large","max-video-preview":"max-video-preview:-1"},"canonical":"https:\/\/toolbox.biomimicry.org\/es\/referencias\/leer-un-articulo-cientifico\/","og_locale":"es_ES","og_type":"article","og_title":"Leer un art\u00edculo cient\u00edfico - Biomimicry Toolbox","og_description":"[et_pb_section bb_built=\u00bb1&#8243; background_color=\u00bb#ebeed9&#8243; inner_shadow=\u00bbon\u00bb fullwidth=\u00bbon\u00bb _builder_version=\u00bb3.0.47&#8243; transparent_background=\u00bboff\u00bb][et_pb_fullwidth_header title=\u00bbLeer un art\u00edculo cient\u00edfico\u00bb subhead=\u00bbConsejos para aprovechar al m\u00e1ximo los art\u00edculos de publicaciones sobre biolog\u00eda.\u00bb _builder_version=\u00bb3.0.47&#8243; \/][\/et_pb_section][et_pb_section bb_built=\u00bb1&#8243; _builder_version=\u00bb3.0.47&#8243;][et_pb_row _builder_version=\u00bb3.0.98&#8243;][et_pb_column type=\u00bb1_3&#8243;][\/et_pb_column][et_pb_column type=\u00bb2_3&#8243;][et_pb_text admin_label=\u00bbIntro text\u00bb _builder_version=\u00bb3.0.98&#8243; background_size=\u00bbinitial\u00bb background_position=\u00bbtop_left\u00bb background_repeat=\u00bbrepeat\u00bb] Los art\u00edculos de publicaciones sobre biolog\u00eda pueden parecer abrumadores para los que no son bi\u00f3logos. Pero hay una manera de [&hellip;]","og_url":"https:\/\/toolbox.biomimicry.org\/es\/referencias\/leer-un-articulo-cientifico\/","og_site_name":"Biomimicry Toolbox","article_modified_time":"2019-02-27T23:57:42+00:00","twitter_misc":{"Est. reading time":"7 minutos"},"schema":{"@context":"https:\/\/schema.org","@graph":[{"@type":"WebPage","@id":"https:\/\/toolbox.biomimicry.org\/es\/referencias\/leer-un-articulo-cientifico\/","url":"https:\/\/toolbox.biomimicry.org\/es\/referencias\/leer-un-articulo-cientifico\/","name":"Leer un art\u00edculo cient\u00edfico - Biomimicry Toolbox","isPartOf":{"@id":"https:\/\/toolbox.biomimicry.org\/#website"},"datePublished":"2019-02-07T23:15:58+00:00","dateModified":"2019-02-27T23:57:42+00:00","breadcrumb":{"@id":"https:\/\/toolbox.biomimicry.org\/es\/referencias\/leer-un-articulo-cientifico\/#breadcrumb"},"inLanguage":"es","potentialAction":[{"@type":"ReadAction","target":["https:\/\/toolbox.biomimicry.org\/es\/referencias\/leer-un-articulo-cientifico\/"]}]},{"@type":"BreadcrumbList","@id":"https:\/\/toolbox.biomimicry.org\/es\/referencias\/leer-un-articulo-cientifico\/#breadcrumb","itemListElement":[{"@type":"ListItem","position":1,"name":"Portada","item":"https:\/\/toolbox.biomimicry.org\/es\/"},{"@type":"ListItem","position":2,"name":"Referencias","item":"https:\/\/toolbox.biomimicry.org\/es\/referencias\/"},{"@type":"ListItem","position":3,"name":"Leer un art\u00edculo cient\u00edfico"}]},{"@type":"WebSite","@id":"https:\/\/toolbox.biomimicry.org\/#website","url":"https:\/\/toolbox.biomimicry.org\/","name":"Biomimicry Toolbox","description":"How to apply nature\u2019s lessons to design challenges","potentialAction":[{"@type":"SearchAction","target":{"@type":"EntryPoint","urlTemplate":"https:\/\/toolbox.biomimicry.org\/?s={search_term_string}"},"query-input":{"@type":"PropertyValueSpecification","valueRequired":true,"valueName":"search_term_string"}}],"inLanguage":"es"}]}},"_links":{"self":[{"href":"https:\/\/toolbox.biomimicry.org\/es\/wp-json\/wp\/v2\/pages\/8644","targetHints":{"allow":["GET"]}}],"collection":[{"href":"https:\/\/toolbox.biomimicry.org\/es\/wp-json\/wp\/v2\/pages"}],"about":[{"href":"https:\/\/toolbox.biomimicry.org\/es\/wp-json\/wp\/v2\/types\/page"}],"author":[{"embeddable":true,"href":"https:\/\/toolbox.biomimicry.org\/es\/wp-json\/wp\/v2\/users\/2"}],"replies":[{"embeddable":true,"href":"https:\/\/toolbox.biomimicry.org\/es\/wp-json\/wp\/v2\/comments?post=8644"}],"version-history":[{"count":0,"href":"https:\/\/toolbox.biomimicry.org\/es\/wp-json\/wp\/v2\/pages\/8644\/revisions"}],"up":[{"embeddable":true,"href":"https:\/\/toolbox.biomimicry.org\/es\/wp-json\/wp\/v2\/pages\/8619"}],"wp:attachment":[{"href":"https:\/\/toolbox.biomimicry.org\/es\/wp-json\/wp\/v2\/media?parent=8644"}],"curies":[{"name":"wp","href":"https:\/\/api.w.org\/{rel}","templated":true}]}}