{"id":8646,"date":"2019-02-12T00:57:34","date_gmt":"2019-02-12T00:57:34","guid":{"rendered":"http:\/\/toolbox.biomimicry.org\/patrones-unificadores-de-la-naturaleza\/reciclar-materiales\/"},"modified":"2019-02-12T00:57:37","modified_gmt":"2019-02-12T00:57:37","slug":"reciclar-materiales","status":"publish","type":"page","link":"https:\/\/toolbox.biomimicry.org\/es\/conceptos-medulares\/patrones-unificadores-de-la-naturaleza\/reciclar-materiales\/","title":{"rendered":"Reciclar materiales"},"content":{"rendered":"<p>[et_pb_section fullwidth=\u00bbon\u00bb specialty=\u00bboff\u00bb transparent_background=\u00bboff\u00bb background_color=\u00bb#ebeed9&#8243; inner_shadow=\u00bbon\u00bb parallax=\u00bboff\u00bb parallax_method=\u00bboff\u00bb][et_pb_fullwidth_header admin_label=\u00bbFullwidth Header\u00bb title=\u00bbPatrones unificadores de la naturaleza\u00bb subhead=\u00bbDescripciones detalladas y ejemplos\u00bb background_layout=\u00bblight\u00bb text_orientation=\u00bbleft\u00bb \/][\/et_pb_section][et_pb_section fullwidth=\u00bboff\u00bb specialty=\u00bboff\u00bb transparent_background=\u00bboff\u00bb background_color=\u00bb#ffffff\u00bb inner_shadow=\u00bboff\u00bb parallax=\u00bboff\u00bb parallax_method=\u00bboff\u00bb module_class=\u00bbno-bottom-padding\u00bb][et_pb_row][et_pb_column type=\u00bb2_3&#8243;][et_pb_text admin_label=\u00bbText &#8211; pattern \u00bb background_layout=\u00bblight\u00bb text_orientation=\u00bbleft\u00bb]<\/p>\n<h2>La naturaleza recicla todos los materiales.<\/h2>\n<p>&nbsp;<\/p>\n<p>[\/et_pb_text][\/et_pb_column][et_pb_column type=\u00bb1_3&#8243;][et_pb_blurb admin_label=\u00bbBlurb\u00bb title=\u00bbEjemplos de la biolog\u00eda\u00bb url=\u00bb#biology\u00bb url_new_window=\u00bboff\u00bb use_icon=\u00bbon\u00bb font_icon=\u00bb\ue048\u00bb icon_color=\u00bb#ffdd00&#8243; use_circle=\u00bboff\u00bb circle_color=\u00bb#404041&#8243; use_circle_border=\u00bboff\u00bb circle_border_color=\u00bb#404041&#8243; icon_placement=\u00bbleft\u00bb animation=\u00bbtop\u00bb background_layout=\u00bblight\u00bb text_orientation=\u00bbcenter\u00bb \/][et_pb_blurb admin_label=\u00bbBlurb\u00bb title=\u00bbAplicaciones de dise\u00f1o\u00bb url=\u00bb#design\u00bb url_new_window=\u00bboff\u00bb use_icon=\u00bbon\u00bb font_icon=\u00bb\ue048\u00bb icon_color=\u00bb#ffdd00&#8243; use_circle=\u00bboff\u00bb circle_color=\u00bb#404041&#8243; use_circle_border=\u00bboff\u00bb circle_border_color=\u00bb#404041&#8243; icon_placement=\u00bbleft\u00bb animation=\u00bbtop\u00bb background_layout=\u00bblight\u00bb text_orientation=\u00bbcenter\u00bb \/][et_pb_blurb admin_label=\u00bbBlurb\u00bb title=\u00bbVolver a la portada\u00bb url=\u00bbhttp:\/\/toolbox.biomimicry.org\/core-concepts\/natures-unifying-patterns\/\u00bb url_new_window=\u00bboff\u00bb use_icon=\u00bbon\u00bb font_icon=\u00bb\ue049\u00bb icon_color=\u00bb#bdc6c3&#8243; use_circle=\u00bboff\u00bb circle_color=\u00bb#404041&#8243; use_circle_border=\u00bboff\u00bb circle_border_color=\u00bb#404041&#8243; icon_placement=\u00bbleft\u00bb animation=\u00bbtop\u00bb background_layout=\u00bblight\u00bb text_orientation=\u00bbcenter\u00bb \/][\/et_pb_column][\/et_pb_row][et_pb_row][et_pb_column type=\u00bb2_3&#8243;][et_pb_text admin_label=\u00bbText &#8211; description\u00bb background_layout=\u00bblight\u00bb text_orientation=\u00bbleft\u00bb]<\/p>\n<p>En la naturaleza, los desechos o el cuerpo en descomposici\u00f3n de un organismo se convierte en fuente de alimento y materiales para otros organismos. Aunque hablamos de \u201creciclar\u201d, el concepto \u201csuperciclar\u201d ofrece una descripci\u00f3n m\u00e1s precisa de lo que sucede en la naturaleza. Por lo general hay muchos organismos, o con mayor exactitud, ecosistemas de organismos, que descomponen la materia org\u00e1nica compleja y las mol\u00e9culas en mol\u00e9culas m\u00e1s peque\u00f1as que pueden ser usadas y reensambladas en materiales completamente nuevos. Del mismo modo que hay un ciclo hidrol\u00f3gico, hay muchos otros ciclos que involucran materia org\u00e1nica (ciclo de carbono, ciclo de nitr\u00f3geno, etc.) que funcionan como sistemas locales, regionales y de tierra entera.<\/p>\n<p>&nbsp;<\/p>\n<p>&nbsp;<\/p>\n<p>[\/et_pb_text][\/et_pb_column][et_pb_column type=\u00bb1_3&#8243;][et_pb_sidebar admin_label=\u00bbPattern Menu\u00bb orientation=\u00bbleft\u00bb area=\u00bbet_pb_widget_area_4&#8243; background_layout=\u00bblight\u00bb module_id=\u00bbnup-sidebar\u00bb \/][\/et_pb_column][\/et_pb_row][\/et_pb_section][et_pb_section fullwidth=\u00bboff\u00bb specialty=\u00bboff\u00bb transparent_background=\u00bboff\u00bb background_color=\u00bb#ffffff\u00bb inner_shadow=\u00bboff\u00bb parallax=\u00bboff\u00bb parallax_method=\u00bboff\u00bb module_id=\u00bbbiology\u00bb][et_pb_row][et_pb_column type=\u00bb4_4&#8243;][et_pb_text admin_label=\u00bbHeader &#8211; bio examples\u00bb background_layout=\u00bblight\u00bb text_orientation=\u00bbleft\u00bb]<\/p>\n<h2>Ejemplos de la biolog\u00eda<\/h2>\n<p>&nbsp;<\/p>\n<p>[\/et_pb_text][et_pb_text admin_label=\u00bbText\u00bb background_layout=\u00bblight\u00bb text_orientation=\u00bbleft\u00bb module_class=\u00bbno-bottom-padding\u00bb]<\/p>\n<h3>\u00c1rboles<\/h3>\n<p>[\/et_pb_text][\/et_pb_column][\/et_pb_row][et_pb_row][et_pb_column type=\u00bb1_2&#8243;][et_pb_image admin_label=\u00bbImage &#8211; tree fungus\u00bb src=\u00bbhttp:\/\/toolbox.biomimicry.org\/wp-content\/uploads\/2015\/04\/TreeFungus_CCbyNC_Lamerie_flickr.jpg\u00bb show_in_lightbox=\u00bboff\u00bb url_new_window=\u00bboff\u00bb animation=\u00bbfade_in\u00bb sticky=\u00bboff\u00bb \/][\/et_pb_column][et_pb_column type=\u00bb1_2&#8243;][et_pb_text admin_label=\u00bbText\u00bb background_layout=\u00bblight\u00bb text_orientation=\u00bbleft\u00bb]<\/p>\n<p>En la naturaleza, el ciclo del reciclaje no es directo. La madera no se convierte en nueva madera de forma directa M\u00e1s bien, una variedad de organismos descomponen la madera en sus diferentes componentes qu\u00edmicos, y entonces esos componentes pueden ser utilizados por a\u00fan m\u00e1s organismos. En cada etapa de la descomposici\u00f3n de un tronco, alg\u00fan organismo le encuentra un uso. El tronco se convierte en refugio para algunos, en el escenario del baile de apareamiento de otros y en un sitio para almacenar semillas o bellotas. Aun antes de que caiga un \u00e1rbol muerto, otros organismos comienzan a descomponer los carbohidratos y prote\u00ednas del tronco y de las ramas, tomando energ\u00eda de ellos y creando subproductos o desechos que otros organismos pueden usar. Algunos hongos son capaces de descomponer un compuesto qu\u00edmico complejo llamado lignina, algo que muy pocos organismos pueden lograr. Los hongos permiten que los componentes de la lignina sean accesibles para otros organismos que los utilizan como insumo para nuevas sustancias qu\u00edmicas.<\/p>\n<p>[\/et_pb_text][\/et_pb_column][\/et_pb_row][\/et_pb_section][et_pb_section fullwidth=\u00bboff\u00bb specialty=\u00bboff\u00bb transparent_background=\u00bboff\u00bb background_color=\u00bb#ffffff\u00bb inner_shadow=\u00bboff\u00bb parallax=\u00bboff\u00bb parallax_method=\u00bboff\u00bb module_id=\u00bbdesign\u00bb][et_pb_row][et_pb_column type=\u00bb4_4&#8243;][et_pb_text admin_label=\u00bbHeader &#8211; design examples\u00bb background_layout=\u00bblight\u00bb text_orientation=\u00bbleft\u00bb]<\/p>\n<h2>Aplicaciones de dise\u00f1o<\/h2>\n<p>[\/et_pb_text][\/et_pb_column][\/et_pb_row][et_pb_row][et_pb_column type=\u00bb4_4&#8243;][et_pb_text admin_label=\u00bbText\u00bb background_layout=\u00bblight\u00bb text_orientation=\u00bbleft\u00bb module_class=\u00bbno-bottom-padding\u00bb]<\/p>\n<h3>Mango Materials<\/h3>\n<p>[\/et_pb_text][\/et_pb_column][\/et_pb_row][et_pb_row][et_pb_column type=\u00bb1_2&#8243;][et_pb_image admin_label=\u00bbImage &#8211; mango\u00bb src=\u00bbhttp:\/\/toolbox.biomimicry.org\/wp-content\/uploads\/2015\/04\/MangoMaterials_Slide2_website.jpg\u00bb show_in_lightbox=\u00bbon\u00bb url_new_window=\u00bboff\u00bb animation=\u00bbfade_in\u00bb sticky=\u00bboff\u00bb \/][et_pb_text admin_label=\u00bbText\u00bb background_layout=\u00bblight\u00bb text_orientation=\u00bbleft\u00bb module_class=\u00bbcaption\u00bb]<\/p>\n<p>Diagrama del proceso de Mango Materials como se describe en el sitio web de la empresa.<\/p>\n<p>[\/et_pb_text][\/et_pb_column][et_pb_column type=\u00bb1_2&#8243;][et_pb_text admin_label=\u00bbText\u00bb background_layout=\u00bblight\u00bb text_orientation=\u00bbleft\u00bb]<\/p>\n<p>Las plantas de tratamiento de aguas residuales, los vertederos y las instalaciones agr\u00edcolas enfrentan muchos desaf\u00edos de gesti\u00f3n en torno al metano liberado en sus instalaciones. Mango Materials podr\u00edan ser capaces de ayudar \u2014 la empresa est\u00e1 trabajando en una manera de comercializar el metano y otros residuos biogases en pl\u00e1sticos biodegradables. Aspira a ser una pieza cr\u00edtica de un proceso de bucle cerrado que toma el gas residual y lo convierte en un pol\u00edmero biodegradable, que a su vez se puede hacer en un pl\u00e1stico. Si ese pl\u00e1stico no se recicla correctamente y en su lugar termina en un vertedero, parte de la energ\u00eda y los materiales incrustados pueden ser recapturados por el mismo proceso. (Actualmente la mayor\u00eda del gas metano se quema o se libera en la atm\u00f3sfera. El metano es un gas de efecto invernadero y es aproximadamente 20 veces m\u00e1s potente que el di\u00f3xido de carbono.)<\/p>\n<p>[\/et_pb_text][\/et_pb_column][\/et_pb_row][et_pb_row][et_pb_column type=\u00bb4_4&#8243;][et_pb_text admin_label=\u00bbText\u00bb background_layout=\u00bblight\u00bb text_orientation=\u00bbleft\u00bb module_class=\u00bbno-bottom-padding\u00bb]<\/p>\n<h3>InterfaceFlor<\/h3>\n<p>[\/et_pb_text][\/et_pb_column][\/et_pb_row][et_pb_row][et_pb_column type=\u00bb1_2&#8243;][et_pb_image admin_label=\u00bbinterface\u00bb src=\u00bbhttp:\/\/toolbox.biomimicry.org\/wp-content\/uploads\/2015\/04\/InterfaceRecycled_InterfaceFlor_CCbyNC-ND.jpg\u00bb show_in_lightbox=\u00bboff\u00bb url_new_window=\u00bboff\u00bb animation=\u00bbfade_in\u00bb sticky=\u00bboff\u00bb \/][\/et_pb_column][et_pb_column type=\u00bb1_2&#8243;][et_pb_text admin_label=\u00bbText\u00bb background_layout=\u00bblight\u00bb text_orientation=\u00bbleft\u00bb]<\/p>\n<p>InterfaceFlor, empresa que produce alfombras modulares, es el primer fabricante de alfombras en implementar un proceso para la \u201cseparaci\u00f3n limpia\u201d de la fibra y la base primaria de la alfombra. Esto permite maximizar la cantidad de material posconsumidor que puede ser reciclado para hacer nuevos productos, con una m\u00ednima contaminaci\u00f3n. A trav\u00e9s de su proceso llamado ReEntry\u00ae 2.0, la fibra de nailon posconsumidor limpia regresa al proveedor de fibra de Interface. Ah\u00ed se recicla con algo de material virgen para producir nailon que se utiliza en nuevas fibras para alfombra. Al mismo tiempo, la base primaria se desmenuza y se transforma en una nueva base primaria. Los pl\u00e1sticos que no se pueden usar para los procesos o productos de Interface se distribuyen a otros proveedores para ser reutilizados en sus flujos de materiales.<\/p>\n<p>[\/et_pb_text][\/et_pb_column][\/et_pb_row][et_pb_row][et_pb_column type=\u00bb4_4&#8243;][et_pb_text admin_label=\u00bbText\u00bb background_layout=\u00bblight\u00bb text_orientation=\u00bbleft\u00bb module_class=\u00bbno-bottom-padding\u00bb]<\/p>\n<h3>Programas de cero desechos<\/h3>\n<p>[\/et_pb_text][\/et_pb_column][\/et_pb_row][et_pb_row][et_pb_column type=\u00bb1_2&#8243;][et_pb_image admin_label=\u00bbImage &#8211; zero waste\u00bb src=\u00bbhttp:\/\/toolbox.biomimicry.org\/wp-content\/uploads\/2015\/04\/Boulder_zero_waste.png\u00bb show_in_lightbox=\u00bboff\u00bb url_new_window=\u00bboff\u00bb animation=\u00bbfade_in\u00bb sticky=\u00bboff\u00bb \/][et_pb_text admin_label=\u00bbText\u00bb background_layout=\u00bblight\u00bb text_orientation=\u00bbleft\u00bb module_class=\u00bbcaption\u00bb]<\/p>\n<p>Las tasas de recuperaci\u00f3n de desechos de la ciudad de Boulder para 2013 muestran la cantidad de desechos que se reutiliza, recicla y se hace composta, en lugar de ir al relleno sanitario.<\/p>\n<p>[\/et_pb_text][\/et_pb_column][et_pb_column type=\u00bb1_2&#8243;][et_pb_text admin_label=\u00bbText\u00bb background_layout=\u00bblight\u00bb text_orientation=\u00bbleft\u00bb]<\/p>\n<p>El esfuerzo por lograr \u201ccero desechos\u201d va en aumento en muchos municipios. La ciudad de Boulder, Colorado, EUA, ofrece instrucciones sencillas para reciclar todo tipo de materiales que normalmente ir\u00edan a dar a la basura \u2014anteojos, focos, adornos navide\u00f1os, libros, juguetes infantiles, etc.\u2014 e incluye detalles sobre este esfuerzo de reciclaje en una campa\u00f1a de concientizaci\u00f3n dirigida a toda la ciudadan\u00eda sobre conservaci\u00f3n del agua y eficiencia energ\u00e9tica. Un robusto programa de compostaje para toda la ciudad simplifica el manejo de los desechos de cocina y jard\u00edn, y los habitantes de la ciudad tienen acceso gratuito a la composta que luego pueden usar en sus jardines. Un enfoque c\u00edclico del manejo de residuos ha cobrado un nuevo significado en el \u201cRecycle Row\u201d de la ciudad, donde los residentes pueden llevar cualquier cosa \u2014colchones, pintura, muebles\u2014 para reciclarse o procesarse mediante lo que se conoce como superciclaje (upcycling) o infraciclaje (downcycling).<\/p>\n<p>[\/et_pb_text][\/et_pb_column][\/et_pb_row][\/et_pb_section][et_pb_section][et_pb_row][et_pb_column type=\u00bb2_3&#8243;][et_pb_toggle admin_label=\u00bbToggle\u00bb title=\u00bbCr\u00e9ditos de imagen\u00bb open=\u00bboff\u00bb module_class=\u00bbcaption\u00bb]<\/p>\n<p>\u00c1rbol con hongos: Lamerie via Flickr CC-BY-NC<br \/>\n<span data-sheets-value='[null,2,\"image from Global Cycle Solutions website\"]' data-sheets-userformat=\"[null,null,384,null,null,null,null,null,null,null,0,1]\">Desv\u00edo de desechos de Boulder: dominio p\u00fablico, a trav\u00e9s <a href=\"https:\/\/bouldercolorado.gov\/lead\/zero-waste\">de la ciudad de Boulder<\/a><br \/>\nMango Materials: v\u00eda <a href=\"http:\/\/mangomaterials.com\/?page_id=22\" target=\"_blank\">sitio web de la compa\u00f1\u00eda<\/a><br \/>\nInterfaceFlor: InterfaceFlor CC-BY-NC-ND<br \/>\n<\/span><\/p>\n<p>[\/et_pb_toggle][\/et_pb_column][et_pb_column type=\u00bb1_3&#8243;][\/et_pb_column][\/et_pb_row][\/et_pb_section]<\/p>\n","protected":false},"excerpt":{"rendered":"<p>[et_pb_section fullwidth=\u00bbon\u00bb specialty=\u00bboff\u00bb transparent_background=\u00bboff\u00bb background_color=\u00bb#ebeed9&#8243; inner_shadow=\u00bbon\u00bb parallax=\u00bboff\u00bb parallax_method=\u00bboff\u00bb][et_pb_fullwidth_header admin_label=\u00bbFullwidth Header\u00bb title=\u00bbPatrones unificadores de la naturaleza\u00bb subhead=\u00bbDescripciones detalladas y ejemplos\u00bb background_layout=\u00bblight\u00bb text_orientation=\u00bbleft\u00bb \/][\/et_pb_section][et_pb_section fullwidth=\u00bboff\u00bb specialty=\u00bboff\u00bb transparent_background=\u00bboff\u00bb background_color=\u00bb#ffffff\u00bb inner_shadow=\u00bboff\u00bb parallax=\u00bboff\u00bb parallax_method=\u00bboff\u00bb module_class=\u00bbno-bottom-padding\u00bb][et_pb_row][et_pb_column type=\u00bb2_3&#8243;][et_pb_text admin_label=\u00bbText &#8211; pattern \u00bb background_layout=\u00bblight\u00bb text_orientation=\u00bbleft\u00bb] La naturaleza recicla todos los materiales. &nbsp; [\/et_pb_text][\/et_pb_column][et_pb_column type=\u00bb1_3&#8243;][et_pb_blurb admin_label=\u00bbBlurb\u00bb title=\u00bbEjemplos de la biolog\u00eda\u00bb url=\u00bb#biology\u00bb url_new_window=\u00bboff\u00bb use_icon=\u00bbon\u00bb font_icon=\u00bb\ue048\u00bb [&hellip;]<\/p>\n","protected":false},"author":2,"featured_media":0,"parent":8643,"menu_order":0,"comment_status":"closed","ping_status":"closed","template":"","meta":{"_exactmetrics_skip_tracking":false,"_exactmetrics_sitenote_active":false,"_exactmetrics_sitenote_note":"","_exactmetrics_sitenote_category":0,"footnotes":""},"class_list":["post-8646","page","type-page","status-publish","hentry"],"yoast_head":"<!-- This site is optimized with the Yoast SEO plugin v27.3 - https:\/\/yoast.com\/product\/yoast-seo-wordpress\/ -->\n<title>Reciclar materiales - Biomimicry Toolbox<\/title>\n<meta name=\"robots\" content=\"index, follow, max-snippet:-1, max-image-preview:large, max-video-preview:-1\" \/>\n<link rel=\"canonical\" href=\"https:\/\/toolbox.biomimicry.org\/es\/conceptos-medulares\/patrones-unificadores-de-la-naturaleza\/reciclar-materiales\/\" \/>\n<meta property=\"og:locale\" content=\"es_ES\" \/>\n<meta property=\"og:type\" content=\"article\" \/>\n<meta property=\"og:title\" content=\"Reciclar materiales - Biomimicry Toolbox\" \/>\n<meta property=\"og:description\" content=\"[et_pb_section fullwidth=\u00bbon\u00bb specialty=\u00bboff\u00bb transparent_background=\u00bboff\u00bb background_color=\u00bb#ebeed9&#8243; inner_shadow=\u00bbon\u00bb parallax=\u00bboff\u00bb parallax_method=\u00bboff\u00bb][et_pb_fullwidth_header admin_label=\u00bbFullwidth Header\u00bb title=\u00bbPatrones unificadores de la naturaleza\u00bb subhead=\u00bbDescripciones detalladas y ejemplos\u00bb background_layout=\u00bblight\u00bb text_orientation=\u00bbleft\u00bb \/][\/et_pb_section][et_pb_section fullwidth=\u00bboff\u00bb specialty=\u00bboff\u00bb transparent_background=\u00bboff\u00bb background_color=\u00bb#ffffff\u00bb inner_shadow=\u00bboff\u00bb parallax=\u00bboff\u00bb parallax_method=\u00bboff\u00bb module_class=\u00bbno-bottom-padding\u00bb][et_pb_row][et_pb_column type=\u00bb2_3&#8243;][et_pb_text admin_label=\u00bbText &#8211; pattern \u00bb background_layout=\u00bblight\u00bb text_orientation=\u00bbleft\u00bb] La naturaleza recicla todos los materiales. &nbsp; [\/et_pb_text][\/et_pb_column][et_pb_column type=\u00bb1_3&#8243;][et_pb_blurb admin_label=\u00bbBlurb\u00bb title=\u00bbEjemplos de la biolog\u00eda\u00bb url=\u00bb#biology\u00bb url_new_window=\u00bboff\u00bb use_icon=\u00bbon\u00bb font_icon=\u00bb\ue048\u00bb [&hellip;]\" \/>\n<meta property=\"og:url\" content=\"https:\/\/toolbox.biomimicry.org\/es\/conceptos-medulares\/patrones-unificadores-de-la-naturaleza\/reciclar-materiales\/\" \/>\n<meta property=\"og:site_name\" content=\"Biomimicry Toolbox\" \/>\n<meta property=\"article:modified_time\" content=\"2019-02-12T00:57:37+00:00\" \/>\n<meta name=\"twitter:label1\" content=\"Est. reading time\" \/>\n\t<meta name=\"twitter:data1\" content=\"9 minutos\" \/>\n<script type=\"application\/ld+json\" class=\"yoast-schema-graph\">{\"@context\":\"https:\\\/\\\/schema.org\",\"@graph\":[{\"@type\":\"WebPage\",\"@id\":\"https:\\\/\\\/toolbox.biomimicry.org\\\/es\\\/conceptos-medulares\\\/patrones-unificadores-de-la-naturaleza\\\/reciclar-materiales\\\/\",\"url\":\"https:\\\/\\\/toolbox.biomimicry.org\\\/es\\\/conceptos-medulares\\\/patrones-unificadores-de-la-naturaleza\\\/reciclar-materiales\\\/\",\"name\":\"Reciclar materiales - Biomimicry Toolbox\",\"isPartOf\":{\"@id\":\"https:\\\/\\\/toolbox.biomimicry.org\\\/#website\"},\"datePublished\":\"2019-02-12T00:57:34+00:00\",\"dateModified\":\"2019-02-12T00:57:37+00:00\",\"breadcrumb\":{\"@id\":\"https:\\\/\\\/toolbox.biomimicry.org\\\/es\\\/conceptos-medulares\\\/patrones-unificadores-de-la-naturaleza\\\/reciclar-materiales\\\/#breadcrumb\"},\"inLanguage\":\"es\",\"potentialAction\":[{\"@type\":\"ReadAction\",\"target\":[\"https:\\\/\\\/toolbox.biomimicry.org\\\/es\\\/conceptos-medulares\\\/patrones-unificadores-de-la-naturaleza\\\/reciclar-materiales\\\/\"]}]},{\"@type\":\"BreadcrumbList\",\"@id\":\"https:\\\/\\\/toolbox.biomimicry.org\\\/es\\\/conceptos-medulares\\\/patrones-unificadores-de-la-naturaleza\\\/reciclar-materiales\\\/#breadcrumb\",\"itemListElement\":[{\"@type\":\"ListItem\",\"position\":1,\"name\":\"Portada\",\"item\":\"https:\\\/\\\/toolbox.biomimicry.org\\\/es\\\/\"},{\"@type\":\"ListItem\",\"position\":2,\"name\":\"Conceptos medulares\",\"item\":\"https:\\\/\\\/toolbox.biomimicry.org\\\/es\\\/conceptos-medulares\\\/\"},{\"@type\":\"ListItem\",\"position\":3,\"name\":\"Patrones unificadores de la naturaleza\",\"item\":\"https:\\\/\\\/toolbox.biomimicry.org\\\/es\\\/conceptos-medulares\\\/patrones-unificadores-de-la-naturaleza\\\/\"},{\"@type\":\"ListItem\",\"position\":4,\"name\":\"Reciclar materiales\"}]},{\"@type\":\"WebSite\",\"@id\":\"https:\\\/\\\/toolbox.biomimicry.org\\\/#website\",\"url\":\"https:\\\/\\\/toolbox.biomimicry.org\\\/\",\"name\":\"Biomimicry Toolbox\",\"description\":\"How to apply nature\u2019s lessons to design challenges\",\"potentialAction\":[{\"@type\":\"SearchAction\",\"target\":{\"@type\":\"EntryPoint\",\"urlTemplate\":\"https:\\\/\\\/toolbox.biomimicry.org\\\/?s={search_term_string}\"},\"query-input\":{\"@type\":\"PropertyValueSpecification\",\"valueRequired\":true,\"valueName\":\"search_term_string\"}}],\"inLanguage\":\"es\"}]}<\/script>\n<!-- \/ Yoast SEO plugin. -->","yoast_head_json":{"title":"Reciclar materiales - Biomimicry Toolbox","robots":{"index":"index","follow":"follow","max-snippet":"max-snippet:-1","max-image-preview":"max-image-preview:large","max-video-preview":"max-video-preview:-1"},"canonical":"https:\/\/toolbox.biomimicry.org\/es\/conceptos-medulares\/patrones-unificadores-de-la-naturaleza\/reciclar-materiales\/","og_locale":"es_ES","og_type":"article","og_title":"Reciclar materiales - Biomimicry Toolbox","og_description":"[et_pb_section fullwidth=\u00bbon\u00bb specialty=\u00bboff\u00bb transparent_background=\u00bboff\u00bb background_color=\u00bb#ebeed9&#8243; inner_shadow=\u00bbon\u00bb parallax=\u00bboff\u00bb parallax_method=\u00bboff\u00bb][et_pb_fullwidth_header admin_label=\u00bbFullwidth Header\u00bb title=\u00bbPatrones unificadores de la naturaleza\u00bb subhead=\u00bbDescripciones detalladas y ejemplos\u00bb background_layout=\u00bblight\u00bb text_orientation=\u00bbleft\u00bb \/][\/et_pb_section][et_pb_section fullwidth=\u00bboff\u00bb specialty=\u00bboff\u00bb transparent_background=\u00bboff\u00bb background_color=\u00bb#ffffff\u00bb inner_shadow=\u00bboff\u00bb parallax=\u00bboff\u00bb parallax_method=\u00bboff\u00bb module_class=\u00bbno-bottom-padding\u00bb][et_pb_row][et_pb_column type=\u00bb2_3&#8243;][et_pb_text admin_label=\u00bbText &#8211; pattern \u00bb background_layout=\u00bblight\u00bb text_orientation=\u00bbleft\u00bb] La naturaleza recicla todos los materiales. &nbsp; [\/et_pb_text][\/et_pb_column][et_pb_column type=\u00bb1_3&#8243;][et_pb_blurb admin_label=\u00bbBlurb\u00bb title=\u00bbEjemplos de la biolog\u00eda\u00bb url=\u00bb#biology\u00bb url_new_window=\u00bboff\u00bb use_icon=\u00bbon\u00bb font_icon=\u00bb\ue048\u00bb [&hellip;]","og_url":"https:\/\/toolbox.biomimicry.org\/es\/conceptos-medulares\/patrones-unificadores-de-la-naturaleza\/reciclar-materiales\/","og_site_name":"Biomimicry Toolbox","article_modified_time":"2019-02-12T00:57:37+00:00","twitter_misc":{"Est. reading time":"9 minutos"},"schema":{"@context":"https:\/\/schema.org","@graph":[{"@type":"WebPage","@id":"https:\/\/toolbox.biomimicry.org\/es\/conceptos-medulares\/patrones-unificadores-de-la-naturaleza\/reciclar-materiales\/","url":"https:\/\/toolbox.biomimicry.org\/es\/conceptos-medulares\/patrones-unificadores-de-la-naturaleza\/reciclar-materiales\/","name":"Reciclar materiales - Biomimicry Toolbox","isPartOf":{"@id":"https:\/\/toolbox.biomimicry.org\/#website"},"datePublished":"2019-02-12T00:57:34+00:00","dateModified":"2019-02-12T00:57:37+00:00","breadcrumb":{"@id":"https:\/\/toolbox.biomimicry.org\/es\/conceptos-medulares\/patrones-unificadores-de-la-naturaleza\/reciclar-materiales\/#breadcrumb"},"inLanguage":"es","potentialAction":[{"@type":"ReadAction","target":["https:\/\/toolbox.biomimicry.org\/es\/conceptos-medulares\/patrones-unificadores-de-la-naturaleza\/reciclar-materiales\/"]}]},{"@type":"BreadcrumbList","@id":"https:\/\/toolbox.biomimicry.org\/es\/conceptos-medulares\/patrones-unificadores-de-la-naturaleza\/reciclar-materiales\/#breadcrumb","itemListElement":[{"@type":"ListItem","position":1,"name":"Portada","item":"https:\/\/toolbox.biomimicry.org\/es\/"},{"@type":"ListItem","position":2,"name":"Conceptos medulares","item":"https:\/\/toolbox.biomimicry.org\/es\/conceptos-medulares\/"},{"@type":"ListItem","position":3,"name":"Patrones unificadores de la naturaleza","item":"https:\/\/toolbox.biomimicry.org\/es\/conceptos-medulares\/patrones-unificadores-de-la-naturaleza\/"},{"@type":"ListItem","position":4,"name":"Reciclar materiales"}]},{"@type":"WebSite","@id":"https:\/\/toolbox.biomimicry.org\/#website","url":"https:\/\/toolbox.biomimicry.org\/","name":"Biomimicry Toolbox","description":"How to apply nature\u2019s lessons to design challenges","potentialAction":[{"@type":"SearchAction","target":{"@type":"EntryPoint","urlTemplate":"https:\/\/toolbox.biomimicry.org\/?s={search_term_string}"},"query-input":{"@type":"PropertyValueSpecification","valueRequired":true,"valueName":"search_term_string"}}],"inLanguage":"es"}]}},"_links":{"self":[{"href":"https:\/\/toolbox.biomimicry.org\/es\/wp-json\/wp\/v2\/pages\/8646","targetHints":{"allow":["GET"]}}],"collection":[{"href":"https:\/\/toolbox.biomimicry.org\/es\/wp-json\/wp\/v2\/pages"}],"about":[{"href":"https:\/\/toolbox.biomimicry.org\/es\/wp-json\/wp\/v2\/types\/page"}],"author":[{"embeddable":true,"href":"https:\/\/toolbox.biomimicry.org\/es\/wp-json\/wp\/v2\/users\/2"}],"replies":[{"embeddable":true,"href":"https:\/\/toolbox.biomimicry.org\/es\/wp-json\/wp\/v2\/comments?post=8646"}],"version-history":[{"count":0,"href":"https:\/\/toolbox.biomimicry.org\/es\/wp-json\/wp\/v2\/pages\/8646\/revisions"}],"up":[{"embeddable":true,"href":"https:\/\/toolbox.biomimicry.org\/es\/wp-json\/wp\/v2\/pages\/8643"}],"wp:attachment":[{"href":"https:\/\/toolbox.biomimicry.org\/es\/wp-json\/wp\/v2\/media?parent=8646"}],"curies":[{"name":"wp","href":"https:\/\/api.w.org\/{rel}","templated":true}]}}