{"id":8647,"date":"2019-02-12T17:49:32","date_gmt":"2019-02-12T17:49:32","guid":{"rendered":"http:\/\/toolbox.biomimicry.org\/patrones-unificadores-de-la-naturaleza\/utilice-la-forma-para-la-funcion\/"},"modified":"2019-02-12T17:49:39","modified_gmt":"2019-02-12T17:49:39","slug":"utilice-la-forma-para-la-funcion","status":"publish","type":"page","link":"https:\/\/toolbox.biomimicry.org\/es\/conceptos-medulares\/patrones-unificadores-de-la-naturaleza\/utilice-la-forma-para-la-funcion\/","title":{"rendered":"Utilice la forma para la funci\u00f3n"},"content":{"rendered":"<p>[et_pb_section admin_label=\u00bbsection\u00bb fullwidth=\u00bbon\u00bb specialty=\u00bboff\u00bb transparent_background=\u00bboff\u00bb background_color=\u00bb#ebeed9&#8243; inner_shadow=\u00bbon\u00bb parallax=\u00bboff\u00bb parallax_method=\u00bboff\u00bb][et_pb_fullwidth_header admin_label=\u00bbFullwidth Header\u00bb title=\u00bbPatrones unificadores de la naturaleza\u00bb subhead=\u00bbDescripciones detalladas y ejemplos\u00bb background_layout=\u00bblight\u00bb text_orientation=\u00bbleft\u00bb]<\/p>\n<p>[\/et_pb_fullwidth_header][\/et_pb_section][et_pb_section admin_label=\u00bbsection\u00bb fullwidth=\u00bboff\u00bb specialty=\u00bboff\u00bb transparent_background=\u00bboff\u00bb background_color=\u00bb#ffffff\u00bb inner_shadow=\u00bboff\u00bb parallax=\u00bboff\u00bb parallax_method=\u00bboff\u00bb module_class=\u00bbno-bottom-padding\u00bb][et_pb_row admin_label=\u00bbrow\u00bb][et_pb_column type=\u00bb2_3&#8243;][et_pb_text admin_label=\u00bbText\u00bb background_layout=\u00bblight\u00bb text_orientation=\u00bbleft\u00bb]<\/p>\n<h2>La naturaleza usa la forma para determinar la funcionalidad.<\/h2>\n<p>[\/et_pb_text][\/et_pb_column][et_pb_column type=\u00bb1_3&#8243;][et_pb_blurb admin_label=\u00bbBlurb\u00bb title=\u00bbEjemplos de la biolog\u00eda\u00bb url=\u00bb#biology\u00bb url_new_window=\u00bboff\u00bb use_icon=\u00bbon\u00bb font_icon=\u00bb\ue048\u00bb icon_color=\u00bb#ffdd00&#8243; use_circle=\u00bboff\u00bb circle_color=\u00bb#404041&#8243; use_circle_border=\u00bboff\u00bb circle_border_color=\u00bb#404041&#8243; icon_placement=\u00bbleft\u00bb animation=\u00bbtop\u00bb background_layout=\u00bblight\u00bb text_orientation=\u00bbcenter\u00bb]<\/p>\n<p>[\/et_pb_blurb][et_pb_blurb admin_label=\u00bbBlurb\u00bb title=\u00bbAplicaciones de dise\u00f1o\u00bb url=\u00bb#design\u00bb url_new_window=\u00bboff\u00bb use_icon=\u00bbon\u00bb font_icon=\u00bb\ue048\u00bb icon_color=\u00bb#ffdd00&#8243; use_circle=\u00bboff\u00bb circle_color=\u00bb#404041&#8243; use_circle_border=\u00bboff\u00bb circle_border_color=\u00bb#404041&#8243; icon_placement=\u00bbleft\u00bb animation=\u00bbtop\u00bb background_layout=\u00bblight\u00bb text_orientation=\u00bbcenter\u00bb]<\/p>\n<p>[\/et_pb_blurb][et_pb_blurb admin_label=\u00bbBlurb\u00bb title=\u00bbVolver a la portada\u00bb url=\u00bbhttp:\/\/toolbox.biomimicry.org\/core-concepts\/natures-unifying-patterns\/\u00bb url_new_window=\u00bboff\u00bb use_icon=\u00bbon\u00bb font_icon=\u00bb\ue049\u00bb icon_color=\u00bb#bdc6c3&#8243; use_circle=\u00bboff\u00bb circle_color=\u00bb#404041&#8243; use_circle_border=\u00bboff\u00bb circle_border_color=\u00bb#404041&#8243; icon_placement=\u00bbleft\u00bb animation=\u00bbtop\u00bb background_layout=\u00bblight\u00bb text_orientation=\u00bbcenter\u00bb]<\/p>\n<p>[\/et_pb_blurb][\/et_pb_column][\/et_pb_row][et_pb_row admin_label=\u00bbrow\u00bb][et_pb_column type=\u00bb2_3&#8243;][et_pb_text admin_label=\u00bbText &#8211; description\u00bb background_layout=\u00bblight\u00bb text_orientation=\u00bbleft\u00bb use_border_color=\u00bboff\u00bb border_color=\u00bb#ffffff\u00bb border_style=\u00bbsolid\u00bb]<\/p>\n<p>Con frecuencia, en vez de agregar grandes cantidades de materiales y energ\u00eda, la naturaleza utiliza la forma para cumplir con los requerimientos funcionales. Esto permite a los organismos lograr lo que necesitan utilizando un m\u00ednimo de recursos. Las formas pueden encontrarse en el dorso de un escarabajo y en la estructura multicapas de la selva tropical. Si notamos un formulario en la naturaleza, con excepciones muy raras, casi siempre hay una raz\u00f3n funcional detr\u00e1s de esa forma.<\/p>\n<p>[\/et_pb_text][\/et_pb_column][et_pb_column type=\u00bb1_3&#8243;][et_pb_sidebar admin_label=\u00bbSidebar\u00bb orientation=\u00bbleft\u00bb area=\u00bbet_pb_widget_area_4&#8243; background_layout=\u00bblight\u00bb module_id=\u00bbnup-sidebar\u00bb]<\/p>\n<p>[\/et_pb_sidebar][\/et_pb_column][\/et_pb_row][\/et_pb_section][et_pb_section admin_label=\u00bbsection\u00bb fullwidth=\u00bboff\u00bb specialty=\u00bboff\u00bb transparent_background=\u00bboff\u00bb background_color=\u00bb#ffffff\u00bb inner_shadow=\u00bboff\u00bb parallax=\u00bboff\u00bb parallax_method=\u00bboff\u00bb module_id=\u00bbbiology\u00bb][et_pb_row admin_label=\u00bbrow\u00bb][et_pb_column type=\u00bb4_4&#8243;][et_pb_text admin_label=\u00bbHeader &#8211; bio examples\u00bb background_layout=\u00bblight\u00bb text_orientation=\u00bbleft\u00bb]<\/p>\n<h2>Ejemplos de la biolog\u00eda<\/h2>\n<p>&nbsp;<\/p>\n<p>[\/et_pb_text][et_pb_text admin_label=\u00bbText\u00bb background_layout=\u00bblight\u00bb text_orientation=\u00bbleft\u00bb module_class=\u00bbno-bottom-padding\u00bb]<\/p>\n<h3>Lengua de gato<\/h3>\n<p>[\/et_pb_text][\/et_pb_column][\/et_pb_row][et_pb_row admin_label=\u00bbrow\u00bb][et_pb_column type=\u00bb1_2&#8243;][et_pb_image admin_label=\u00bbImage &#8211; cat\u00bb src=\u00bbhttps:\/\/toolbox.biomimicry.org\/wp-content\/uploads\/2015\/04\/Cat-tongue_-torbakhopper-HE-DEAD_CC_by_ND.jpg\u00bb show_in_lightbox=\u00bboff\u00bb url_new_window=\u00bboff\u00bb animation=\u00bbfade_in\u00bb sticky=\u00bboff\u00bb]<\/p>\n<p>[\/et_pb_image][\/et_pb_column][et_pb_column type=\u00bb1_2&#8243;][et_pb_text admin_label=\u00bbText\u00bb background_layout=\u00bblight\u00bb text_orientation=\u00bbleft\u00bb]<\/p>\n<p>La lengua de los gatos tiene unas peque\u00f1as p\u00faas, llamadas papilas, que hacen m\u00e1s f\u00e1cil para los felinos remover la carne de los huesos y los tejidos de las presas peque\u00f1as que capturan. La lengua tambi\u00e9n les sirve para asearse de manera efectiva, lo que de hecho es una habilidad de supervivencia. Despu\u00e9s de que un gato devora su presa, se asea profundamente para remover cualquier evidencia persistente de la cacer\u00eda y as\u00ed no atraer a depredadores m\u00e1s grandes con el olor. Independientemente de que el gato limpie a su presa o se limpie a s\u00ed mismo, la lengua hace la mayor parte del trabajo por su forma de p\u00faas.<\/p>\n<p>[\/et_pb_text][\/et_pb_column][\/et_pb_row][et_pb_row admin_label=\u00bbrow\u00bb][et_pb_column type=\u00bb4_4&#8243;][et_pb_text admin_label=\u00bbText\u00bb background_layout=\u00bblight\u00bb text_orientation=\u00bbleft\u00bb module_class=\u00bbno-bottom-padding\u00bb]<\/p>\n<h3>Aletas de pescado<\/h3>\n<p>[\/et_pb_text][\/et_pb_column][\/et_pb_row][et_pb_row admin_label=\u00bbrow\u00bb][et_pb_column type=\u00bb1_2&#8243;][et_pb_image admin_label=\u00bbImage &#8211; fin shapes\u00bb src=\u00bbhttps:\/\/toolbox.biomimicry.org\/wp-content\/uploads\/2015\/04\/Screen-Shot-2015-04-29-at-9.59.45-AM-e1430316397544.png\u00bb show_in_lightbox=\u00bbon\u00bb url_new_window=\u00bboff\u00bb animation=\u00bbfade_in\u00bb sticky=\u00bboff\u00bb]<\/p>\n<p>[\/et_pb_image][et_pb_text admin_label=\u00bbText\u00bb background_layout=\u00bblight\u00bb text_orientation=\u00bbleft\u00bb module_class=\u00bbcaption\u00bb]<\/p>\n<p>Formas de aletas de cola de pescado Haz clic para agrandar<\/p>\n<p>[\/et_pb_text][\/et_pb_column][et_pb_column type=\u00bb1_2&#8243;][et_pb_text admin_label=\u00bbText\u00bb background_layout=\u00bblight\u00bb text_orientation=\u00bbleft\u00bb]<\/p>\n<p>Las aletas de la cola de los pescados tienen diversas formas seg\u00fan su funci\u00f3n expl\u00edcita. Los peces de at\u00fan tienen una aleta de semilunar, lo que los hace ir r\u00e1pido. El salm\u00f3n tiene una aleta emarginada con una gran superficie que les da mucha fuerza para saltar r\u00edo arriba en r\u00edos salvajes. Los peces guppy tienen una aleta de cola grande y muy flexible que los hace altamente maniobrables.<\/p>\n<p>[\/et_pb_text][\/et_pb_column][\/et_pb_row][et_pb_row admin_label=\u00bbrow\u00bb][et_pb_column type=\u00bb4_4&#8243;][et_pb_text admin_label=\u00bbText\u00bb background_layout=\u00bblight\u00bb text_orientation=\u00bbleft\u00bb module_class=\u00bbno-bottom-padding\u00bb]<\/p>\n<h3>Venus atrapamoscas<\/h3>\n<p>[\/et_pb_text][\/et_pb_column][\/et_pb_row][et_pb_row admin_label=\u00bbrow\u00bb][et_pb_column type=\u00bb1_2&#8243;][et_pb_image admin_label=\u00bbImage &#8211; flytrap\u00bb src=\u00bbhttps:\/\/toolbox.biomimicry.org\/wp-content\/uploads\/2015\/04\/Venus-fly-traps_David-McAdoo_CC_by_NC.jpg\u00bb show_in_lightbox=\u00bboff\u00bb url_new_window=\u00bboff\u00bb animation=\u00bbfade_in\u00bb sticky=\u00bboff\u00bb]<\/p>\n<p>[\/et_pb_image][\/et_pb_column][et_pb_column type=\u00bb1_2&#8243;][et_pb_text admin_label=\u00bbText\u00bb background_layout=\u00bblight\u00bb text_orientation=\u00bbleft\u00bb]<\/p>\n<p>La planta carn\u00edvora Venus atrapamoscas es bien conocida. Atrapa insectos despistados cuando su hoja en forma de copa se cierra. El mecanismo, llamado inestabilidad repentina, se parece a una pelota de tenis partida a la mitad que se dobla hacia afuera. Cuando la hoja est\u00e1 abierta, sus lados son convexos o redondos. Cuando se accionan, las superficies opuestas de las hojas se contraen hacia adentro, formando una cavidad y cerr\u00e1ndose. Hay unos peque\u00f1os cabellos o cilios en los bordes de las hojas. Un leve disturbio en los cilios por parte de un insecto detona el colapso instant\u00e1neo de las hojas. Las plantas son tan sensibles que son capaces de distinguir a los insectos de las gotas de lluvia. Adem\u00e1s, la hoja no se cierra a menos que dos cilios adyacentes se muevan o sean tocados dos veces, lo que le ahorra energ\u00eda a la planta al evitar falsas alarmas.<\/p>\n<p>[\/et_pb_text][\/et_pb_column][\/et_pb_row][\/et_pb_section][et_pb_section admin_label=\u00bbsection\u00bb fullwidth=\u00bboff\u00bb specialty=\u00bboff\u00bb transparent_background=\u00bboff\u00bb background_color=\u00bb#ffffff\u00bb inner_shadow=\u00bboff\u00bb parallax=\u00bboff\u00bb parallax_method=\u00bboff\u00bb module_id=\u00bbdesign\u00bb][et_pb_row admin_label=\u00bbrow\u00bb][et_pb_column type=\u00bb4_4&#8243;][et_pb_text admin_label=\u00bbHeader &#8211; design examples\u00bb background_layout=\u00bblight\u00bb text_orientation=\u00bbleft\u00bb]<\/p>\n<h2>Aplicaciones de dise\u00f1o<\/h2>\n<p>[\/et_pb_text][et_pb_text admin_label=\u00bbText\u00bb background_layout=\u00bblight\u00bb text_orientation=\u00bbleft\u00bb module_class=\u00bbno-bottom-padding\u00bb]<\/p>\n<h3>El tren Shinkansen<\/h3>\n<p>[\/et_pb_text][\/et_pb_column][\/et_pb_row][et_pb_row admin_label=\u00bbrow\u00bb][et_pb_column type=\u00bb1_2&#8243;][et_pb_image admin_label=\u00bbImage &#8211; shinkansen\u00bb src=\u00bbhttps:\/\/toolbox.biomimicry.org\/wp-content\/uploads\/2015\/04\/Shinkansen_MarcoCarrubba_CCbyNC-ND_Flickr.jpg\u00bb show_in_lightbox=\u00bboff\u00bb url_new_window=\u00bboff\u00bb animation=\u00bbfade_in\u00bb sticky=\u00bboff\u00bb]<\/p>\n<p>[\/et_pb_image][\/et_pb_column][et_pb_column type=\u00bb1_2&#8243;][et_pb_text admin_label=\u00bbText\u00bb background_layout=\u00bblight\u00bb text_orientation=\u00bbleft\u00bb]<\/p>\n<p>En Jap\u00f3n, el dise\u00f1o de la nariz del tren el\u00e9ctrico de alta velocidad, Shinkansen, est\u00e1 basado en la forma del pico del mart\u00edn pescador. La forma de la nariz del tren resuelve dos problemas que los ingenieros enfrentaron: ruido y eficiencia energ\u00e9tica. El dise\u00f1o anterior ten\u00eda la forma de una bala chata. Cuando el tren de alta velocidad entraba en un t\u00fanel, empujaba una onda de presi\u00f3n enfrente de \u00e9l. Al momento en que el tren y la onda frente a \u00e9l emerg\u00edan del t\u00fanel, se creaba un estruendo como una explosi\u00f3n s\u00f3nica. El nuevo dise\u00f1o usa la forma para cumplir con la funci\u00f3n de evitar la onda de presi\u00f3n y reduce el arrastre del tren ahorrando energ\u00eda.<\/p>\n<p>[\/et_pb_text][\/et_pb_column][\/et_pb_row][et_pb_row admin_label=\u00bbrow\u00bb][et_pb_column type=\u00bb4_4&#8243;][et_pb_text admin_label=\u00bbText\u00bb background_layout=\u00bblight\u00bb text_orientation=\u00bbleft\u00bb module_class=\u00bbno-bottom-padding\u00bb]<\/p>\n<h3>Mesa Tre<\/h3>\n<p>[\/et_pb_text][\/et_pb_column][\/et_pb_row][et_pb_row admin_label=\u00bbrow\u00bb][et_pb_column type=\u00bb1_2&#8243;][et_pb_image admin_label=\u00bbImage &#8211; table\u00bb src=\u00bbhttps:\/\/toolbox.biomimicry.org\/wp-content\/uploads\/2015\/04\/Tre-Table_Screen-Shot-from-a-website.jpg.png\u00bb show_in_lightbox=\u00bboff\u00bb url_new_window=\u00bboff\u00bb animation=\u00bbfade_in\u00bb sticky=\u00bboff\u00bb]<\/p>\n<p>[\/et_pb_image][\/et_pb_column][et_pb_column type=\u00bb1_2&#8243;][et_pb_text admin_label=\u00bbText\u00bb background_layout=\u00bblight\u00bb text_orientation=\u00bbleft\u00bb]<\/p>\n<p>Creada a partir de una hoja continua de madera, la Mesa Tre lleva la noci\u00f3n del mobiliario funcional a otro nivel. La forma \u00fanica del dise\u00f1o permite que la mesa sea usada como una mesa de caf\u00e9, mesita auxiliar, escritorio, o charola para la cena, o tambi\u00e9n como soporte para computadoras port\u00e1tiles o estante para revistas.<\/p>\n<p>[\/et_pb_text][\/et_pb_column][\/et_pb_row][\/et_pb_section][et_pb_section admin_label=\u00bbsection\u00bb][et_pb_row admin_label=\u00bbrow\u00bb][et_pb_column type=\u00bb2_3&#8243;][et_pb_toggle admin_label=\u00bbToggle\u00bb title=\u00bbCr\u00e9ditos de imagen\u00bb open=\u00bboff\u00bb module_class=\u00bbcaption\u00bb]<\/p>\n<p>Lengua de gato: Torbak Hopper CC-BY-ND<br \/>\nFormas de aletas de pescado: <a href=\"http:\/\/www.dec.ny.gov\/education\/90008.htmlhttp:\/\/\" target=\"_blank\">NY State Dept of Environmental Conservation<br \/>\n<\/a> Venus atrapamoscas: David McAdoo CC-BY-NC<br \/>\nTren Shinkansen: Marco Carrubba CC-BY-NC-ND<br \/>\nMesa Tre: via <a href=\"http:\/\/www.morfae.com\/xa277-isaac-krady\/\" target=\"_blank\">Morfae<\/a><\/p>\n<p>&nbsp;<\/p>\n<p>[\/et_pb_toggle][\/et_pb_column][et_pb_column type=\u00bb1_3&#8243;][\/et_pb_column][\/et_pb_row][\/et_pb_section]<\/p>\n","protected":false},"excerpt":{"rendered":"<p>[et_pb_section admin_label=\u00bbsection\u00bb fullwidth=\u00bbon\u00bb specialty=\u00bboff\u00bb transparent_background=\u00bboff\u00bb background_color=\u00bb#ebeed9&#8243; inner_shadow=\u00bbon\u00bb parallax=\u00bboff\u00bb parallax_method=\u00bboff\u00bb][et_pb_fullwidth_header admin_label=\u00bbFullwidth Header\u00bb title=\u00bbPatrones unificadores de la naturaleza\u00bb subhead=\u00bbDescripciones detalladas y ejemplos\u00bb background_layout=\u00bblight\u00bb text_orientation=\u00bbleft\u00bb] [\/et_pb_fullwidth_header][\/et_pb_section][et_pb_section admin_label=\u00bbsection\u00bb fullwidth=\u00bboff\u00bb specialty=\u00bboff\u00bb transparent_background=\u00bboff\u00bb background_color=\u00bb#ffffff\u00bb inner_shadow=\u00bboff\u00bb parallax=\u00bboff\u00bb parallax_method=\u00bboff\u00bb module_class=\u00bbno-bottom-padding\u00bb][et_pb_row admin_label=\u00bbrow\u00bb][et_pb_column type=\u00bb2_3&#8243;][et_pb_text admin_label=\u00bbText\u00bb background_layout=\u00bblight\u00bb text_orientation=\u00bbleft\u00bb] La naturaleza usa la forma para determinar la funcionalidad. [\/et_pb_text][\/et_pb_column][et_pb_column type=\u00bb1_3&#8243;][et_pb_blurb admin_label=\u00bbBlurb\u00bb title=\u00bbEjemplos de la biolog\u00eda\u00bb url=\u00bb#biology\u00bb url_new_window=\u00bboff\u00bb [&hellip;]<\/p>\n","protected":false},"author":2,"featured_media":0,"parent":8643,"menu_order":0,"comment_status":"closed","ping_status":"closed","template":"","meta":{"_exactmetrics_skip_tracking":false,"_exactmetrics_sitenote_active":false,"_exactmetrics_sitenote_note":"","_exactmetrics_sitenote_category":0,"footnotes":""},"class_list":["post-8647","page","type-page","status-publish","hentry"],"yoast_head":"<!-- This site is optimized with the Yoast SEO plugin v27.4 - https:\/\/yoast.com\/product\/yoast-seo-wordpress\/ -->\n<title>Utilice la forma para la funci\u00f3n - Biomimicry Toolbox<\/title>\n<meta name=\"robots\" content=\"index, follow, max-snippet:-1, max-image-preview:large, max-video-preview:-1\" \/>\n<link rel=\"canonical\" href=\"https:\/\/toolbox.biomimicry.org\/es\/conceptos-medulares\/patrones-unificadores-de-la-naturaleza\/utilice-la-forma-para-la-funcion\/\" \/>\n<meta property=\"og:locale\" content=\"es_ES\" \/>\n<meta property=\"og:type\" content=\"article\" \/>\n<meta property=\"og:title\" content=\"Utilice la forma para la funci\u00f3n - Biomimicry Toolbox\" \/>\n<meta property=\"og:description\" content=\"[et_pb_section admin_label=\u00bbsection\u00bb fullwidth=\u00bbon\u00bb specialty=\u00bboff\u00bb transparent_background=\u00bboff\u00bb background_color=\u00bb#ebeed9&#8243; inner_shadow=\u00bbon\u00bb parallax=\u00bboff\u00bb parallax_method=\u00bboff\u00bb][et_pb_fullwidth_header admin_label=\u00bbFullwidth Header\u00bb title=\u00bbPatrones unificadores de la naturaleza\u00bb subhead=\u00bbDescripciones detalladas y ejemplos\u00bb background_layout=\u00bblight\u00bb text_orientation=\u00bbleft\u00bb] [\/et_pb_fullwidth_header][\/et_pb_section][et_pb_section admin_label=\u00bbsection\u00bb fullwidth=\u00bboff\u00bb specialty=\u00bboff\u00bb transparent_background=\u00bboff\u00bb background_color=\u00bb#ffffff\u00bb inner_shadow=\u00bboff\u00bb parallax=\u00bboff\u00bb parallax_method=\u00bboff\u00bb module_class=\u00bbno-bottom-padding\u00bb][et_pb_row admin_label=\u00bbrow\u00bb][et_pb_column type=\u00bb2_3&#8243;][et_pb_text admin_label=\u00bbText\u00bb background_layout=\u00bblight\u00bb text_orientation=\u00bbleft\u00bb] La naturaleza usa la forma para determinar la funcionalidad. [\/et_pb_text][\/et_pb_column][et_pb_column type=\u00bb1_3&#8243;][et_pb_blurb admin_label=\u00bbBlurb\u00bb title=\u00bbEjemplos de la biolog\u00eda\u00bb url=\u00bb#biology\u00bb url_new_window=\u00bboff\u00bb [&hellip;]\" \/>\n<meta property=\"og:url\" content=\"https:\/\/toolbox.biomimicry.org\/es\/conceptos-medulares\/patrones-unificadores-de-la-naturaleza\/utilice-la-forma-para-la-funcion\/\" \/>\n<meta property=\"og:site_name\" content=\"Biomimicry Toolbox\" \/>\n<meta property=\"article:modified_time\" content=\"2019-02-12T17:49:39+00:00\" \/>\n<meta name=\"twitter:label1\" content=\"Est. reading time\" \/>\n\t<meta name=\"twitter:data1\" content=\"9 minutos\" \/>\n<script type=\"application\/ld+json\" class=\"yoast-schema-graph\">{\"@context\":\"https:\\\/\\\/schema.org\",\"@graph\":[{\"@type\":\"WebPage\",\"@id\":\"https:\\\/\\\/toolbox.biomimicry.org\\\/es\\\/conceptos-medulares\\\/patrones-unificadores-de-la-naturaleza\\\/utilice-la-forma-para-la-funcion\\\/\",\"url\":\"https:\\\/\\\/toolbox.biomimicry.org\\\/es\\\/conceptos-medulares\\\/patrones-unificadores-de-la-naturaleza\\\/utilice-la-forma-para-la-funcion\\\/\",\"name\":\"Utilice la forma para la funci\u00f3n - Biomimicry Toolbox\",\"isPartOf\":{\"@id\":\"https:\\\/\\\/toolbox.biomimicry.org\\\/#website\"},\"datePublished\":\"2019-02-12T17:49:32+00:00\",\"dateModified\":\"2019-02-12T17:49:39+00:00\",\"breadcrumb\":{\"@id\":\"https:\\\/\\\/toolbox.biomimicry.org\\\/es\\\/conceptos-medulares\\\/patrones-unificadores-de-la-naturaleza\\\/utilice-la-forma-para-la-funcion\\\/#breadcrumb\"},\"inLanguage\":\"es\",\"potentialAction\":[{\"@type\":\"ReadAction\",\"target\":[\"https:\\\/\\\/toolbox.biomimicry.org\\\/es\\\/conceptos-medulares\\\/patrones-unificadores-de-la-naturaleza\\\/utilice-la-forma-para-la-funcion\\\/\"]}]},{\"@type\":\"BreadcrumbList\",\"@id\":\"https:\\\/\\\/toolbox.biomimicry.org\\\/es\\\/conceptos-medulares\\\/patrones-unificadores-de-la-naturaleza\\\/utilice-la-forma-para-la-funcion\\\/#breadcrumb\",\"itemListElement\":[{\"@type\":\"ListItem\",\"position\":1,\"name\":\"Portada\",\"item\":\"https:\\\/\\\/toolbox.biomimicry.org\\\/es\\\/\"},{\"@type\":\"ListItem\",\"position\":2,\"name\":\"Conceptos medulares\",\"item\":\"https:\\\/\\\/toolbox.biomimicry.org\\\/es\\\/conceptos-medulares\\\/\"},{\"@type\":\"ListItem\",\"position\":3,\"name\":\"Patrones unificadores de la naturaleza\",\"item\":\"https:\\\/\\\/toolbox.biomimicry.org\\\/es\\\/conceptos-medulares\\\/patrones-unificadores-de-la-naturaleza\\\/\"},{\"@type\":\"ListItem\",\"position\":4,\"name\":\"Utilice la forma para la funci\u00f3n\"}]},{\"@type\":\"WebSite\",\"@id\":\"https:\\\/\\\/toolbox.biomimicry.org\\\/#website\",\"url\":\"https:\\\/\\\/toolbox.biomimicry.org\\\/\",\"name\":\"Biomimicry Toolbox\",\"description\":\"How to apply nature\u2019s lessons to design challenges\",\"potentialAction\":[{\"@type\":\"SearchAction\",\"target\":{\"@type\":\"EntryPoint\",\"urlTemplate\":\"https:\\\/\\\/toolbox.biomimicry.org\\\/?s={search_term_string}\"},\"query-input\":{\"@type\":\"PropertyValueSpecification\",\"valueRequired\":true,\"valueName\":\"search_term_string\"}}],\"inLanguage\":\"es\"}]}<\/script>\n<!-- \/ Yoast SEO plugin. -->","yoast_head_json":{"title":"Utilice la forma para la funci\u00f3n - Biomimicry Toolbox","robots":{"index":"index","follow":"follow","max-snippet":"max-snippet:-1","max-image-preview":"max-image-preview:large","max-video-preview":"max-video-preview:-1"},"canonical":"https:\/\/toolbox.biomimicry.org\/es\/conceptos-medulares\/patrones-unificadores-de-la-naturaleza\/utilice-la-forma-para-la-funcion\/","og_locale":"es_ES","og_type":"article","og_title":"Utilice la forma para la funci\u00f3n - Biomimicry Toolbox","og_description":"[et_pb_section admin_label=\u00bbsection\u00bb fullwidth=\u00bbon\u00bb specialty=\u00bboff\u00bb transparent_background=\u00bboff\u00bb background_color=\u00bb#ebeed9&#8243; inner_shadow=\u00bbon\u00bb parallax=\u00bboff\u00bb parallax_method=\u00bboff\u00bb][et_pb_fullwidth_header admin_label=\u00bbFullwidth Header\u00bb title=\u00bbPatrones unificadores de la naturaleza\u00bb subhead=\u00bbDescripciones detalladas y ejemplos\u00bb background_layout=\u00bblight\u00bb text_orientation=\u00bbleft\u00bb] [\/et_pb_fullwidth_header][\/et_pb_section][et_pb_section admin_label=\u00bbsection\u00bb fullwidth=\u00bboff\u00bb specialty=\u00bboff\u00bb transparent_background=\u00bboff\u00bb background_color=\u00bb#ffffff\u00bb inner_shadow=\u00bboff\u00bb parallax=\u00bboff\u00bb parallax_method=\u00bboff\u00bb module_class=\u00bbno-bottom-padding\u00bb][et_pb_row admin_label=\u00bbrow\u00bb][et_pb_column type=\u00bb2_3&#8243;][et_pb_text admin_label=\u00bbText\u00bb background_layout=\u00bblight\u00bb text_orientation=\u00bbleft\u00bb] La naturaleza usa la forma para determinar la funcionalidad. [\/et_pb_text][\/et_pb_column][et_pb_column type=\u00bb1_3&#8243;][et_pb_blurb admin_label=\u00bbBlurb\u00bb title=\u00bbEjemplos de la biolog\u00eda\u00bb url=\u00bb#biology\u00bb url_new_window=\u00bboff\u00bb [&hellip;]","og_url":"https:\/\/toolbox.biomimicry.org\/es\/conceptos-medulares\/patrones-unificadores-de-la-naturaleza\/utilice-la-forma-para-la-funcion\/","og_site_name":"Biomimicry Toolbox","article_modified_time":"2019-02-12T17:49:39+00:00","twitter_misc":{"Est. reading time":"9 minutos"},"schema":{"@context":"https:\/\/schema.org","@graph":[{"@type":"WebPage","@id":"https:\/\/toolbox.biomimicry.org\/es\/conceptos-medulares\/patrones-unificadores-de-la-naturaleza\/utilice-la-forma-para-la-funcion\/","url":"https:\/\/toolbox.biomimicry.org\/es\/conceptos-medulares\/patrones-unificadores-de-la-naturaleza\/utilice-la-forma-para-la-funcion\/","name":"Utilice la forma para la funci\u00f3n - Biomimicry Toolbox","isPartOf":{"@id":"https:\/\/toolbox.biomimicry.org\/#website"},"datePublished":"2019-02-12T17:49:32+00:00","dateModified":"2019-02-12T17:49:39+00:00","breadcrumb":{"@id":"https:\/\/toolbox.biomimicry.org\/es\/conceptos-medulares\/patrones-unificadores-de-la-naturaleza\/utilice-la-forma-para-la-funcion\/#breadcrumb"},"inLanguage":"es","potentialAction":[{"@type":"ReadAction","target":["https:\/\/toolbox.biomimicry.org\/es\/conceptos-medulares\/patrones-unificadores-de-la-naturaleza\/utilice-la-forma-para-la-funcion\/"]}]},{"@type":"BreadcrumbList","@id":"https:\/\/toolbox.biomimicry.org\/es\/conceptos-medulares\/patrones-unificadores-de-la-naturaleza\/utilice-la-forma-para-la-funcion\/#breadcrumb","itemListElement":[{"@type":"ListItem","position":1,"name":"Portada","item":"https:\/\/toolbox.biomimicry.org\/es\/"},{"@type":"ListItem","position":2,"name":"Conceptos medulares","item":"https:\/\/toolbox.biomimicry.org\/es\/conceptos-medulares\/"},{"@type":"ListItem","position":3,"name":"Patrones unificadores de la naturaleza","item":"https:\/\/toolbox.biomimicry.org\/es\/conceptos-medulares\/patrones-unificadores-de-la-naturaleza\/"},{"@type":"ListItem","position":4,"name":"Utilice la forma para la funci\u00f3n"}]},{"@type":"WebSite","@id":"https:\/\/toolbox.biomimicry.org\/#website","url":"https:\/\/toolbox.biomimicry.org\/","name":"Biomimicry Toolbox","description":"How to apply nature\u2019s lessons to design challenges","potentialAction":[{"@type":"SearchAction","target":{"@type":"EntryPoint","urlTemplate":"https:\/\/toolbox.biomimicry.org\/?s={search_term_string}"},"query-input":{"@type":"PropertyValueSpecification","valueRequired":true,"valueName":"search_term_string"}}],"inLanguage":"es"}]}},"_links":{"self":[{"href":"https:\/\/toolbox.biomimicry.org\/es\/wp-json\/wp\/v2\/pages\/8647","targetHints":{"allow":["GET"]}}],"collection":[{"href":"https:\/\/toolbox.biomimicry.org\/es\/wp-json\/wp\/v2\/pages"}],"about":[{"href":"https:\/\/toolbox.biomimicry.org\/es\/wp-json\/wp\/v2\/types\/page"}],"author":[{"embeddable":true,"href":"https:\/\/toolbox.biomimicry.org\/es\/wp-json\/wp\/v2\/users\/2"}],"replies":[{"embeddable":true,"href":"https:\/\/toolbox.biomimicry.org\/es\/wp-json\/wp\/v2\/comments?post=8647"}],"version-history":[{"count":0,"href":"https:\/\/toolbox.biomimicry.org\/es\/wp-json\/wp\/v2\/pages\/8647\/revisions"}],"up":[{"embeddable":true,"href":"https:\/\/toolbox.biomimicry.org\/es\/wp-json\/wp\/v2\/pages\/8643"}],"wp:attachment":[{"href":"https:\/\/toolbox.biomimicry.org\/es\/wp-json\/wp\/v2\/media?parent=8647"}],"curies":[{"name":"wp","href":"https:\/\/api.w.org\/{rel}","templated":true}]}}