{"id":8648,"date":"2019-02-12T21:29:19","date_gmt":"2019-02-12T21:29:19","guid":{"rendered":"http:\/\/toolbox.biomimicry.org\/patrones-unificadores-de-la-naturaleza\/optimice-maximice\/"},"modified":"2019-02-12T21:29:24","modified_gmt":"2019-02-12T21:29:24","slug":"optimice-maximice","status":"publish","type":"page","link":"https:\/\/toolbox.biomimicry.org\/es\/conceptos-medulares\/patrones-unificadores-de-la-naturaleza\/optimice-maximice\/","title":{"rendered":"Optimice &gt; maximice"},"content":{"rendered":"<p>[et_pb_section admin_label=\u00bbsection\u00bb fullwidth=\u00bbon\u00bb specialty=\u00bboff\u00bb transparent_background=\u00bboff\u00bb background_color=\u00bb#ebeed9&#8243; inner_shadow=\u00bbon\u00bb parallax=\u00bboff\u00bb parallax_method=\u00bboff\u00bb][et_pb_fullwidth_header admin_label=\u00bbFullwidth Header\u00bb title=\u00bbPatrones unificadores de la naturaleza\u00bb subhead=\u00bbDescripciones detalladas y ejemplos\u00bb background_layout=\u00bblight\u00bb text_orientation=\u00bbleft\u00bb]<\/p>\n<p>[\/et_pb_fullwidth_header][\/et_pb_section][et_pb_section admin_label=\u00bbsection\u00bb fullwidth=\u00bboff\u00bb specialty=\u00bboff\u00bb transparent_background=\u00bboff\u00bb background_color=\u00bb#ffffff\u00bb inner_shadow=\u00bboff\u00bb parallax=\u00bboff\u00bb parallax_method=\u00bboff\u00bb module_class=\u00bbno-bottom-padding\u00bb][et_pb_row admin_label=\u00bbrow\u00bb][et_pb_column type=\u00bb2_3&#8243;][et_pb_text admin_label=\u00bbText &#8211; pattern \u00bb background_layout=\u00bblight\u00bb text_orientation=\u00bbleft\u00bb use_border_color=\u00bboff\u00bb border_color=\u00bb#ffffff\u00bb border_style=\u00bbsolid\u00bb]<\/p>\n<h2>La naturaleza tiende a optimizar en vez de maximizar.<\/h2>\n<p>&nbsp;<\/p>\n<p>[\/et_pb_text][\/et_pb_column][et_pb_column type=\u00bb1_3&#8243;][et_pb_blurb admin_label=\u00bbBlurb\u00bb title=\u00bbEjemplos de la biolog\u00eda\u00bb url=\u00bb#biology\u00bb url_new_window=\u00bboff\u00bb use_icon=\u00bbon\u00bb font_icon=\u00bb\ue048\u00bb icon_color=\u00bb#ffdd00&#8243; use_circle=\u00bboff\u00bb circle_color=\u00bb#404041&#8243; use_circle_border=\u00bboff\u00bb circle_border_color=\u00bb#404041&#8243; icon_placement=\u00bbleft\u00bb animation=\u00bbtop\u00bb background_layout=\u00bblight\u00bb text_orientation=\u00bbcenter\u00bb]<\/p>\n<p>[\/et_pb_blurb][et_pb_blurb admin_label=\u00bbBlurb\u00bb title=\u00bbAplicaciones de dise\u00f1o\u00bb url=\u00bb#design\u00bb url_new_window=\u00bboff\u00bb use_icon=\u00bbon\u00bb font_icon=\u00bb\ue048\u00bb icon_color=\u00bb#ffdd00&#8243; use_circle=\u00bboff\u00bb circle_color=\u00bb#404041&#8243; use_circle_border=\u00bboff\u00bb circle_border_color=\u00bb#404041&#8243; icon_placement=\u00bbleft\u00bb animation=\u00bbtop\u00bb background_layout=\u00bblight\u00bb text_orientation=\u00bbcenter\u00bb]<\/p>\n<p>[\/et_pb_blurb][et_pb_blurb admin_label=\u00bbBlurb\u00bb title=\u00bbVolver a la portada\u00bb url=\u00bbhttp:\/\/toolbox.biomimicry.org\/core-concepts\/natures-unifying-patterns\/\u00bb url_new_window=\u00bboff\u00bb use_icon=\u00bbon\u00bb font_icon=\u00bb\ue049\u00bb icon_color=\u00bb#bdc6c3&#8243; use_circle=\u00bboff\u00bb circle_color=\u00bb#404041&#8243; use_circle_border=\u00bboff\u00bb circle_border_color=\u00bb#404041&#8243; icon_placement=\u00bbleft\u00bb animation=\u00bbtop\u00bb background_layout=\u00bblight\u00bb text_orientation=\u00bbcenter\u00bb]<\/p>\n<p>[\/et_pb_blurb][\/et_pb_column][\/et_pb_row][et_pb_row admin_label=\u00bbrow\u00bb][et_pb_column type=\u00bb2_3&#8243;][et_pb_text admin_label=\u00bbText &#8211; description\u00bb background_layout=\u00bblight\u00bb text_orientation=\u00bbleft\u00bb]<\/p>\n<p>Debido a que los materiales y la energ\u00eda son altamente valiosos, la naturaleza equilibra los recursos que se toman y los que se gastan. La energ\u00eda que se usa para el crecimiento excesivo puede producir una insuficiencia de la reserva energ\u00e9tica o caracter\u00edsticas que da\u00f1an la capacidad que tienen los organismos de sobrevivir y reproducirse, lo que significa que no podr\u00e1 transmitir sus genes. Hay controles y balances en ambos organismos y ecosistemas, algunos de los cuales ocurren durante generaciones. El crecimiento por el bien del crecimiento resultar\u00e1 en efectos secundarios da\u00f1inos. A veces estos efectos secundarios son inmediatamente evidentes y posiblemente reversibles, y a veces permanecen ocultos durante mucho tiempo hasta que la reversi\u00f3n es demasiado tarde.<\/p>\n<p>[\/et_pb_text][\/et_pb_column][et_pb_column type=\u00bb1_3&#8243;][et_pb_sidebar admin_label=\u00bbSidebar\u00bb orientation=\u00bbleft\u00bb area=\u00bbet_pb_widget_area_4&#8243; background_layout=\u00bblight\u00bb module_id=\u00bbnup-sidebar\u00bb]<\/p>\n<p>[\/et_pb_sidebar][\/et_pb_column][\/et_pb_row][\/et_pb_section][et_pb_section admin_label=\u00bbsection\u00bb fullwidth=\u00bboff\u00bb specialty=\u00bboff\u00bb transparent_background=\u00bboff\u00bb background_color=\u00bb#ffffff\u00bb inner_shadow=\u00bboff\u00bb parallax=\u00bboff\u00bb parallax_method=\u00bboff\u00bb module_id=\u00bbbiology\u00bb][et_pb_row admin_label=\u00bbrow\u00bb][et_pb_column type=\u00bb4_4&#8243;][et_pb_text admin_label=\u00bbHeader &#8211; bio examples\u00bb background_layout=\u00bblight\u00bb text_orientation=\u00bbleft\u00bb]<\/p>\n<h2>Ejemplos de la biolog\u00eda<\/h2>\n<p>&nbsp;<\/p>\n<p>[\/et_pb_text][\/et_pb_column][\/et_pb_row][et_pb_row admin_label=\u00bbrow\u00bb][et_pb_column type=\u00bb1_2&#8243;][et_pb_image admin_label=\u00bbImage &#8211; bone\u00bb src=\u00bbhttps:\/\/toolbox.biomimicry.org\/wp-content\/uploads\/2015\/04\/Bone_growth.jpg\u00bb show_in_lightbox=\u00bboff\u00bb url_new_window=\u00bboff\u00bb animation=\u00bbfade_in\u00bb sticky=\u00bboff\u00bb]<\/p>\n<p>[\/et_pb_image][et_pb_text admin_label=\u00bbText\u00bb background_layout=\u00bblight\u00bb text_orientation=\u00bbleft\u00bb module_class=\u00bbcaption\u00bb]<\/p>\n<p>Fuerzas que afectan el crecimiento \u00f3seo.<\/p>\n<p>[\/et_pb_text][\/et_pb_column][et_pb_column type=\u00bb1_2&#8243;][et_pb_text admin_label=\u00bbText\u00bb background_layout=\u00bblight\u00bb text_orientation=\u00bbleft\u00bb module_class=\u00bbno-bottom-padding\u00bb]<\/p>\n<h3>Huesos<\/h3>\n<p>&nbsp;<\/p>\n<p>[\/et_pb_text][et_pb_text admin_label=\u00bbText\u00bb background_layout=\u00bblight\u00bb text_orientation=\u00bbleft\u00bb]<\/p>\n<p>Los huesos responden al estr\u00e9s al que son sometidos agregando material (calcio) donde se requiere m\u00e1s para dar fortaleza. Por esta raz\u00f3n se fomenta que las mujeres hagan ejercicio con pesas para prevenir huesos quebradizos cuando envejecen. Aunque un hueso pesado puede ser m\u00e1s fuerte (el peso se maximiza), el costo energ\u00e9tico que paga el cuerpo por cargar ese peso adicional es alto. Por ello, si el cuerpo siente que el hueso no requiere fuerza en algunas \u00e1reas, remueve el calcio (el peso se optimiza).<\/p>\n<p>[\/et_pb_text][\/et_pb_column][\/et_pb_row][\/et_pb_section][et_pb_section admin_label=\u00bbsection\u00bb fullwidth=\u00bboff\u00bb specialty=\u00bboff\u00bb transparent_background=\u00bboff\u00bb background_color=\u00bb#ffffff\u00bb inner_shadow=\u00bboff\u00bb parallax=\u00bboff\u00bb parallax_method=\u00bboff\u00bb module_id=\u00bbdesign\u00bb][et_pb_row admin_label=\u00bbrow\u00bb][et_pb_column type=\u00bb4_4&#8243;][et_pb_text admin_label=\u00bbHeader &#8211; design examples\u00bb background_layout=\u00bblight\u00bb text_orientation=\u00bbleft\u00bb]<\/p>\n<h2>Aplicaciones de dise\u00f1o<\/h2>\n<p>[\/et_pb_text][\/et_pb_column][\/et_pb_row][et_pb_row admin_label=\u00bbrow\u00bb][et_pb_column type=\u00bb1_2&#8243;][et_pb_image admin_label=\u00bbImage\u00bb src=\u00bbhttps:\/\/toolbox.biomimicry.org\/wp-content\/uploads\/2015\/04\/Tiny-house_Nicola\u0301s-Boullosa_CC_by.jpg\u00bb show_in_lightbox=\u00bboff\u00bb url_new_window=\u00bboff\u00bb animation=\u00bbfade_in\u00bb sticky=\u00bboff\u00bb]<\/p>\n<p>[\/et_pb_image][\/et_pb_column][et_pb_column type=\u00bb1_2&#8243;][et_pb_text admin_label=\u00bbText\u00bb background_layout=\u00bblight\u00bb text_orientation=\u00bbleft\u00bb module_class=\u00bbno-bottom-padding\u00bb]<\/p>\n<h3>Casas peque\u00f1as<\/h3>\n<p>&nbsp;<\/p>\n<p>[\/et_pb_text][et_pb_text admin_label=\u00bbText\u00bb background_layout=\u00bblight\u00bb text_orientation=\u00bbleft\u00bb]<\/p>\n<p>Hay una creciente comunidad de personas que est\u00e1n dise\u00f1ando y viviendo en \u201ccasas peque\u00f1as\u201d ultraeficientes. Hay muchos ejemplos que tienen menos de 10 metros cuadrados (apenas 100 pies cuadrados) de construcci\u00f3n y que usan una variedad de estrategias de dise\u00f1o para ofrecer todas las funciones b\u00e1sicas de una casa de tama\u00f1o normal.<\/p>\n<p>[\/et_pb_text][\/et_pb_column][\/et_pb_row][\/et_pb_section][et_pb_section admin_label=\u00bbsection\u00bb][et_pb_row admin_label=\u00bbrow\u00bb][et_pb_column type=\u00bb2_3&#8243;][et_pb_toggle admin_label=\u00bbToggle\u00bb title=\u00bbCr\u00e9ditos de imagen\u00bb open=\u00bboff\u00bb module_class=\u00bbcaption\u00bb]<\/p>\n<p>Crecimiento \u00f3seo: via <a href=\"http:\/\/classes.midlandstech.edu\/carterp\/Courses\/bio210\/chap06\/lecture1.html\" target=\"_blank\">Midlands Technical College<br \/>\n<\/a>Casa peque\u00f1a: Nicolas Boullosa CC-BY<\/p>\n<p>[\/et_pb_toggle][\/et_pb_column][et_pb_column type=\u00bb1_3&#8243;][\/et_pb_column][\/et_pb_row][\/et_pb_section]<\/p>\n","protected":false},"excerpt":{"rendered":"<p>[et_pb_section admin_label=\u00bbsection\u00bb fullwidth=\u00bbon\u00bb specialty=\u00bboff\u00bb transparent_background=\u00bboff\u00bb background_color=\u00bb#ebeed9&#8243; inner_shadow=\u00bbon\u00bb parallax=\u00bboff\u00bb parallax_method=\u00bboff\u00bb][et_pb_fullwidth_header admin_label=\u00bbFullwidth Header\u00bb title=\u00bbPatrones unificadores de la naturaleza\u00bb subhead=\u00bbDescripciones detalladas y ejemplos\u00bb background_layout=\u00bblight\u00bb text_orientation=\u00bbleft\u00bb] [\/et_pb_fullwidth_header][\/et_pb_section][et_pb_section admin_label=\u00bbsection\u00bb fullwidth=\u00bboff\u00bb specialty=\u00bboff\u00bb transparent_background=\u00bboff\u00bb background_color=\u00bb#ffffff\u00bb inner_shadow=\u00bboff\u00bb parallax=\u00bboff\u00bb parallax_method=\u00bboff\u00bb module_class=\u00bbno-bottom-padding\u00bb][et_pb_row admin_label=\u00bbrow\u00bb][et_pb_column type=\u00bb2_3&#8243;][et_pb_text admin_label=\u00bbText &#8211; pattern \u00bb background_layout=\u00bblight\u00bb text_orientation=\u00bbleft\u00bb use_border_color=\u00bboff\u00bb border_color=\u00bb#ffffff\u00bb border_style=\u00bbsolid\u00bb] La naturaleza tiende a optimizar en vez de maximizar. &nbsp; [\/et_pb_text][\/et_pb_column][et_pb_column type=\u00bb1_3&#8243;][et_pb_blurb [&hellip;]<\/p>\n","protected":false},"author":2,"featured_media":0,"parent":8643,"menu_order":0,"comment_status":"closed","ping_status":"closed","template":"","meta":{"_exactmetrics_skip_tracking":false,"_exactmetrics_sitenote_active":false,"_exactmetrics_sitenote_note":"","_exactmetrics_sitenote_category":0,"footnotes":""},"class_list":["post-8648","page","type-page","status-publish","hentry"],"yoast_head":"<!-- This site is optimized with the Yoast SEO plugin v27.4 - https:\/\/yoast.com\/product\/yoast-seo-wordpress\/ -->\n<title>Optimice &gt; maximice - Biomimicry Toolbox<\/title>\n<meta name=\"robots\" content=\"index, follow, max-snippet:-1, max-image-preview:large, max-video-preview:-1\" \/>\n<link rel=\"canonical\" href=\"https:\/\/toolbox.biomimicry.org\/es\/conceptos-medulares\/patrones-unificadores-de-la-naturaleza\/optimice-maximice\/\" \/>\n<meta property=\"og:locale\" content=\"es_ES\" \/>\n<meta property=\"og:type\" content=\"article\" \/>\n<meta property=\"og:title\" content=\"Optimice &gt; maximice - Biomimicry Toolbox\" \/>\n<meta property=\"og:description\" content=\"[et_pb_section admin_label=\u00bbsection\u00bb fullwidth=\u00bbon\u00bb specialty=\u00bboff\u00bb transparent_background=\u00bboff\u00bb background_color=\u00bb#ebeed9&#8243; inner_shadow=\u00bbon\u00bb parallax=\u00bboff\u00bb parallax_method=\u00bboff\u00bb][et_pb_fullwidth_header admin_label=\u00bbFullwidth Header\u00bb title=\u00bbPatrones unificadores de la naturaleza\u00bb subhead=\u00bbDescripciones detalladas y ejemplos\u00bb background_layout=\u00bblight\u00bb text_orientation=\u00bbleft\u00bb] [\/et_pb_fullwidth_header][\/et_pb_section][et_pb_section admin_label=\u00bbsection\u00bb fullwidth=\u00bboff\u00bb specialty=\u00bboff\u00bb transparent_background=\u00bboff\u00bb background_color=\u00bb#ffffff\u00bb inner_shadow=\u00bboff\u00bb parallax=\u00bboff\u00bb parallax_method=\u00bboff\u00bb module_class=\u00bbno-bottom-padding\u00bb][et_pb_row admin_label=\u00bbrow\u00bb][et_pb_column type=\u00bb2_3&#8243;][et_pb_text admin_label=\u00bbText &#8211; pattern \u00bb background_layout=\u00bblight\u00bb text_orientation=\u00bbleft\u00bb use_border_color=\u00bboff\u00bb border_color=\u00bb#ffffff\u00bb border_style=\u00bbsolid\u00bb] La naturaleza tiende a optimizar en vez de maximizar. &nbsp; [\/et_pb_text][\/et_pb_column][et_pb_column type=\u00bb1_3&#8243;][et_pb_blurb [&hellip;]\" \/>\n<meta property=\"og:url\" content=\"https:\/\/toolbox.biomimicry.org\/es\/conceptos-medulares\/patrones-unificadores-de-la-naturaleza\/optimice-maximice\/\" \/>\n<meta property=\"og:site_name\" content=\"Biomimicry Toolbox\" \/>\n<meta property=\"article:modified_time\" content=\"2019-02-12T21:29:24+00:00\" \/>\n<meta name=\"twitter:label1\" content=\"Est. reading time\" \/>\n\t<meta name=\"twitter:data1\" content=\"5 minutos\" \/>\n<script type=\"application\/ld+json\" class=\"yoast-schema-graph\">{\"@context\":\"https:\\\/\\\/schema.org\",\"@graph\":[{\"@type\":\"WebPage\",\"@id\":\"https:\\\/\\\/toolbox.biomimicry.org\\\/es\\\/conceptos-medulares\\\/patrones-unificadores-de-la-naturaleza\\\/optimice-maximice\\\/\",\"url\":\"https:\\\/\\\/toolbox.biomimicry.org\\\/es\\\/conceptos-medulares\\\/patrones-unificadores-de-la-naturaleza\\\/optimice-maximice\\\/\",\"name\":\"Optimice &gt; maximice - Biomimicry Toolbox\",\"isPartOf\":{\"@id\":\"https:\\\/\\\/toolbox.biomimicry.org\\\/#website\"},\"datePublished\":\"2019-02-12T21:29:19+00:00\",\"dateModified\":\"2019-02-12T21:29:24+00:00\",\"breadcrumb\":{\"@id\":\"https:\\\/\\\/toolbox.biomimicry.org\\\/es\\\/conceptos-medulares\\\/patrones-unificadores-de-la-naturaleza\\\/optimice-maximice\\\/#breadcrumb\"},\"inLanguage\":\"es\",\"potentialAction\":[{\"@type\":\"ReadAction\",\"target\":[\"https:\\\/\\\/toolbox.biomimicry.org\\\/es\\\/conceptos-medulares\\\/patrones-unificadores-de-la-naturaleza\\\/optimice-maximice\\\/\"]}]},{\"@type\":\"BreadcrumbList\",\"@id\":\"https:\\\/\\\/toolbox.biomimicry.org\\\/es\\\/conceptos-medulares\\\/patrones-unificadores-de-la-naturaleza\\\/optimice-maximice\\\/#breadcrumb\",\"itemListElement\":[{\"@type\":\"ListItem\",\"position\":1,\"name\":\"Portada\",\"item\":\"https:\\\/\\\/toolbox.biomimicry.org\\\/es\\\/\"},{\"@type\":\"ListItem\",\"position\":2,\"name\":\"Conceptos medulares\",\"item\":\"https:\\\/\\\/toolbox.biomimicry.org\\\/es\\\/conceptos-medulares\\\/\"},{\"@type\":\"ListItem\",\"position\":3,\"name\":\"Patrones unificadores de la naturaleza\",\"item\":\"https:\\\/\\\/toolbox.biomimicry.org\\\/es\\\/conceptos-medulares\\\/patrones-unificadores-de-la-naturaleza\\\/\"},{\"@type\":\"ListItem\",\"position\":4,\"name\":\"Optimice &gt; maximice\"}]},{\"@type\":\"WebSite\",\"@id\":\"https:\\\/\\\/toolbox.biomimicry.org\\\/#website\",\"url\":\"https:\\\/\\\/toolbox.biomimicry.org\\\/\",\"name\":\"Biomimicry Toolbox\",\"description\":\"How to apply nature\u2019s lessons to design challenges\",\"potentialAction\":[{\"@type\":\"SearchAction\",\"target\":{\"@type\":\"EntryPoint\",\"urlTemplate\":\"https:\\\/\\\/toolbox.biomimicry.org\\\/?s={search_term_string}\"},\"query-input\":{\"@type\":\"PropertyValueSpecification\",\"valueRequired\":true,\"valueName\":\"search_term_string\"}}],\"inLanguage\":\"es\"}]}<\/script>\n<!-- \/ Yoast SEO plugin. -->","yoast_head_json":{"title":"Optimice &gt; maximice - Biomimicry Toolbox","robots":{"index":"index","follow":"follow","max-snippet":"max-snippet:-1","max-image-preview":"max-image-preview:large","max-video-preview":"max-video-preview:-1"},"canonical":"https:\/\/toolbox.biomimicry.org\/es\/conceptos-medulares\/patrones-unificadores-de-la-naturaleza\/optimice-maximice\/","og_locale":"es_ES","og_type":"article","og_title":"Optimice &gt; maximice - Biomimicry Toolbox","og_description":"[et_pb_section admin_label=\u00bbsection\u00bb fullwidth=\u00bbon\u00bb specialty=\u00bboff\u00bb transparent_background=\u00bboff\u00bb background_color=\u00bb#ebeed9&#8243; inner_shadow=\u00bbon\u00bb parallax=\u00bboff\u00bb parallax_method=\u00bboff\u00bb][et_pb_fullwidth_header admin_label=\u00bbFullwidth Header\u00bb title=\u00bbPatrones unificadores de la naturaleza\u00bb subhead=\u00bbDescripciones detalladas y ejemplos\u00bb background_layout=\u00bblight\u00bb text_orientation=\u00bbleft\u00bb] [\/et_pb_fullwidth_header][\/et_pb_section][et_pb_section admin_label=\u00bbsection\u00bb fullwidth=\u00bboff\u00bb specialty=\u00bboff\u00bb transparent_background=\u00bboff\u00bb background_color=\u00bb#ffffff\u00bb inner_shadow=\u00bboff\u00bb parallax=\u00bboff\u00bb parallax_method=\u00bboff\u00bb module_class=\u00bbno-bottom-padding\u00bb][et_pb_row admin_label=\u00bbrow\u00bb][et_pb_column type=\u00bb2_3&#8243;][et_pb_text admin_label=\u00bbText &#8211; pattern \u00bb background_layout=\u00bblight\u00bb text_orientation=\u00bbleft\u00bb use_border_color=\u00bboff\u00bb border_color=\u00bb#ffffff\u00bb border_style=\u00bbsolid\u00bb] La naturaleza tiende a optimizar en vez de maximizar. &nbsp; [\/et_pb_text][\/et_pb_column][et_pb_column type=\u00bb1_3&#8243;][et_pb_blurb [&hellip;]","og_url":"https:\/\/toolbox.biomimicry.org\/es\/conceptos-medulares\/patrones-unificadores-de-la-naturaleza\/optimice-maximice\/","og_site_name":"Biomimicry Toolbox","article_modified_time":"2019-02-12T21:29:24+00:00","twitter_misc":{"Est. reading time":"5 minutos"},"schema":{"@context":"https:\/\/schema.org","@graph":[{"@type":"WebPage","@id":"https:\/\/toolbox.biomimicry.org\/es\/conceptos-medulares\/patrones-unificadores-de-la-naturaleza\/optimice-maximice\/","url":"https:\/\/toolbox.biomimicry.org\/es\/conceptos-medulares\/patrones-unificadores-de-la-naturaleza\/optimice-maximice\/","name":"Optimice &gt; maximice - Biomimicry Toolbox","isPartOf":{"@id":"https:\/\/toolbox.biomimicry.org\/#website"},"datePublished":"2019-02-12T21:29:19+00:00","dateModified":"2019-02-12T21:29:24+00:00","breadcrumb":{"@id":"https:\/\/toolbox.biomimicry.org\/es\/conceptos-medulares\/patrones-unificadores-de-la-naturaleza\/optimice-maximice\/#breadcrumb"},"inLanguage":"es","potentialAction":[{"@type":"ReadAction","target":["https:\/\/toolbox.biomimicry.org\/es\/conceptos-medulares\/patrones-unificadores-de-la-naturaleza\/optimice-maximice\/"]}]},{"@type":"BreadcrumbList","@id":"https:\/\/toolbox.biomimicry.org\/es\/conceptos-medulares\/patrones-unificadores-de-la-naturaleza\/optimice-maximice\/#breadcrumb","itemListElement":[{"@type":"ListItem","position":1,"name":"Portada","item":"https:\/\/toolbox.biomimicry.org\/es\/"},{"@type":"ListItem","position":2,"name":"Conceptos medulares","item":"https:\/\/toolbox.biomimicry.org\/es\/conceptos-medulares\/"},{"@type":"ListItem","position":3,"name":"Patrones unificadores de la naturaleza","item":"https:\/\/toolbox.biomimicry.org\/es\/conceptos-medulares\/patrones-unificadores-de-la-naturaleza\/"},{"@type":"ListItem","position":4,"name":"Optimice &gt; maximice"}]},{"@type":"WebSite","@id":"https:\/\/toolbox.biomimicry.org\/#website","url":"https:\/\/toolbox.biomimicry.org\/","name":"Biomimicry Toolbox","description":"How to apply nature\u2019s lessons to design challenges","potentialAction":[{"@type":"SearchAction","target":{"@type":"EntryPoint","urlTemplate":"https:\/\/toolbox.biomimicry.org\/?s={search_term_string}"},"query-input":{"@type":"PropertyValueSpecification","valueRequired":true,"valueName":"search_term_string"}}],"inLanguage":"es"}]}},"_links":{"self":[{"href":"https:\/\/toolbox.biomimicry.org\/es\/wp-json\/wp\/v2\/pages\/8648","targetHints":{"allow":["GET"]}}],"collection":[{"href":"https:\/\/toolbox.biomimicry.org\/es\/wp-json\/wp\/v2\/pages"}],"about":[{"href":"https:\/\/toolbox.biomimicry.org\/es\/wp-json\/wp\/v2\/types\/page"}],"author":[{"embeddable":true,"href":"https:\/\/toolbox.biomimicry.org\/es\/wp-json\/wp\/v2\/users\/2"}],"replies":[{"embeddable":true,"href":"https:\/\/toolbox.biomimicry.org\/es\/wp-json\/wp\/v2\/comments?post=8648"}],"version-history":[{"count":0,"href":"https:\/\/toolbox.biomimicry.org\/es\/wp-json\/wp\/v2\/pages\/8648\/revisions"}],"up":[{"embeddable":true,"href":"https:\/\/toolbox.biomimicry.org\/es\/wp-json\/wp\/v2\/pages\/8643"}],"wp:attachment":[{"href":"https:\/\/toolbox.biomimicry.org\/es\/wp-json\/wp\/v2\/media?parent=8648"}],"curies":[{"name":"wp","href":"https:\/\/api.w.org\/{rel}","templated":true}]}}