{"id":8650,"date":"2019-02-12T22:34:21","date_gmt":"2019-02-12T22:34:21","guid":{"rendered":"http:\/\/toolbox.biomimicry.org\/patrones-unificadores-de-la-naturaleza\/utilice-la-quimica-segura\/"},"modified":"2019-02-12T22:34:23","modified_gmt":"2019-02-12T22:34:23","slug":"utilice-la-quimica-segura","status":"publish","type":"page","link":"https:\/\/toolbox.biomimicry.org\/es\/conceptos-medulares\/patrones-unificadores-de-la-naturaleza\/utilice-la-quimica-segura\/","title":{"rendered":"Utilice la qu\u00edmica segura"},"content":{"rendered":"<p>[et_pb_section fullwidth=\u00bbon\u00bb specialty=\u00bboff\u00bb transparent_background=\u00bboff\u00bb background_color=\u00bb#ebeed9&#8243; inner_shadow=\u00bbon\u00bb parallax=\u00bboff\u00bb parallax_method=\u00bboff\u00bb][et_pb_fullwidth_header admin_label=\u00bbFullwidth Header\u00bb title=\u00bbPatrones unificadores de la naturaleza\u00bb subhead=\u00bbDescripciones detalladas y ejemplos\u00bb background_layout=\u00bblight\u00bb text_orientation=\u00bbleft\u00bb \/][\/et_pb_section][et_pb_section fullwidth=\u00bboff\u00bb specialty=\u00bboff\u00bb transparent_background=\u00bboff\u00bb background_color=\u00bb#ffffff\u00bb inner_shadow=\u00bboff\u00bb parallax=\u00bboff\u00bb parallax_method=\u00bboff\u00bb module_class=\u00bbno-bottom-padding\u00bb][et_pb_row][et_pb_column type=\u00bb2_3&#8243;][et_pb_text admin_label=\u00bbText &#8211; pattern \u00bb background_layout=\u00bblight\u00bb text_orientation=\u00bbleft\u00bb]<\/p>\n<h2>La naturaleza usa procesos qu\u00edmicos y materiales que son seguros para los seres vivos.<\/h2>\n<p>[\/et_pb_text][\/et_pb_column][et_pb_column type=\u00bb1_3&#8243;][et_pb_blurb admin_label=\u00bbBlurb\u00bb title=\u00bbEjemplos de la biolog\u00eda\u00bb url=\u00bb#biology\u00bb url_new_window=\u00bboff\u00bb use_icon=\u00bbon\u00bb font_icon=\u00bb\ue048\u00bb icon_color=\u00bb#ffdd00&#8243; use_circle=\u00bboff\u00bb circle_color=\u00bb#404041&#8243; use_circle_border=\u00bboff\u00bb circle_border_color=\u00bb#404041&#8243; icon_placement=\u00bbleft\u00bb animation=\u00bbtop\u00bb background_layout=\u00bblight\u00bb text_orientation=\u00bbcenter\u00bb \/][et_pb_blurb admin_label=\u00bbBlurb\u00bb title=\u00bbAplicaciones de dise\u00f1o\u00bb url=\u00bb#design\u00bb url_new_window=\u00bboff\u00bb use_icon=\u00bbon\u00bb font_icon=\u00bb\ue048\u00bb icon_color=\u00bb#ffdd00&#8243; use_circle=\u00bboff\u00bb circle_color=\u00bb#404041&#8243; use_circle_border=\u00bboff\u00bb circle_border_color=\u00bb#404041&#8243; icon_placement=\u00bbleft\u00bb animation=\u00bbtop\u00bb background_layout=\u00bblight\u00bb text_orientation=\u00bbcenter\u00bb \/][et_pb_blurb admin_label=\u00bbBlurb\u00bb title=\u00bbVolver a la portada\u00bb url=\u00bbhttp:\/\/toolbox.biomimicry.org\/core-concepts\/natures-unifying-patterns\/\u00bb url_new_window=\u00bboff\u00bb use_icon=\u00bbon\u00bb font_icon=\u00bb\ue049\u00bb icon_color=\u00bb#bdc6c3&#8243; use_circle=\u00bboff\u00bb circle_color=\u00bb#404041&#8243; use_circle_border=\u00bboff\u00bb circle_border_color=\u00bb#404041&#8243; icon_placement=\u00bbleft\u00bb animation=\u00bbtop\u00bb background_layout=\u00bblight\u00bb text_orientation=\u00bbcenter\u00bb \/][\/et_pb_column][\/et_pb_row][et_pb_row][et_pb_column type=\u00bb2_3&#8243;][et_pb_text admin_label=\u00bbText &#8211; description\u00bb background_layout=\u00bblight\u00bb text_orientation=\u00bbleft\u00bb]Los organismos llevan a cabo procesos qu\u00edmicos dentro y cerca de sus propias c\u00e9lulas. Esto hace imperativo que usen sustancias qu\u00edmicas, procesos qu\u00edmicos y materiales derivados de la qu\u00edmica que apoyen los procesos de la vida. La qu\u00edmica de la vida est\u00e1 basada en agua y utiliza un subconjunto de elementos qu\u00edmicos configurados en estructuras tridimensionales precisas. La combinaci\u00f3n de la arquitectura tridimensional y la composici\u00f3n es clave para maximizar el autoensamblaje, guiar las actividades qu\u00edmicas y el desempe\u00f1o de materiales, y permitir su biodegradaci\u00f3n en componentes que puedan utilizarse una vez que hayan terminado su funci\u00f3n. Con respecto a nuestros sistemas de producci\u00f3n, la importancia de utilizar la qu\u00edmica y los materiales respetuosos de la vida es aplicable en las varias escalas del sistema, del abastecimiento o del cultivo de materiales, a los productos o a las mercanc\u00edas de la fabricaci\u00f3n, transportando esas mercanc\u00edas, y considerando lo que les sucede al final de su ciclo de vida.[\/et_pb_text][\/et_pb_column][et_pb_column type=\u00bb1_3&#8243;][et_pb_sidebar admin_label=\u00bbSidebar\u00bb orientation=\u00bbleft\u00bb area=\u00bbet_pb_widget_area_4&#8243; background_layout=\u00bblight\u00bb module_id=\u00bbnup-sidebar\u00bb \/][\/et_pb_column][\/et_pb_row][\/et_pb_section][et_pb_section fullwidth=\u00bboff\u00bb specialty=\u00bboff\u00bb transparent_background=\u00bboff\u00bb background_color=\u00bb#ffffff\u00bb inner_shadow=\u00bboff\u00bb parallax=\u00bboff\u00bb parallax_method=\u00bboff\u00bb module_id=\u00bbbiology\u00bb][et_pb_row][et_pb_column type=\u00bb4_4&#8243;][et_pb_text admin_label=\u00bbHeader &#8211; bio examples\u00bb background_layout=\u00bblight\u00bb text_orientation=\u00bbleft\u00bb]<\/p>\n<h2>Ejemplos de la biolog\u00eda<\/h2>\n<p>&nbsp;<\/p>\n<p>[\/et_pb_text][et_pb_text admin_label=\u00bbText\u00bb background_layout=\u00bblight\u00bb text_orientation=\u00bbleft\u00bb module_class=\u00bbno-bottom-padding\u00bb]<\/p>\n<h3>Elementos encontrados en los organismos<\/h3>\n<p>[\/et_pb_text][\/et_pb_column][\/et_pb_row][et_pb_row][et_pb_column type=\u00bb1_2&#8243;][et_pb_image admin_label=\u00bbImage &#8211; elements\u00bb src=\u00bbhttp:\/\/toolbox.biomimicry.org\/wp-content\/uploads\/2015\/04\/Elements_found_in_organisms.png\u00bb show_in_lightbox=\u00bboff\u00bb url_new_window=\u00bboff\u00bb animation=\u00bbfade_in\u00bb sticky=\u00bboff\u00bb \/][\/et_pb_column][et_pb_column type=\u00bb1_2&#8243;][et_pb_text admin_label=\u00bbText\u00bb background_layout=\u00bblight\u00bb text_orientation=\u00bbleft\u00bb module_class=\u00bbcaption\u00bb]Hay 118 elementos qu\u00edmicos en la tabla peri\u00f3dica (4 de ellos por ser confirmados), pero la naturaleza hace una gran cantidad de sus procesos qu\u00edmicos usando solo 28 de ellos. Once elementos se encuentran en todos los organismos, incluyendo 4 de los m\u00e1s abundantes en la atm\u00f3sfera: carbono, hidr\u00f3geno, nitr\u00f3geno y ox\u00edgeno, y 7 que son mucho menos abundantes que esos 4. Otros 5 elementos tambi\u00e9n se encuentran en peque\u00f1as cantidades esenciales en todos los organismos (incluyendo algunos metales), y 12 elementos se encuentran en cantidades traza solamente en algunos organismos. El ADN (o ARN en el caso de algunos virus) es la mol\u00e9cula que contiene las instrucciones gen\u00e9ticas usadas en el desarrollo y funcionamiento de todos los organismos vivos conocidos. Aunque est\u00e1 hecha con solo carbono, hidr\u00f3geno, nitr\u00f3geno, ox\u00edgeno y f\u00f3sforo, estos \u00e1tomos se ensamblan de formas \u00fanicas que proveen toda la informaci\u00f3n necesaria para hacer a cada organismo en la Tierra.[\/et_pb_text][\/et_pb_column][\/et_pb_row][et_pb_row][et_pb_column type=\u00bb4_4&#8243;][et_pb_text admin_label=\u00bbText\u00bb background_layout=\u00bblight\u00bb text_orientation=\u00bbleft\u00bb module_class=\u00bbno-bottom-padding\u00bb]<\/p>\n<h3>Canastilla de Venus<\/h3>\n<p>[\/et_pb_text][\/et_pb_column][\/et_pb_row][et_pb_row][et_pb_column type=\u00bb1_2&#8243;][et_pb_image admin_label=\u00bbImage &#8211; glass sponge\u00bb src=\u00bbhttp:\/\/toolbox.biomimicry.org\/wp-content\/uploads\/2015\/04\/Glass-sponges_NOAA-Photo-Library_CC_by.jpg\u00bb show_in_lightbox=\u00bboff\u00bb url_new_window=\u00bboff\u00bb animation=\u00bbfade_in\u00bb sticky=\u00bboff\u00bb \/][\/et_pb_column][et_pb_column type=\u00bb1_2&#8243;][et_pb_text admin_label=\u00bbText\u00bb background_layout=\u00bblight\u00bb text_orientation=\u00bbleft\u00bb]La canastilla de Venus es una esponja de cristal que forma una bella y compleja estructura usando<br \/>\nel agua como solvente. La estructura est\u00e1 hecha de s\u00edlice que la esponja extrae del agua de mar<br \/>\na temperatura y presi\u00f3n ambiente. Las fibras cristalinas de la canastilla de Venus transmiten<br \/>\nla luz mejor que los cables industriales de fibra \u00f3ptica, en parte porque las fibras incorporan<br \/>\ncantidades muy peque\u00f1as de sodio.[\/et_pb_text][\/et_pb_column][\/et_pb_row][\/et_pb_section][et_pb_section fullwidth=\u00bboff\u00bb specialty=\u00bboff\u00bb transparent_background=\u00bboff\u00bb background_color=\u00bb#ffffff\u00bb inner_shadow=\u00bboff\u00bb parallax=\u00bboff\u00bb parallax_method=\u00bboff\u00bb module_id=\u00bbdesign\u00bb][et_pb_row][et_pb_column type=\u00bb4_4&#8243;][et_pb_text admin_label=\u00bbHeader &#8211; design examples\u00bb background_layout=\u00bblight\u00bb text_orientation=\u00bbleft\u00bb]<\/p>\n<h2>Aplicaciones de dise\u00f1o<\/h2>\n<p>[\/et_pb_text][et_pb_text admin_label=\u00bbText\u00bb background_layout=\u00bblight\u00bb text_orientation=\u00bbleft\u00bb module_class=\u00bbno-bottom-padding\u00bb]<\/p>\n<h3>Burt&#8217;s Bees<\/h3>\n<p>[\/et_pb_text][\/et_pb_column][\/et_pb_row][et_pb_row][et_pb_column type=\u00bb1_2&#8243;][et_pb_image admin_label=\u00bbImage &#8211; burts\u00bb src=\u00bbhttp:\/\/toolbox.biomimicry.org\/wp-content\/uploads\/2015\/04\/Burts-Bees-lip-balm_Screen-Shot-from-website.jpg.png\u00bb show_in_lightbox=\u00bboff\u00bb url_new_window=\u00bboff\u00bb animation=\u00bbfade_in\u00bb sticky=\u00bboff\u00bb \/][\/et_pb_column][et_pb_column type=\u00bb1_2&#8243;][et_pb_text admin_label=\u00bbText\u00bb background_layout=\u00bblight\u00bb text_orientation=\u00bbleft\u00bb]La compa\u00f1\u00eda Burt\u2019s Bees ha expandido su l\u00ednea de cuidado de labios para incluir una serie de brillos, sombras y colores que fueron creados, en apego a una serie de requerimientos, utilizando un n\u00famero relativamente peque\u00f1o de ingredientes naturales. Por ejemplo, la l\u00ednea b\u00e1sica de cuidado de labios incluye cera de abeja, aceite de coco, aceite de semilla de girasol, aceite de menta, lanolina, tocoferoles, extracto de hoja de romero, aceite de soya, aceite de canola, y aceite de limoneno. A su vez, los aceites se elaboran con un m\u00ednimo de materias primas y procesos. La l\u00ednea de b\u00e1lsamos de color para labios tambi\u00e9n se desarrolla a partir de un rango peque\u00f1o de materiales naturales para crear la paleta de color.[\/et_pb_text][\/et_pb_column][\/et_pb_row][et_pb_row][et_pb_column type=\u00bb4_4&#8243;][et_pb_text admin_label=\u00bbText\u00bb background_layout=\u00bblight\u00bb text_orientation=\u00bbleft\u00bb module_class=\u00bbno-bottom-padding\u00bb]<\/p>\n<h3>Nalco Company<\/h3>\n<p>[\/et_pb_text][\/et_pb_column][\/et_pb_row][et_pb_row][et_pb_column type=\u00bb1_2&#8243;][et_pb_image admin_label=\u00bbImage &#8211; nalco\u00bb src=\u00bbhttp:\/\/toolbox.biomimicry.org\/wp-content\/uploads\/2015\/04\/Nalco-An-Ecolab-Company-FINAL-blue-e1428603246810.jpg\u00bb show_in_lightbox=\u00bboff\u00bb url_new_window=\u00bboff\u00bb animation=\u00bbfade_in\u00bb sticky=\u00bboff\u00bb \/][\/et_pb_column][et_pb_column type=\u00bb1_2&#8243;][et_pb_text admin_label=\u00bbText\u00bb background_layout=\u00bblight\u00bb text_orientation=\u00bbleft\u00bb]Nalco Company es una empresa que busca reducir su uso de solventes petroqu\u00edmicos. En 1999, recibi\u00f3 el premio U.S. Presidential Green Chemistry Challenge Award por haber desarrollado un proceso base agua para crear un pol\u00edmero para el tratamiento de aguas residuales. Los pol\u00edmeros de emulsi\u00f3n tradicionales, hechos con productos derivados del petr\u00f3leo, y que se usan com\u00fanmente para el tratamiento del agua, vierten aceite y surfactantes al medio ambiente. Los pol\u00edmeros de Nalco est\u00e1n manufacturados en soluciones salinas base agua eliminando as\u00ed el vertido anual de aproximadamente 2.3 millones de kilogramos (5 millones de libras) de aceite al medio ambiente. Adem\u00e1s, el proceso de manufactura utiliza un producto de desecho, sulfato de amonio, de otro proceso industrial y es m\u00e1s eficiente energ\u00e9ticamente.[\/et_pb_text][\/et_pb_column][\/et_pb_row][\/et_pb_section][et_pb_section][et_pb_row][et_pb_column type=\u00bb2_3&#8243;][et_pb_toggle admin_label=\u00bbToggle\u00bb title=\u00bbCr\u00e9ditos de imagen\u00bb open=\u00bboff\u00bb module_class=\u00bbcaption\u00bb]<\/p>\n<p>Elementos en los organismos: (c) Biomimicry Institute<\/p>\n<p>Esponja cristalina de mar: NOAA, CC-BY<\/p>\n<p>&nbsp;<\/p>\n<p>[\/et_pb_toggle][\/et_pb_column][et_pb_column type=\u00bb1_3&#8243;][\/et_pb_column][\/et_pb_row][\/et_pb_section]<\/p>\n","protected":false},"excerpt":{"rendered":"<p>[et_pb_section fullwidth=\u00bbon\u00bb specialty=\u00bboff\u00bb transparent_background=\u00bboff\u00bb background_color=\u00bb#ebeed9&#8243; inner_shadow=\u00bbon\u00bb parallax=\u00bboff\u00bb parallax_method=\u00bboff\u00bb][et_pb_fullwidth_header admin_label=\u00bbFullwidth Header\u00bb title=\u00bbPatrones unificadores de la naturaleza\u00bb subhead=\u00bbDescripciones detalladas y ejemplos\u00bb background_layout=\u00bblight\u00bb text_orientation=\u00bbleft\u00bb \/][\/et_pb_section][et_pb_section fullwidth=\u00bboff\u00bb specialty=\u00bboff\u00bb transparent_background=\u00bboff\u00bb background_color=\u00bb#ffffff\u00bb inner_shadow=\u00bboff\u00bb parallax=\u00bboff\u00bb parallax_method=\u00bboff\u00bb module_class=\u00bbno-bottom-padding\u00bb][et_pb_row][et_pb_column type=\u00bb2_3&#8243;][et_pb_text admin_label=\u00bbText &#8211; pattern \u00bb background_layout=\u00bblight\u00bb text_orientation=\u00bbleft\u00bb] La naturaleza usa procesos qu\u00edmicos y materiales que son seguros para los seres vivos. [\/et_pb_text][\/et_pb_column][et_pb_column type=\u00bb1_3&#8243;][et_pb_blurb admin_label=\u00bbBlurb\u00bb title=\u00bbEjemplos [&hellip;]<\/p>\n","protected":false},"author":2,"featured_media":0,"parent":8643,"menu_order":0,"comment_status":"closed","ping_status":"closed","template":"","meta":{"_exactmetrics_skip_tracking":false,"_exactmetrics_sitenote_active":false,"_exactmetrics_sitenote_note":"","_exactmetrics_sitenote_category":0,"footnotes":""},"class_list":["post-8650","page","type-page","status-publish","hentry"],"yoast_head":"<!-- This site is optimized with the Yoast SEO plugin v27.4 - https:\/\/yoast.com\/product\/yoast-seo-wordpress\/ -->\n<title>Utilice la qu\u00edmica segura - Biomimicry Toolbox<\/title>\n<meta name=\"robots\" content=\"index, follow, max-snippet:-1, max-image-preview:large, max-video-preview:-1\" \/>\n<link rel=\"canonical\" href=\"https:\/\/toolbox.biomimicry.org\/es\/conceptos-medulares\/patrones-unificadores-de-la-naturaleza\/utilice-la-quimica-segura\/\" \/>\n<meta property=\"og:locale\" content=\"es_ES\" \/>\n<meta property=\"og:type\" content=\"article\" \/>\n<meta property=\"og:title\" content=\"Utilice la qu\u00edmica segura - Biomimicry Toolbox\" \/>\n<meta property=\"og:description\" content=\"[et_pb_section fullwidth=\u00bbon\u00bb specialty=\u00bboff\u00bb transparent_background=\u00bboff\u00bb background_color=\u00bb#ebeed9&#8243; inner_shadow=\u00bbon\u00bb parallax=\u00bboff\u00bb parallax_method=\u00bboff\u00bb][et_pb_fullwidth_header admin_label=\u00bbFullwidth Header\u00bb title=\u00bbPatrones unificadores de la naturaleza\u00bb subhead=\u00bbDescripciones detalladas y ejemplos\u00bb background_layout=\u00bblight\u00bb text_orientation=\u00bbleft\u00bb \/][\/et_pb_section][et_pb_section fullwidth=\u00bboff\u00bb specialty=\u00bboff\u00bb transparent_background=\u00bboff\u00bb background_color=\u00bb#ffffff\u00bb inner_shadow=\u00bboff\u00bb parallax=\u00bboff\u00bb parallax_method=\u00bboff\u00bb module_class=\u00bbno-bottom-padding\u00bb][et_pb_row][et_pb_column type=\u00bb2_3&#8243;][et_pb_text admin_label=\u00bbText &#8211; pattern \u00bb background_layout=\u00bblight\u00bb text_orientation=\u00bbleft\u00bb] La naturaleza usa procesos qu\u00edmicos y materiales que son seguros para los seres vivos. [\/et_pb_text][\/et_pb_column][et_pb_column type=\u00bb1_3&#8243;][et_pb_blurb admin_label=\u00bbBlurb\u00bb title=\u00bbEjemplos [&hellip;]\" \/>\n<meta property=\"og:url\" content=\"https:\/\/toolbox.biomimicry.org\/es\/conceptos-medulares\/patrones-unificadores-de-la-naturaleza\/utilice-la-quimica-segura\/\" \/>\n<meta property=\"og:site_name\" content=\"Biomimicry Toolbox\" \/>\n<meta property=\"article:modified_time\" content=\"2019-02-12T22:34:23+00:00\" \/>\n<meta name=\"twitter:label1\" content=\"Est. reading time\" \/>\n\t<meta name=\"twitter:data1\" content=\"8 minutos\" \/>\n<script type=\"application\/ld+json\" class=\"yoast-schema-graph\">{\"@context\":\"https:\\\/\\\/schema.org\",\"@graph\":[{\"@type\":\"WebPage\",\"@id\":\"https:\\\/\\\/toolbox.biomimicry.org\\\/es\\\/conceptos-medulares\\\/patrones-unificadores-de-la-naturaleza\\\/utilice-la-quimica-segura\\\/\",\"url\":\"https:\\\/\\\/toolbox.biomimicry.org\\\/es\\\/conceptos-medulares\\\/patrones-unificadores-de-la-naturaleza\\\/utilice-la-quimica-segura\\\/\",\"name\":\"Utilice la qu\u00edmica segura - Biomimicry Toolbox\",\"isPartOf\":{\"@id\":\"https:\\\/\\\/toolbox.biomimicry.org\\\/#website\"},\"datePublished\":\"2019-02-12T22:34:21+00:00\",\"dateModified\":\"2019-02-12T22:34:23+00:00\",\"breadcrumb\":{\"@id\":\"https:\\\/\\\/toolbox.biomimicry.org\\\/es\\\/conceptos-medulares\\\/patrones-unificadores-de-la-naturaleza\\\/utilice-la-quimica-segura\\\/#breadcrumb\"},\"inLanguage\":\"es\",\"potentialAction\":[{\"@type\":\"ReadAction\",\"target\":[\"https:\\\/\\\/toolbox.biomimicry.org\\\/es\\\/conceptos-medulares\\\/patrones-unificadores-de-la-naturaleza\\\/utilice-la-quimica-segura\\\/\"]}]},{\"@type\":\"BreadcrumbList\",\"@id\":\"https:\\\/\\\/toolbox.biomimicry.org\\\/es\\\/conceptos-medulares\\\/patrones-unificadores-de-la-naturaleza\\\/utilice-la-quimica-segura\\\/#breadcrumb\",\"itemListElement\":[{\"@type\":\"ListItem\",\"position\":1,\"name\":\"Portada\",\"item\":\"https:\\\/\\\/toolbox.biomimicry.org\\\/es\\\/\"},{\"@type\":\"ListItem\",\"position\":2,\"name\":\"Conceptos medulares\",\"item\":\"https:\\\/\\\/toolbox.biomimicry.org\\\/es\\\/conceptos-medulares\\\/\"},{\"@type\":\"ListItem\",\"position\":3,\"name\":\"Patrones unificadores de la naturaleza\",\"item\":\"https:\\\/\\\/toolbox.biomimicry.org\\\/es\\\/conceptos-medulares\\\/patrones-unificadores-de-la-naturaleza\\\/\"},{\"@type\":\"ListItem\",\"position\":4,\"name\":\"Utilice la qu\u00edmica segura\"}]},{\"@type\":\"WebSite\",\"@id\":\"https:\\\/\\\/toolbox.biomimicry.org\\\/#website\",\"url\":\"https:\\\/\\\/toolbox.biomimicry.org\\\/\",\"name\":\"Biomimicry Toolbox\",\"description\":\"How to apply nature\u2019s lessons to design challenges\",\"potentialAction\":[{\"@type\":\"SearchAction\",\"target\":{\"@type\":\"EntryPoint\",\"urlTemplate\":\"https:\\\/\\\/toolbox.biomimicry.org\\\/?s={search_term_string}\"},\"query-input\":{\"@type\":\"PropertyValueSpecification\",\"valueRequired\":true,\"valueName\":\"search_term_string\"}}],\"inLanguage\":\"es\"}]}<\/script>\n<!-- \/ Yoast SEO plugin. -->","yoast_head_json":{"title":"Utilice la qu\u00edmica segura - Biomimicry Toolbox","robots":{"index":"index","follow":"follow","max-snippet":"max-snippet:-1","max-image-preview":"max-image-preview:large","max-video-preview":"max-video-preview:-1"},"canonical":"https:\/\/toolbox.biomimicry.org\/es\/conceptos-medulares\/patrones-unificadores-de-la-naturaleza\/utilice-la-quimica-segura\/","og_locale":"es_ES","og_type":"article","og_title":"Utilice la qu\u00edmica segura - Biomimicry Toolbox","og_description":"[et_pb_section fullwidth=\u00bbon\u00bb specialty=\u00bboff\u00bb transparent_background=\u00bboff\u00bb background_color=\u00bb#ebeed9&#8243; inner_shadow=\u00bbon\u00bb parallax=\u00bboff\u00bb parallax_method=\u00bboff\u00bb][et_pb_fullwidth_header admin_label=\u00bbFullwidth Header\u00bb title=\u00bbPatrones unificadores de la naturaleza\u00bb subhead=\u00bbDescripciones detalladas y ejemplos\u00bb background_layout=\u00bblight\u00bb text_orientation=\u00bbleft\u00bb \/][\/et_pb_section][et_pb_section fullwidth=\u00bboff\u00bb specialty=\u00bboff\u00bb transparent_background=\u00bboff\u00bb background_color=\u00bb#ffffff\u00bb inner_shadow=\u00bboff\u00bb parallax=\u00bboff\u00bb parallax_method=\u00bboff\u00bb module_class=\u00bbno-bottom-padding\u00bb][et_pb_row][et_pb_column type=\u00bb2_3&#8243;][et_pb_text admin_label=\u00bbText &#8211; pattern \u00bb background_layout=\u00bblight\u00bb text_orientation=\u00bbleft\u00bb] La naturaleza usa procesos qu\u00edmicos y materiales que son seguros para los seres vivos. [\/et_pb_text][\/et_pb_column][et_pb_column type=\u00bb1_3&#8243;][et_pb_blurb admin_label=\u00bbBlurb\u00bb title=\u00bbEjemplos [&hellip;]","og_url":"https:\/\/toolbox.biomimicry.org\/es\/conceptos-medulares\/patrones-unificadores-de-la-naturaleza\/utilice-la-quimica-segura\/","og_site_name":"Biomimicry Toolbox","article_modified_time":"2019-02-12T22:34:23+00:00","twitter_misc":{"Est. reading time":"8 minutos"},"schema":{"@context":"https:\/\/schema.org","@graph":[{"@type":"WebPage","@id":"https:\/\/toolbox.biomimicry.org\/es\/conceptos-medulares\/patrones-unificadores-de-la-naturaleza\/utilice-la-quimica-segura\/","url":"https:\/\/toolbox.biomimicry.org\/es\/conceptos-medulares\/patrones-unificadores-de-la-naturaleza\/utilice-la-quimica-segura\/","name":"Utilice la qu\u00edmica segura - Biomimicry Toolbox","isPartOf":{"@id":"https:\/\/toolbox.biomimicry.org\/#website"},"datePublished":"2019-02-12T22:34:21+00:00","dateModified":"2019-02-12T22:34:23+00:00","breadcrumb":{"@id":"https:\/\/toolbox.biomimicry.org\/es\/conceptos-medulares\/patrones-unificadores-de-la-naturaleza\/utilice-la-quimica-segura\/#breadcrumb"},"inLanguage":"es","potentialAction":[{"@type":"ReadAction","target":["https:\/\/toolbox.biomimicry.org\/es\/conceptos-medulares\/patrones-unificadores-de-la-naturaleza\/utilice-la-quimica-segura\/"]}]},{"@type":"BreadcrumbList","@id":"https:\/\/toolbox.biomimicry.org\/es\/conceptos-medulares\/patrones-unificadores-de-la-naturaleza\/utilice-la-quimica-segura\/#breadcrumb","itemListElement":[{"@type":"ListItem","position":1,"name":"Portada","item":"https:\/\/toolbox.biomimicry.org\/es\/"},{"@type":"ListItem","position":2,"name":"Conceptos medulares","item":"https:\/\/toolbox.biomimicry.org\/es\/conceptos-medulares\/"},{"@type":"ListItem","position":3,"name":"Patrones unificadores de la naturaleza","item":"https:\/\/toolbox.biomimicry.org\/es\/conceptos-medulares\/patrones-unificadores-de-la-naturaleza\/"},{"@type":"ListItem","position":4,"name":"Utilice la qu\u00edmica segura"}]},{"@type":"WebSite","@id":"https:\/\/toolbox.biomimicry.org\/#website","url":"https:\/\/toolbox.biomimicry.org\/","name":"Biomimicry Toolbox","description":"How to apply nature\u2019s lessons to design challenges","potentialAction":[{"@type":"SearchAction","target":{"@type":"EntryPoint","urlTemplate":"https:\/\/toolbox.biomimicry.org\/?s={search_term_string}"},"query-input":{"@type":"PropertyValueSpecification","valueRequired":true,"valueName":"search_term_string"}}],"inLanguage":"es"}]}},"_links":{"self":[{"href":"https:\/\/toolbox.biomimicry.org\/es\/wp-json\/wp\/v2\/pages\/8650","targetHints":{"allow":["GET"]}}],"collection":[{"href":"https:\/\/toolbox.biomimicry.org\/es\/wp-json\/wp\/v2\/pages"}],"about":[{"href":"https:\/\/toolbox.biomimicry.org\/es\/wp-json\/wp\/v2\/types\/page"}],"author":[{"embeddable":true,"href":"https:\/\/toolbox.biomimicry.org\/es\/wp-json\/wp\/v2\/users\/2"}],"replies":[{"embeddable":true,"href":"https:\/\/toolbox.biomimicry.org\/es\/wp-json\/wp\/v2\/comments?post=8650"}],"version-history":[{"count":0,"href":"https:\/\/toolbox.biomimicry.org\/es\/wp-json\/wp\/v2\/pages\/8650\/revisions"}],"up":[{"embeddable":true,"href":"https:\/\/toolbox.biomimicry.org\/es\/wp-json\/wp\/v2\/pages\/8643"}],"wp:attachment":[{"href":"https:\/\/toolbox.biomimicry.org\/es\/wp-json\/wp\/v2\/media?parent=8650"}],"curies":[{"name":"wp","href":"https:\/\/api.w.org\/{rel}","templated":true}]}}