{"id":8651,"date":"2019-02-12T22:44:32","date_gmt":"2019-02-12T22:44:32","guid":{"rendered":"http:\/\/toolbox.biomimicry.org\/patrones-unificadores-de-la-naturaleza\/utilizar-recursos-abundantes\/"},"modified":"2019-02-12T22:44:34","modified_gmt":"2019-02-12T22:44:34","slug":"utilizar-recursos-abundantes","status":"publish","type":"page","link":"https:\/\/toolbox.biomimicry.org\/es\/conceptos-medulares\/patrones-unificadores-de-la-naturaleza\/utilizar-recursos-abundantes\/","title":{"rendered":"Utilizar recursos abundantes"},"content":{"rendered":"<p>[et_pb_section fullwidth=\u00bbon\u00bb specialty=\u00bboff\u00bb transparent_background=\u00bboff\u00bb background_color=\u00bb#ebeed9&#8243; inner_shadow=\u00bbon\u00bb parallax=\u00bboff\u00bb parallax_method=\u00bboff\u00bb][et_pb_fullwidth_header admin_label=\u00bbFullwidth Header\u00bb title=\u00bbPatrones unificadores de la naturaleza\u00bb subhead=\u00bbDescripciones detalladas y ejemplos\u00bb background_layout=\u00bblight\u00bb text_orientation=\u00bbleft\u00bb \/][\/et_pb_section][et_pb_section fullwidth=\u00bboff\u00bb specialty=\u00bboff\u00bb transparent_background=\u00bboff\u00bb background_color=\u00bb#ffffff\u00bb inner_shadow=\u00bboff\u00bb parallax=\u00bboff\u00bb parallax_method=\u00bboff\u00bb module_class=\u00bbno-bottom-padding\u00bb][et_pb_row][et_pb_column type=\u00bb2_3&#8243;][et_pb_text admin_label=\u00bbText &#8211; pattern \u00bb background_layout=\u00bblight\u00bb text_orientation=\u00bbleft\u00bb]<\/p>\n<h2>La naturaleza construye utilizando recursos que son abundantes, e incorpora recursos escasos solo con moderaci\u00f3n.<\/h2>\n<p>[\/et_pb_text][\/et_pb_column][et_pb_column type=\u00bb1_3&#8243;][et_pb_blurb admin_label=\u00bbBlurb\u00bb title=\u00bbEjemplos de la biolog\u00eda\u00bb url=\u00bb#biology\u00bb url_new_window=\u00bboff\u00bb use_icon=\u00bbon\u00bb font_icon=\u00bb\ue048\u00bb icon_color=\u00bb#ffdd00&#8243; use_circle=\u00bboff\u00bb circle_color=\u00bb#404041&#8243; use_circle_border=\u00bboff\u00bb circle_border_color=\u00bb#404041&#8243; icon_placement=\u00bbleft\u00bb animation=\u00bbtop\u00bb background_layout=\u00bblight\u00bb text_orientation=\u00bbcenter\u00bb \/][et_pb_blurb admin_label=\u00bbBlurb\u00bb title=\u00bbAplicaciones de dise\u00f1o\u00bb url=\u00bb#design\u00bb url_new_window=\u00bboff\u00bb use_icon=\u00bbon\u00bb font_icon=\u00bb\ue048\u00bb icon_color=\u00bb#ffdd00&#8243; use_circle=\u00bboff\u00bb circle_color=\u00bb#404041&#8243; use_circle_border=\u00bboff\u00bb circle_border_color=\u00bb#404041&#8243; icon_placement=\u00bbleft\u00bb animation=\u00bbtop\u00bb background_layout=\u00bblight\u00bb text_orientation=\u00bbcenter\u00bb \/][et_pb_blurb admin_label=\u00bbBlurb\u00bb title=\u00bbVolver a la portada\u00bb url=\u00bbhttp:\/\/toolbox.biomimicry.org\/core-concepts\/natures-unifying-patterns\/\u00bb url_new_window=\u00bboff\u00bb use_icon=\u00bbon\u00bb font_icon=\u00bb\ue049\u00bb icon_color=\u00bb#bdc6c3&#8243; use_circle=\u00bboff\u00bb circle_color=\u00bb#404041&#8243; use_circle_border=\u00bboff\u00bb circle_border_color=\u00bb#404041&#8243; icon_placement=\u00bbleft\u00bb animation=\u00bbtop\u00bb background_layout=\u00bblight\u00bb text_orientation=\u00bbcenter\u00bb \/][\/et_pb_column][\/et_pb_row][et_pb_row][et_pb_column type=\u00bb2_3&#8243;][et_pb_text admin_label=\u00bbText &#8211; description\u00bb background_layout=\u00bblight\u00bb text_orientation=\u00bbleft\u00bb]<\/p>\n<p>Los materiales de la naturaleza son abundantes y se consiguen de manera local. Esto es verdad independientemente de si un organismo est\u00e1 construyendo algo afuera de s\u00ed mismo, como un termitero o un nido, o ensamblando materiales que son parte de un cuerpo, por ejemplo un ala, concha, hoja o cuerno. Los insumos b\u00e1sicos de construcci\u00f3n m\u00e1s comunes y abundantes \u2014 compuestos qu\u00edmicos \u2014 son aquellos que se forman a partir de los elementos m\u00e1s comunes y f\u00e1cilmente disponibles de la Tierra: carbono, nitr\u00f3geno, hidr\u00f3geno y ox\u00edgeno. Tambi\u00e9n se usan unos cuantos minerales m\u00e1s raros, pero estos se encuentran localmente y est\u00e1n f\u00e1cilmente disponibles, no pasan por un proceso de extracci\u00f3n minera, ni son procesados o enviados desde miles de kil\u00f3metros de distancia. Los desechos se eliminan mediante la manufactura aditiva y al crear procesos en torno a materiales y energ\u00eda de fuentes f\u00e1cilmente disponibles y de bajo costo.<\/p>\n<p>[\/et_pb_text][\/et_pb_column][et_pb_column type=\u00bb1_3&#8243;][et_pb_sidebar admin_label=\u00bbSidebar\u00bb orientation=\u00bbleft\u00bb area=\u00bbet_pb_widget_area_4&#8243; background_layout=\u00bblight\u00bb module_id=\u00bbnup-sidebar\u00bb \/][\/et_pb_column][\/et_pb_row][\/et_pb_section][et_pb_section fullwidth=\u00bboff\u00bb specialty=\u00bboff\u00bb transparent_background=\u00bboff\u00bb background_color=\u00bb#ffffff\u00bb inner_shadow=\u00bboff\u00bb parallax=\u00bboff\u00bb parallax_method=\u00bboff\u00bb module_id=\u00bbbiology\u00bb][et_pb_row][et_pb_column type=\u00bb4_4&#8243;][et_pb_text admin_label=\u00bbHeader &#8211; bio examples\u00bb background_layout=\u00bblight\u00bb text_orientation=\u00bbleft\u00bb]<\/p>\n<h2>Ejemplos de la biolog\u00eda<\/h2>\n<p>[\/et_pb_text][et_pb_text admin_label=\u00bbText\u00bb background_layout=\u00bblight\u00bb text_orientation=\u00bbleft\u00bb module_class=\u00bbno-bottom-padding\u00bb]<\/p>\n<h3>Frig\u00e1neas<\/h3>\n<p>[\/et_pb_text][\/et_pb_column][\/et_pb_row][et_pb_row][et_pb_column type=\u00bb1_2&#8243;][et_pb_image admin_label=\u00bbImage &#8211; caddis\u00bb src=\u00bbhttp:\/\/toolbox.biomimicry.org\/wp-content\/uploads\/2015\/04\/Caddis-fly-cases_B-Smith_CC_by_NC_SA-e1428603920579.jpg\u00bb show_in_lightbox=\u00bboff\u00bb url_new_window=\u00bboff\u00bb animation=\u00bbfade_in\u00bb sticky=\u00bboff\u00bb \/][\/et_pb_column][et_pb_column type=\u00bb1_2&#8243;][et_pb_text admin_label=\u00bbText\u00bb background_layout=\u00bblight\u00bb text_orientation=\u00bbleft\u00bb module_class=\u00bbcaption\u00bb]Las frig\u00e1neas son insectos acu\u00e1ticos. Sus larvas juntan materiales locales como peque\u00f1os fragmentos de roca, arena, conchas o peque\u00f1as ramas o plantas acu\u00e1ticas para crear corazas que ensamblan con seda. Debido a que se construyen con materiales locales, estas corazas se integran al entorno, ofreciendo protecci\u00f3n de los depredadores. Las frig\u00e1neas no tienen que gastar mucha energ\u00eda buscando materiales, y no buscan materiales raros, sino los que son abundantes. Su comida tambi\u00e9n es local, y en ocasiones se las trae gratuitamente la corriente de agua que rodea sus casas.[\/et_pb_text][\/et_pb_column][\/et_pb_row][et_pb_row][et_pb_column type=\u00bb4_4&#8243;][et_pb_text admin_label=\u00bbText\u00bb background_layout=\u00bblight\u00bb text_orientation=\u00bbleft\u00bb module_class=\u00bbno-bottom-padding\u00bb]<\/p>\n<h3>Golondrina com\u00fan<\/h3>\n<p>[\/et_pb_text][\/et_pb_column][\/et_pb_row][et_pb_row][et_pb_column type=\u00bb1_2&#8243;][et_pb_image admin_label=\u00bbImage &#8211; swallow nest\u00bb src=\u00bbhttp:\/\/toolbox.biomimicry.org\/wp-content\/uploads\/2015\/04\/Barn-swallow-nest_Mike-Allen_CC_by_NC_SA-e1428604085907.jpg\u00bb show_in_lightbox=\u00bboff\u00bb url_new_window=\u00bboff\u00bb animation=\u00bbfade_in\u00bb sticky=\u00bboff\u00bb \/][\/et_pb_column][et_pb_column type=\u00bb1_2&#8243;][et_pb_text admin_label=\u00bbText\u00bb background_layout=\u00bblight\u00bb text_orientation=\u00bbleft\u00bb]La golondrina com\u00fan construye sus nidos con lodo local, mont\u00e1ndolos en superficies verticales y bajo las salientes de estructuras como graneros y puentes para protegerse de la lluvia. Usan bolitas de lodo para crear un nido confortable y seguro. La copa interior del nido est\u00e1 recubierta de pasto, cabello y plumas, cosas que se encuentran en el ambiente local.[\/et_pb_text][\/et_pb_column][\/et_pb_row][\/et_pb_section][et_pb_section fullwidth=\u00bboff\u00bb specialty=\u00bboff\u00bb transparent_background=\u00bboff\u00bb background_color=\u00bb#ffffff\u00bb inner_shadow=\u00bboff\u00bb parallax=\u00bboff\u00bb parallax_method=\u00bboff\u00bb module_id=\u00bbdesign\u00bb][et_pb_row][et_pb_column type=\u00bb4_4&#8243;][et_pb_text admin_label=\u00bbHeader &#8211; design examples\u00bb background_layout=\u00bblight\u00bb text_orientation=\u00bbleft\u00bb]<\/p>\n<h2>Aplicaciones de dise\u00f1o<\/h2>\n<p>[\/et_pb_text][et_pb_text admin_label=\u00bbText\u00bb background_layout=\u00bblight\u00bb text_orientation=\u00bbleft\u00bb module_class=\u00bbno-bottom-padding\u00bb]<\/p>\n<h3>Edificios de adobe<\/h3>\n<p>[\/et_pb_text][\/et_pb_column][\/et_pb_row][et_pb_row][et_pb_column type=\u00bb1_2&#8243;][et_pb_image admin_label=\u00bbImage &#8211; adobe\u00bb src=\u00bbhttp:\/\/toolbox.biomimicry.org\/wp-content\/uploads\/2015\/04\/Adobe-house_greenheron47_CC_by_NC-e1428604178248.jpg\u00bb show_in_lightbox=\u00bboff\u00bb url_new_window=\u00bboff\u00bb animation=\u00bbfade_in\u00bb sticky=\u00bboff\u00bb \/][\/et_pb_column][et_pb_column type=\u00bb1_2&#8243;][et_pb_text admin_label=\u00bbText\u00bb background_layout=\u00bblight\u00bb text_orientation=\u00bbleft\u00bb]Las construcciones m\u00e1s antiguas que a\u00fan existen en el mundo est\u00e1n hechas de adobe. Los edificios de adobe se hacen mezclando paja y arena local, barro o suelo nativo con agua para formar ladrillos, que por lo general se secan al sol. Adem\u00e1s de ser un material barato y f\u00e1cilmente disponible, el adobe es duradero y energ\u00e9ticamente eficiente. En climas con d\u00edas calurosos y noches frescas, la masa t\u00e9rmica de la estructura del adobe almacena y libera el calor lentamente, nivelando las temperaturas altas y bajas del d\u00eda.[\/et_pb_text][\/et_pb_column][\/et_pb_row][et_pb_row][et_pb_column type=\u00bb4_4&#8243;][et_pb_text admin_label=\u00bbText\u00bb background_layout=\u00bblight\u00bb text_orientation=\u00bbleft\u00bb module_class=\u00bbno-bottom-padding\u00bb]<\/p>\n<h3>H\u00e1bitat para la Humanidad<\/h3>\n<p>[\/et_pb_text][\/et_pb_column][\/et_pb_row][et_pb_row][et_pb_column type=\u00bb1_2&#8243;][et_pb_image admin_label=\u00bbImage &#8211; Habitat\u00bb src=\u00bbhttp:\/\/toolbox.biomimicry.org\/wp-content\/uploads\/2015\/04\/Habitat-for-Humanity_-Official-U.S.-Navy-Page_CC_by-e1428604268146.jpg\u00bb show_in_lightbox=\u00bboff\u00bb url_new_window=\u00bboff\u00bb animation=\u00bbfade_in\u00bb sticky=\u00bboff\u00bb \/][et_pb_text admin_label=\u00bbText\u00bb background_layout=\u00bblight\u00bb text_orientation=\u00bbleft\u00bb module_class=\u00bbcaption\u00bb]<\/p>\n<p>Voluntarios trabajando en un proyecto de H\u00e1bitat para la Humanidad.<\/p>\n<p>[\/et_pb_text][\/et_pb_column][et_pb_column type=\u00bb1_2&#8243;][et_pb_text admin_label=\u00bbText\u00bb background_layout=\u00bblight\u00bb text_orientation=\u00bbleft\u00bb]La organizaci\u00f3n H\u00e1bitat para la Humanidad existe en muchos pa\u00edses en el mundo, y uno de los aspectos m\u00e1s interesantes de su trabajo es que incorpora en sus proyectos el uso de materiales y recursos que ya se encuentran f\u00e1cilmente disponibles. En \u00c1frica Oriental, donde el suelo contiene mucho barro, las casas generalmente se construyen con ladrillos hechos en casa. En Mongolia usan piedras enormes. En el Pac\u00edfico Sur van a la selva para cosechar maderas duras. De igual manera los recursos humanos disponibles se usan con mucha consideraci\u00f3n: toda la comunidad se re\u00fane para ayudar con el trabajo y a los especialistas, como alba\u00f1iles y carpinteros para estructuras, se les llama conforme se requieran.[\/et_pb_text][\/et_pb_column][\/et_pb_row][\/et_pb_section][et_pb_section][et_pb_row][et_pb_column type=\u00bb2_3&#8243;][et_pb_toggle admin_label=\u00bbToggle\u00bb title=\u00bbCr\u00e9ditos de imagen\u00bb open=\u00bboff\u00bb module_class=\u00bbcaption\u00bb]<\/p>\n<p>Coraza de frig\u00e1neas: B Smith CC-BY-NC-SA<br \/>\nNido de golondrina com\u00fan: Mike Allen CC-BY-NC-SA<br \/>\nEdificio de adobe: greenheron46 CC-BY-NC<br \/>\nH\u00e1bitat para la Humanidad: U.S. Navy CC-BY<\/p>\n<p>[\/et_pb_toggle][\/et_pb_column][et_pb_column type=\u00bb1_3&#8243;][\/et_pb_column][\/et_pb_row][\/et_pb_section]<\/p>\n","protected":false},"excerpt":{"rendered":"<p>[et_pb_section fullwidth=\u00bbon\u00bb specialty=\u00bboff\u00bb transparent_background=\u00bboff\u00bb background_color=\u00bb#ebeed9&#8243; inner_shadow=\u00bbon\u00bb parallax=\u00bboff\u00bb parallax_method=\u00bboff\u00bb][et_pb_fullwidth_header admin_label=\u00bbFullwidth Header\u00bb title=\u00bbPatrones unificadores de la naturaleza\u00bb subhead=\u00bbDescripciones detalladas y ejemplos\u00bb background_layout=\u00bblight\u00bb text_orientation=\u00bbleft\u00bb \/][\/et_pb_section][et_pb_section fullwidth=\u00bboff\u00bb specialty=\u00bboff\u00bb transparent_background=\u00bboff\u00bb background_color=\u00bb#ffffff\u00bb inner_shadow=\u00bboff\u00bb parallax=\u00bboff\u00bb parallax_method=\u00bboff\u00bb module_class=\u00bbno-bottom-padding\u00bb][et_pb_row][et_pb_column type=\u00bb2_3&#8243;][et_pb_text admin_label=\u00bbText &#8211; pattern \u00bb background_layout=\u00bblight\u00bb text_orientation=\u00bbleft\u00bb] La naturaleza construye utilizando recursos que son abundantes, e incorpora recursos escasos solo con moderaci\u00f3n. [\/et_pb_text][\/et_pb_column][et_pb_column type=\u00bb1_3&#8243;][et_pb_blurb admin_label=\u00bbBlurb\u00bb [&hellip;]<\/p>\n","protected":false},"author":2,"featured_media":0,"parent":8643,"menu_order":0,"comment_status":"closed","ping_status":"closed","template":"","meta":{"_exactmetrics_skip_tracking":false,"_exactmetrics_sitenote_active":false,"_exactmetrics_sitenote_note":"","_exactmetrics_sitenote_category":0,"footnotes":""},"class_list":["post-8651","page","type-page","status-publish","hentry"],"yoast_head":"<!-- This site is optimized with the Yoast SEO plugin v27.5 - https:\/\/yoast.com\/product\/yoast-seo-wordpress\/ -->\n<title>Utilizar recursos abundantes - Biomimicry Toolbox<\/title>\n<meta name=\"robots\" content=\"index, follow, max-snippet:-1, max-image-preview:large, max-video-preview:-1\" \/>\n<link rel=\"canonical\" href=\"https:\/\/toolbox.biomimicry.org\/es\/conceptos-medulares\/patrones-unificadores-de-la-naturaleza\/utilizar-recursos-abundantes\/\" \/>\n<meta property=\"og:locale\" content=\"es_ES\" \/>\n<meta property=\"og:type\" content=\"article\" \/>\n<meta property=\"og:title\" content=\"Utilizar recursos abundantes - Biomimicry Toolbox\" \/>\n<meta property=\"og:description\" content=\"[et_pb_section fullwidth=\u00bbon\u00bb specialty=\u00bboff\u00bb transparent_background=\u00bboff\u00bb background_color=\u00bb#ebeed9&#8243; inner_shadow=\u00bbon\u00bb parallax=\u00bboff\u00bb parallax_method=\u00bboff\u00bb][et_pb_fullwidth_header admin_label=\u00bbFullwidth Header\u00bb title=\u00bbPatrones unificadores de la naturaleza\u00bb subhead=\u00bbDescripciones detalladas y ejemplos\u00bb background_layout=\u00bblight\u00bb text_orientation=\u00bbleft\u00bb \/][\/et_pb_section][et_pb_section fullwidth=\u00bboff\u00bb specialty=\u00bboff\u00bb transparent_background=\u00bboff\u00bb background_color=\u00bb#ffffff\u00bb inner_shadow=\u00bboff\u00bb parallax=\u00bboff\u00bb parallax_method=\u00bboff\u00bb module_class=\u00bbno-bottom-padding\u00bb][et_pb_row][et_pb_column type=\u00bb2_3&#8243;][et_pb_text admin_label=\u00bbText &#8211; pattern \u00bb background_layout=\u00bblight\u00bb text_orientation=\u00bbleft\u00bb] La naturaleza construye utilizando recursos que son abundantes, e incorpora recursos escasos solo con moderaci\u00f3n. [\/et_pb_text][\/et_pb_column][et_pb_column type=\u00bb1_3&#8243;][et_pb_blurb admin_label=\u00bbBlurb\u00bb [&hellip;]\" \/>\n<meta property=\"og:url\" content=\"https:\/\/toolbox.biomimicry.org\/es\/conceptos-medulares\/patrones-unificadores-de-la-naturaleza\/utilizar-recursos-abundantes\/\" \/>\n<meta property=\"og:site_name\" content=\"Biomimicry Toolbox\" \/>\n<meta property=\"article:modified_time\" content=\"2019-02-12T22:44:34+00:00\" \/>\n<meta name=\"twitter:label1\" content=\"Est. reading time\" \/>\n\t<meta name=\"twitter:data1\" content=\"8 minutos\" \/>\n<script type=\"application\/ld+json\" class=\"yoast-schema-graph\">{\"@context\":\"https:\\\/\\\/schema.org\",\"@graph\":[{\"@type\":\"WebPage\",\"@id\":\"https:\\\/\\\/toolbox.biomimicry.org\\\/es\\\/conceptos-medulares\\\/patrones-unificadores-de-la-naturaleza\\\/utilizar-recursos-abundantes\\\/\",\"url\":\"https:\\\/\\\/toolbox.biomimicry.org\\\/es\\\/conceptos-medulares\\\/patrones-unificadores-de-la-naturaleza\\\/utilizar-recursos-abundantes\\\/\",\"name\":\"Utilizar recursos abundantes - Biomimicry Toolbox\",\"isPartOf\":{\"@id\":\"https:\\\/\\\/toolbox.biomimicry.org\\\/#website\"},\"datePublished\":\"2019-02-12T22:44:32+00:00\",\"dateModified\":\"2019-02-12T22:44:34+00:00\",\"breadcrumb\":{\"@id\":\"https:\\\/\\\/toolbox.biomimicry.org\\\/es\\\/conceptos-medulares\\\/patrones-unificadores-de-la-naturaleza\\\/utilizar-recursos-abundantes\\\/#breadcrumb\"},\"inLanguage\":\"es\",\"potentialAction\":[{\"@type\":\"ReadAction\",\"target\":[\"https:\\\/\\\/toolbox.biomimicry.org\\\/es\\\/conceptos-medulares\\\/patrones-unificadores-de-la-naturaleza\\\/utilizar-recursos-abundantes\\\/\"]}]},{\"@type\":\"BreadcrumbList\",\"@id\":\"https:\\\/\\\/toolbox.biomimicry.org\\\/es\\\/conceptos-medulares\\\/patrones-unificadores-de-la-naturaleza\\\/utilizar-recursos-abundantes\\\/#breadcrumb\",\"itemListElement\":[{\"@type\":\"ListItem\",\"position\":1,\"name\":\"Portada\",\"item\":\"https:\\\/\\\/toolbox.biomimicry.org\\\/es\\\/\"},{\"@type\":\"ListItem\",\"position\":2,\"name\":\"Conceptos medulares\",\"item\":\"https:\\\/\\\/toolbox.biomimicry.org\\\/es\\\/conceptos-medulares\\\/\"},{\"@type\":\"ListItem\",\"position\":3,\"name\":\"Patrones unificadores de la naturaleza\",\"item\":\"https:\\\/\\\/toolbox.biomimicry.org\\\/es\\\/conceptos-medulares\\\/patrones-unificadores-de-la-naturaleza\\\/\"},{\"@type\":\"ListItem\",\"position\":4,\"name\":\"Utilizar recursos abundantes\"}]},{\"@type\":\"WebSite\",\"@id\":\"https:\\\/\\\/toolbox.biomimicry.org\\\/#website\",\"url\":\"https:\\\/\\\/toolbox.biomimicry.org\\\/\",\"name\":\"Biomimicry Toolbox\",\"description\":\"How to apply nature\u2019s lessons to design challenges\",\"potentialAction\":[{\"@type\":\"SearchAction\",\"target\":{\"@type\":\"EntryPoint\",\"urlTemplate\":\"https:\\\/\\\/toolbox.biomimicry.org\\\/?s={search_term_string}\"},\"query-input\":{\"@type\":\"PropertyValueSpecification\",\"valueRequired\":true,\"valueName\":\"search_term_string\"}}],\"inLanguage\":\"es\"}]}<\/script>\n<!-- \/ Yoast SEO plugin. -->","yoast_head_json":{"title":"Utilizar recursos abundantes - Biomimicry Toolbox","robots":{"index":"index","follow":"follow","max-snippet":"max-snippet:-1","max-image-preview":"max-image-preview:large","max-video-preview":"max-video-preview:-1"},"canonical":"https:\/\/toolbox.biomimicry.org\/es\/conceptos-medulares\/patrones-unificadores-de-la-naturaleza\/utilizar-recursos-abundantes\/","og_locale":"es_ES","og_type":"article","og_title":"Utilizar recursos abundantes - Biomimicry Toolbox","og_description":"[et_pb_section fullwidth=\u00bbon\u00bb specialty=\u00bboff\u00bb transparent_background=\u00bboff\u00bb background_color=\u00bb#ebeed9&#8243; inner_shadow=\u00bbon\u00bb parallax=\u00bboff\u00bb parallax_method=\u00bboff\u00bb][et_pb_fullwidth_header admin_label=\u00bbFullwidth Header\u00bb title=\u00bbPatrones unificadores de la naturaleza\u00bb subhead=\u00bbDescripciones detalladas y ejemplos\u00bb background_layout=\u00bblight\u00bb text_orientation=\u00bbleft\u00bb \/][\/et_pb_section][et_pb_section fullwidth=\u00bboff\u00bb specialty=\u00bboff\u00bb transparent_background=\u00bboff\u00bb background_color=\u00bb#ffffff\u00bb inner_shadow=\u00bboff\u00bb parallax=\u00bboff\u00bb parallax_method=\u00bboff\u00bb module_class=\u00bbno-bottom-padding\u00bb][et_pb_row][et_pb_column type=\u00bb2_3&#8243;][et_pb_text admin_label=\u00bbText &#8211; pattern \u00bb background_layout=\u00bblight\u00bb text_orientation=\u00bbleft\u00bb] La naturaleza construye utilizando recursos que son abundantes, e incorpora recursos escasos solo con moderaci\u00f3n. [\/et_pb_text][\/et_pb_column][et_pb_column type=\u00bb1_3&#8243;][et_pb_blurb admin_label=\u00bbBlurb\u00bb [&hellip;]","og_url":"https:\/\/toolbox.biomimicry.org\/es\/conceptos-medulares\/patrones-unificadores-de-la-naturaleza\/utilizar-recursos-abundantes\/","og_site_name":"Biomimicry Toolbox","article_modified_time":"2019-02-12T22:44:34+00:00","twitter_misc":{"Est. reading time":"8 minutos"},"schema":{"@context":"https:\/\/schema.org","@graph":[{"@type":"WebPage","@id":"https:\/\/toolbox.biomimicry.org\/es\/conceptos-medulares\/patrones-unificadores-de-la-naturaleza\/utilizar-recursos-abundantes\/","url":"https:\/\/toolbox.biomimicry.org\/es\/conceptos-medulares\/patrones-unificadores-de-la-naturaleza\/utilizar-recursos-abundantes\/","name":"Utilizar recursos abundantes - Biomimicry Toolbox","isPartOf":{"@id":"https:\/\/toolbox.biomimicry.org\/#website"},"datePublished":"2019-02-12T22:44:32+00:00","dateModified":"2019-02-12T22:44:34+00:00","breadcrumb":{"@id":"https:\/\/toolbox.biomimicry.org\/es\/conceptos-medulares\/patrones-unificadores-de-la-naturaleza\/utilizar-recursos-abundantes\/#breadcrumb"},"inLanguage":"es","potentialAction":[{"@type":"ReadAction","target":["https:\/\/toolbox.biomimicry.org\/es\/conceptos-medulares\/patrones-unificadores-de-la-naturaleza\/utilizar-recursos-abundantes\/"]}]},{"@type":"BreadcrumbList","@id":"https:\/\/toolbox.biomimicry.org\/es\/conceptos-medulares\/patrones-unificadores-de-la-naturaleza\/utilizar-recursos-abundantes\/#breadcrumb","itemListElement":[{"@type":"ListItem","position":1,"name":"Portada","item":"https:\/\/toolbox.biomimicry.org\/es\/"},{"@type":"ListItem","position":2,"name":"Conceptos medulares","item":"https:\/\/toolbox.biomimicry.org\/es\/conceptos-medulares\/"},{"@type":"ListItem","position":3,"name":"Patrones unificadores de la naturaleza","item":"https:\/\/toolbox.biomimicry.org\/es\/conceptos-medulares\/patrones-unificadores-de-la-naturaleza\/"},{"@type":"ListItem","position":4,"name":"Utilizar recursos abundantes"}]},{"@type":"WebSite","@id":"https:\/\/toolbox.biomimicry.org\/#website","url":"https:\/\/toolbox.biomimicry.org\/","name":"Biomimicry Toolbox","description":"How to apply nature\u2019s lessons to design challenges","potentialAction":[{"@type":"SearchAction","target":{"@type":"EntryPoint","urlTemplate":"https:\/\/toolbox.biomimicry.org\/?s={search_term_string}"},"query-input":{"@type":"PropertyValueSpecification","valueRequired":true,"valueName":"search_term_string"}}],"inLanguage":"es"}]}},"_links":{"self":[{"href":"https:\/\/toolbox.biomimicry.org\/es\/wp-json\/wp\/v2\/pages\/8651","targetHints":{"allow":["GET"]}}],"collection":[{"href":"https:\/\/toolbox.biomimicry.org\/es\/wp-json\/wp\/v2\/pages"}],"about":[{"href":"https:\/\/toolbox.biomimicry.org\/es\/wp-json\/wp\/v2\/types\/page"}],"author":[{"embeddable":true,"href":"https:\/\/toolbox.biomimicry.org\/es\/wp-json\/wp\/v2\/users\/2"}],"replies":[{"embeddable":true,"href":"https:\/\/toolbox.biomimicry.org\/es\/wp-json\/wp\/v2\/comments?post=8651"}],"version-history":[{"count":0,"href":"https:\/\/toolbox.biomimicry.org\/es\/wp-json\/wp\/v2\/pages\/8651\/revisions"}],"up":[{"embeddable":true,"href":"https:\/\/toolbox.biomimicry.org\/es\/wp-json\/wp\/v2\/pages\/8643"}],"wp:attachment":[{"href":"https:\/\/toolbox.biomimicry.org\/es\/wp-json\/wp\/v2\/media?parent=8651"}],"curies":[{"name":"wp","href":"https:\/\/api.w.org\/{rel}","templated":true}]}}