{"id":8655,"date":"2019-02-12T23:27:48","date_gmt":"2019-02-12T23:27:48","guid":{"rendered":"http:\/\/toolbox.biomimicry.org\/acerca-del-manual\/toolbox-updates\/"},"modified":"2019-02-12T23:27:49","modified_gmt":"2019-02-12T23:27:49","slug":"toolbox-updates","status":"publish","type":"page","link":"https:\/\/toolbox.biomimicry.org\/es\/acerca-del-manual\/toolbox-updates\/","title":{"rendered":"Toolbox Updates"},"content":{"rendered":"<p>[et_pb_section fullwidth=\u00bbon\u00bb specialty=\u00bboff\u00bb transparent_background=\u00bboff\u00bb background_color=\u00bb#ebeed9&#8243; inner_shadow=\u00bbon\u00bb parallax=\u00bboff\u00bb parallax_method=\u00bboff\u00bb][et_pb_fullwidth_header admin_label=\u00bbFullwidth Header\u00bb title=\u00bbToolbox Updates\u00bb subhead=\u00bbHistorial de versiones y documentaci\u00f3n de nuevos contenidos y otros cambios.\u00bb background_layout=\u00bblight\u00bb text_orientation=\u00bbleft\u00bb \/][\/et_pb_section][et_pb_section fullwidth=\u00bboff\u00bb specialty=\u00bboff\u00bb][et_pb_row][et_pb_column type=\u00bb1_3&#8243;][et_pb_divider admin_label=\u00bbDivider\u00bb color=\u00bb#ffffff\u00bb show_divider=\u00bboff\u00bb height=\u00bb40&#8243; \/][et_pb_text admin_label=\u00bbText\u00bb background_layout=\u00bblight\u00bb text_orientation=\u00bbleft\u00bb]<\/p>\n<h5>La Manual de biom\u00edmesis se lanz\u00f3 por primera vez en enero de 2015, para el lanzamiento del desaf\u00edo de Dise\u00f1o Global de Biom\u00edmesis. El prop\u00f3sito de este blog es documentar revisiones notables y nuevos contenidos a medida que mejoramos continuamente este recurso.<\/h5>\n<p>[\/et_pb_text][\/et_pb_column][et_pb_column type=\u00bb2_3&#8243;][et_pb_blog admin_label=\u00bbBlog\u00bb fullwidth=\u00bbon\u00bb posts_number=\u00bb10&#8243; meta_date=\u00bbM j, Y\u00bb show_thumbnail=\u00bbon\u00bb show_content=\u00bbon\u00bb show_more=\u00bboff\u00bb show_author=\u00bboff\u00bb show_date=\u00bbon\u00bb show_categories=\u00bbon\u00bb show_pagination=\u00bbon\u00bb background_layout=\u00bblight\u00bb \/][\/et_pb_column][\/et_pb_row][\/et_pb_section]<\/p>\n","protected":false},"excerpt":{"rendered":"<p>[et_pb_section fullwidth=\u00bbon\u00bb specialty=\u00bboff\u00bb transparent_background=\u00bboff\u00bb background_color=\u00bb#ebeed9&#8243; inner_shadow=\u00bbon\u00bb parallax=\u00bboff\u00bb parallax_method=\u00bboff\u00bb][et_pb_fullwidth_header admin_label=\u00bbFullwidth Header\u00bb title=\u00bbToolbox Updates\u00bb subhead=\u00bbHistorial de versiones y documentaci\u00f3n de nuevos contenidos y otros cambios.\u00bb background_layout=\u00bblight\u00bb text_orientation=\u00bbleft\u00bb \/][\/et_pb_section][et_pb_section fullwidth=\u00bboff\u00bb specialty=\u00bboff\u00bb][et_pb_row][et_pb_column type=\u00bb1_3&#8243;][et_pb_divider admin_label=\u00bbDivider\u00bb color=\u00bb#ffffff\u00bb show_divider=\u00bboff\u00bb height=\u00bb40&#8243; \/][et_pb_text admin_label=\u00bbText\u00bb background_layout=\u00bblight\u00bb text_orientation=\u00bbleft\u00bb] La Manual de biom\u00edmesis se lanz\u00f3 por primera vez en enero de 2015, para el lanzamiento del desaf\u00edo [&hellip;]<\/p>\n","protected":false},"author":2,"featured_media":0,"parent":8633,"menu_order":0,"comment_status":"open","ping_status":"open","template":"","meta":{"_exactmetrics_skip_tracking":false,"_exactmetrics_sitenote_active":false,"_exactmetrics_sitenote_note":"","_exactmetrics_sitenote_category":0,"footnotes":""},"class_list":["post-8655","page","type-page","status-publish","hentry"],"yoast_head":"<!-- This site is optimized with the Yoast SEO plugin v27.4 - https:\/\/yoast.com\/product\/yoast-seo-wordpress\/ -->\n<title>Toolbox Updates - Biomimicry Toolbox<\/title>\n<meta name=\"robots\" content=\"index, follow, max-snippet:-1, max-image-preview:large, max-video-preview:-1\" \/>\n<link rel=\"canonical\" href=\"https:\/\/toolbox.biomimicry.org\/es\/acerca-del-manual\/toolbox-updates\/\" \/>\n<meta property=\"og:locale\" content=\"es_ES\" \/>\n<meta property=\"og:type\" content=\"article\" \/>\n<meta property=\"og:title\" content=\"Toolbox Updates - Biomimicry Toolbox\" \/>\n<meta property=\"og:description\" content=\"[et_pb_section fullwidth=\u00bbon\u00bb specialty=\u00bboff\u00bb transparent_background=\u00bboff\u00bb background_color=\u00bb#ebeed9&#8243; inner_shadow=\u00bbon\u00bb parallax=\u00bboff\u00bb parallax_method=\u00bboff\u00bb][et_pb_fullwidth_header admin_label=\u00bbFullwidth Header\u00bb title=\u00bbToolbox Updates\u00bb subhead=\u00bbHistorial de versiones y documentaci\u00f3n de nuevos contenidos y otros cambios.\u00bb background_layout=\u00bblight\u00bb text_orientation=\u00bbleft\u00bb \/][\/et_pb_section][et_pb_section fullwidth=\u00bboff\u00bb specialty=\u00bboff\u00bb][et_pb_row][et_pb_column type=\u00bb1_3&#8243;][et_pb_divider admin_label=\u00bbDivider\u00bb color=\u00bb#ffffff\u00bb show_divider=\u00bboff\u00bb height=\u00bb40&#8243; \/][et_pb_text admin_label=\u00bbText\u00bb background_layout=\u00bblight\u00bb text_orientation=\u00bbleft\u00bb] La Manual de biom\u00edmesis se lanz\u00f3 por primera vez en enero de 2015, para el lanzamiento del desaf\u00edo [&hellip;]\" \/>\n<meta property=\"og:url\" content=\"https:\/\/toolbox.biomimicry.org\/es\/acerca-del-manual\/toolbox-updates\/\" \/>\n<meta property=\"og:site_name\" content=\"Biomimicry Toolbox\" \/>\n<meta property=\"article:modified_time\" content=\"2019-02-12T23:27:49+00:00\" \/>\n<meta name=\"twitter:label1\" content=\"Est. reading time\" \/>\n\t<meta name=\"twitter:data1\" content=\"1 minuto\" \/>\n<script type=\"application\/ld+json\" class=\"yoast-schema-graph\">{\"@context\":\"https:\\\/\\\/schema.org\",\"@graph\":[{\"@type\":\"WebPage\",\"@id\":\"https:\\\/\\\/toolbox.biomimicry.org\\\/es\\\/acerca-del-manual\\\/toolbox-updates\\\/\",\"url\":\"https:\\\/\\\/toolbox.biomimicry.org\\\/es\\\/acerca-del-manual\\\/toolbox-updates\\\/\",\"name\":\"Toolbox Updates - Biomimicry Toolbox\",\"isPartOf\":{\"@id\":\"https:\\\/\\\/toolbox.biomimicry.org\\\/#website\"},\"datePublished\":\"2019-02-12T23:27:48+00:00\",\"dateModified\":\"2019-02-12T23:27:49+00:00\",\"breadcrumb\":{\"@id\":\"https:\\\/\\\/toolbox.biomimicry.org\\\/es\\\/acerca-del-manual\\\/toolbox-updates\\\/#breadcrumb\"},\"inLanguage\":\"es\",\"potentialAction\":[{\"@type\":\"ReadAction\",\"target\":[\"https:\\\/\\\/toolbox.biomimicry.org\\\/es\\\/acerca-del-manual\\\/toolbox-updates\\\/\"]}]},{\"@type\":\"BreadcrumbList\",\"@id\":\"https:\\\/\\\/toolbox.biomimicry.org\\\/es\\\/acerca-del-manual\\\/toolbox-updates\\\/#breadcrumb\",\"itemListElement\":[{\"@type\":\"ListItem\",\"position\":1,\"name\":\"Portada\",\"item\":\"https:\\\/\\\/toolbox.biomimicry.org\\\/es\\\/\"},{\"@type\":\"ListItem\",\"position\":2,\"name\":\"Acerca del Manual\",\"item\":\"https:\\\/\\\/toolbox.biomimicry.org\\\/es\\\/acerca-del-manual\\\/\"},{\"@type\":\"ListItem\",\"position\":3,\"name\":\"Toolbox Updates\"}]},{\"@type\":\"WebSite\",\"@id\":\"https:\\\/\\\/toolbox.biomimicry.org\\\/#website\",\"url\":\"https:\\\/\\\/toolbox.biomimicry.org\\\/\",\"name\":\"Biomimicry Toolbox\",\"description\":\"How to apply nature\u2019s lessons to design challenges\",\"potentialAction\":[{\"@type\":\"SearchAction\",\"target\":{\"@type\":\"EntryPoint\",\"urlTemplate\":\"https:\\\/\\\/toolbox.biomimicry.org\\\/?s={search_term_string}\"},\"query-input\":{\"@type\":\"PropertyValueSpecification\",\"valueRequired\":true,\"valueName\":\"search_term_string\"}}],\"inLanguage\":\"es\"}]}<\/script>\n<!-- \/ Yoast SEO plugin. -->","yoast_head_json":{"title":"Toolbox Updates - Biomimicry Toolbox","robots":{"index":"index","follow":"follow","max-snippet":"max-snippet:-1","max-image-preview":"max-image-preview:large","max-video-preview":"max-video-preview:-1"},"canonical":"https:\/\/toolbox.biomimicry.org\/es\/acerca-del-manual\/toolbox-updates\/","og_locale":"es_ES","og_type":"article","og_title":"Toolbox Updates - Biomimicry Toolbox","og_description":"[et_pb_section fullwidth=\u00bbon\u00bb specialty=\u00bboff\u00bb transparent_background=\u00bboff\u00bb background_color=\u00bb#ebeed9&#8243; inner_shadow=\u00bbon\u00bb parallax=\u00bboff\u00bb parallax_method=\u00bboff\u00bb][et_pb_fullwidth_header admin_label=\u00bbFullwidth Header\u00bb title=\u00bbToolbox Updates\u00bb subhead=\u00bbHistorial de versiones y documentaci\u00f3n de nuevos contenidos y otros cambios.\u00bb background_layout=\u00bblight\u00bb text_orientation=\u00bbleft\u00bb \/][\/et_pb_section][et_pb_section fullwidth=\u00bboff\u00bb specialty=\u00bboff\u00bb][et_pb_row][et_pb_column type=\u00bb1_3&#8243;][et_pb_divider admin_label=\u00bbDivider\u00bb color=\u00bb#ffffff\u00bb show_divider=\u00bboff\u00bb height=\u00bb40&#8243; \/][et_pb_text admin_label=\u00bbText\u00bb background_layout=\u00bblight\u00bb text_orientation=\u00bbleft\u00bb] La Manual de biom\u00edmesis se lanz\u00f3 por primera vez en enero de 2015, para el lanzamiento del desaf\u00edo [&hellip;]","og_url":"https:\/\/toolbox.biomimicry.org\/es\/acerca-del-manual\/toolbox-updates\/","og_site_name":"Biomimicry Toolbox","article_modified_time":"2019-02-12T23:27:49+00:00","twitter_misc":{"Est. reading time":"1 minuto"},"schema":{"@context":"https:\/\/schema.org","@graph":[{"@type":"WebPage","@id":"https:\/\/toolbox.biomimicry.org\/es\/acerca-del-manual\/toolbox-updates\/","url":"https:\/\/toolbox.biomimicry.org\/es\/acerca-del-manual\/toolbox-updates\/","name":"Toolbox Updates - Biomimicry Toolbox","isPartOf":{"@id":"https:\/\/toolbox.biomimicry.org\/#website"},"datePublished":"2019-02-12T23:27:48+00:00","dateModified":"2019-02-12T23:27:49+00:00","breadcrumb":{"@id":"https:\/\/toolbox.biomimicry.org\/es\/acerca-del-manual\/toolbox-updates\/#breadcrumb"},"inLanguage":"es","potentialAction":[{"@type":"ReadAction","target":["https:\/\/toolbox.biomimicry.org\/es\/acerca-del-manual\/toolbox-updates\/"]}]},{"@type":"BreadcrumbList","@id":"https:\/\/toolbox.biomimicry.org\/es\/acerca-del-manual\/toolbox-updates\/#breadcrumb","itemListElement":[{"@type":"ListItem","position":1,"name":"Portada","item":"https:\/\/toolbox.biomimicry.org\/es\/"},{"@type":"ListItem","position":2,"name":"Acerca del Manual","item":"https:\/\/toolbox.biomimicry.org\/es\/acerca-del-manual\/"},{"@type":"ListItem","position":3,"name":"Toolbox Updates"}]},{"@type":"WebSite","@id":"https:\/\/toolbox.biomimicry.org\/#website","url":"https:\/\/toolbox.biomimicry.org\/","name":"Biomimicry Toolbox","description":"How to apply nature\u2019s lessons to design challenges","potentialAction":[{"@type":"SearchAction","target":{"@type":"EntryPoint","urlTemplate":"https:\/\/toolbox.biomimicry.org\/?s={search_term_string}"},"query-input":{"@type":"PropertyValueSpecification","valueRequired":true,"valueName":"search_term_string"}}],"inLanguage":"es"}]}},"_links":{"self":[{"href":"https:\/\/toolbox.biomimicry.org\/es\/wp-json\/wp\/v2\/pages\/8655","targetHints":{"allow":["GET"]}}],"collection":[{"href":"https:\/\/toolbox.biomimicry.org\/es\/wp-json\/wp\/v2\/pages"}],"about":[{"href":"https:\/\/toolbox.biomimicry.org\/es\/wp-json\/wp\/v2\/types\/page"}],"author":[{"embeddable":true,"href":"https:\/\/toolbox.biomimicry.org\/es\/wp-json\/wp\/v2\/users\/2"}],"replies":[{"embeddable":true,"href":"https:\/\/toolbox.biomimicry.org\/es\/wp-json\/wp\/v2\/comments?post=8655"}],"version-history":[{"count":0,"href":"https:\/\/toolbox.biomimicry.org\/es\/wp-json\/wp\/v2\/pages\/8655\/revisions"}],"up":[{"embeddable":true,"href":"https:\/\/toolbox.biomimicry.org\/es\/wp-json\/wp\/v2\/pages\/8633"}],"wp:attachment":[{"href":"https:\/\/toolbox.biomimicry.org\/es\/wp-json\/wp\/v2\/media?parent=8655"}],"curies":[{"name":"wp","href":"https:\/\/api.w.org\/{rel}","templated":true}]}}