{"id":8658,"date":"2019-02-12T23:40:13","date_gmt":"2019-02-12T23:40:13","guid":{"rendered":"http:\/\/toolbox.biomimicry.org\/manual-de-biomimesis\/"},"modified":"2022-03-03T18:41:39","modified_gmt":"2022-03-03T18:41:39","slug":"manual-de-biomimesis","status":"publish","type":"page","link":"https:\/\/toolbox.biomimicry.org\/es\/","title":{"rendered":"Manual de biom\u00edmesis"},"content":{"rendered":"<p>[et_pb_section fb_built=\u00bb1&#8243; inner_shadow=\u00bbon\u00bb fullwidth=\u00bbon\u00bb admin_label=\u00bbsection\u00bb module_class=\u00bbdark-grad-header\u00bb _builder_version=\u00bb3.0.47&#8243; background_image=\u00bbhttps:\/\/toolbox.biomimicry.org\/wp-content\/uploads\/2017\/10\/Bootcamp_Fern_Sketch.jpg\u00bb parallax=\u00bbon\u00bb custom_padding=\u00bb||200px|\u00bb transparent_background=\u00bboff\u00bb][et_pb_fullwidth_header title=\u00bb Manual de Biom\u00edmesis \u00bb subhead=\u00bbTu gu\u00eda para aplicar las lecciones de la naturaleza a los retos de dise\u00f1o.\u00bb background_layout=\u00bbdark\u00bb text_orientation=\u00bbcenter\u00bb _builder_version=\u00bb3.0.98&#8243; max_width_tablet=\u00bb50px\u00bb][\/et_pb_fullwidth_header][\/et_pb_section][et_pb_section fb_built=\u00bb1&#8243; admin_label=\u00bbsection\u00bb _builder_version=\u00bb3.0.47&#8243; transparent_background=\u00bboff\u00bb][et_pb_row admin_label=\u00bbrow\u00bb _builder_version=\u00bb3.0.47&#8243; background_size=\u00bbinitial\u00bb background_position=\u00bbtop_left\u00bb background_repeat=\u00bbrepeat\u00bb][et_pb_column type=\u00bb3_4&#8243; _builder_version=\u00bb3.0.47&#8243; parallax=\u00bboff\u00bb parallax_method=\u00bbon\u00bb][et_pb_text _builder_version=\u00bb3.0.47&#8243; text_line_height=\u00bb2em\u00bb background_size=\u00bbinitial\u00bb background_position=\u00bbtop_left\u00bb background_repeat=\u00bbrepeat\u00bb use_border_color=\u00bboff\u00bb border_color=\u00bb#ffffff\u00bb border_style=\u00bbsolid\u00bb]<\/p>\n<h2>Al aplicar las lecciones de dise\u00f1o de la naturaleza, podemos crear soluciones que ayuden a mantener un planeta saludable.<\/h2>\n<h3>Este sitio de recursos digitales del <a href=\"http:\/\/www.biomimicry.org\" target=\"_blank\" rel=\"noopener\">Biomimicry Institute<\/a> proporciona una gu\u00eda de inicio r\u00e1pido para la biom\u00edmesis, introduciendo los conceptos y m\u00e9todos b\u00e1sicos que son esenciales para incorporar con \u00e9xito las ideas de la naturaleza en el dise\u00f1o.<\/h3>\n<p>[\/et_pb_text][et_pb_cta button_url=\u00bbhttps:\/\/toolbox.biomimicry.org\/es\/introduccion\/\u00bb button_text=\u00bbEmpiece a aprender ahora\u00bb use_background_color=\u00bboff\u00bb background_layout=\u00bblight\u00bb _builder_version=\u00bb3.0.47&#8243; background_size=\u00bbinitial\u00bb background_position=\u00bbtop_left\u00bb background_repeat=\u00bbrepeat\u00bb text_orientation=\u00bbleft\u00bb][\/et_pb_cta][\/et_pb_column][et_pb_column type=\u00bb1_4&#8243; _builder_version=\u00bb3.0.47&#8243; parallax=\u00bboff\u00bb parallax_method=\u00bbon\u00bb][\/et_pb_column][\/et_pb_row][\/et_pb_section]<\/p>\n","protected":false},"excerpt":{"rendered":"<p>[et_pb_section fb_built=\u00bb1&#8243; inner_shadow=\u00bbon\u00bb fullwidth=\u00bbon\u00bb admin_label=\u00bbsection\u00bb module_class=\u00bbdark-grad-header\u00bb _builder_version=\u00bb3.0.47&#8243; background_image=\u00bbhttps:\/\/toolbox.biomimicry.org\/wp-content\/uploads\/2017\/10\/Bootcamp_Fern_Sketch.jpg\u00bb parallax=\u00bbon\u00bb custom_padding=\u00bb||200px|\u00bb transparent_background=\u00bboff\u00bb][et_pb_fullwidth_header title=\u00bb Manual de Biom\u00edmesis \u00bb subhead=\u00bbTu gu\u00eda para aplicar las lecciones de la naturaleza a los retos de dise\u00f1o.\u00bb background_layout=\u00bbdark\u00bb text_orientation=\u00bbcenter\u00bb _builder_version=\u00bb3.0.98&#8243; max_width_tablet=\u00bb50px\u00bb][\/et_pb_fullwidth_header][\/et_pb_section][et_pb_section fb_built=\u00bb1&#8243; admin_label=\u00bbsection\u00bb _builder_version=\u00bb3.0.47&#8243; transparent_background=\u00bboff\u00bb][et_pb_row admin_label=\u00bbrow\u00bb _builder_version=\u00bb3.0.47&#8243; background_size=\u00bbinitial\u00bb background_position=\u00bbtop_left\u00bb background_repeat=\u00bbrepeat\u00bb][et_pb_column type=\u00bb3_4&#8243; _builder_version=\u00bb3.0.47&#8243; parallax=\u00bboff\u00bb parallax_method=\u00bbon\u00bb][et_pb_text _builder_version=\u00bb3.0.47&#8243; text_line_height=\u00bb2em\u00bb background_size=\u00bbinitial\u00bb background_position=\u00bbtop_left\u00bb background_repeat=\u00bbrepeat\u00bb use_border_color=\u00bboff\u00bb border_color=\u00bb#ffffff\u00bb border_style=\u00bbsolid\u00bb] [&hellip;]<\/p>\n","protected":false},"author":2,"featured_media":8558,"parent":0,"menu_order":0,"comment_status":"open","ping_status":"closed","template":"","meta":{"_exactmetrics_skip_tracking":false,"_exactmetrics_sitenote_active":false,"_exactmetrics_sitenote_note":"","_exactmetrics_sitenote_category":0,"footnotes":""},"class_list":["post-8658","page","type-page","status-publish","has-post-thumbnail","hentry"],"yoast_head":"<!-- This site is optimized with the Yoast SEO plugin v27.4 - https:\/\/yoast.com\/product\/yoast-seo-wordpress\/ -->\n<title>Manual de biom\u00edmesis<\/title>\n<meta name=\"robots\" content=\"index, follow, max-snippet:-1, max-image-preview:large, max-video-preview:-1\" \/>\n<link rel=\"canonical\" href=\"https:\/\/toolbox.biomimicry.org\/es\/\" \/>\n<meta property=\"og:locale\" content=\"es_ES\" \/>\n<meta property=\"og:type\" content=\"article\" \/>\n<meta property=\"og:title\" content=\"Manual de biom\u00edmesis\" \/>\n<meta property=\"og:description\" content=\"[et_pb_section fb_built=\u00bb1&#8243; inner_shadow=\u00bbon\u00bb fullwidth=\u00bbon\u00bb admin_label=\u00bbsection\u00bb module_class=\u00bbdark-grad-header\u00bb _builder_version=\u00bb3.0.47&#8243; background_image=\u00bbhttps:\/\/toolbox.biomimicry.org\/wp-content\/uploads\/2017\/10\/Bootcamp_Fern_Sketch.jpg\u00bb parallax=\u00bbon\u00bb custom_padding=\u00bb||200px|\u00bb transparent_background=\u00bboff\u00bb][et_pb_fullwidth_header title=\u00bb Manual de Biom\u00edmesis \u00bb subhead=\u00bbTu gu\u00eda para aplicar las lecciones de la naturaleza a los retos de dise\u00f1o.\u00bb background_layout=\u00bbdark\u00bb text_orientation=\u00bbcenter\u00bb _builder_version=\u00bb3.0.98&#8243; max_width_tablet=\u00bb50px\u00bb][\/et_pb_fullwidth_header][\/et_pb_section][et_pb_section fb_built=\u00bb1&#8243; admin_label=\u00bbsection\u00bb _builder_version=\u00bb3.0.47&#8243; transparent_background=\u00bboff\u00bb][et_pb_row admin_label=\u00bbrow\u00bb _builder_version=\u00bb3.0.47&#8243; background_size=\u00bbinitial\u00bb background_position=\u00bbtop_left\u00bb background_repeat=\u00bbrepeat\u00bb][et_pb_column type=\u00bb3_4&#8243; _builder_version=\u00bb3.0.47&#8243; parallax=\u00bboff\u00bb parallax_method=\u00bbon\u00bb][et_pb_text _builder_version=\u00bb3.0.47&#8243; text_line_height=\u00bb2em\u00bb background_size=\u00bbinitial\u00bb background_position=\u00bbtop_left\u00bb background_repeat=\u00bbrepeat\u00bb use_border_color=\u00bboff\u00bb border_color=\u00bb#ffffff\u00bb border_style=\u00bbsolid\u00bb] [&hellip;]\" \/>\n<meta property=\"og:url\" content=\"https:\/\/toolbox.biomimicry.org\/es\/\" \/>\n<meta property=\"og:site_name\" content=\"Biomimicry Toolbox\" \/>\n<meta property=\"article:modified_time\" content=\"2022-03-03T18:41:39+00:00\" \/>\n<meta property=\"og:image\" content=\"https:\/\/toolbox.biomimicry.org\/wp-content\/uploads\/2017\/10\/Bootcamp_Fern_Sketch.jpg\" \/>\n\t<meta property=\"og:image:width\" content=\"1080\" \/>\n\t<meta property=\"og:image:height\" content=\"675\" \/>\n\t<meta property=\"og:image:type\" content=\"image\/jpeg\" \/>\n<meta name=\"twitter:label1\" content=\"Est. reading time\" \/>\n\t<meta name=\"twitter:data1\" content=\"1 minuto\" \/>\n<script type=\"application\/ld+json\" class=\"yoast-schema-graph\">{\"@context\":\"https:\\\/\\\/schema.org\",\"@graph\":[{\"@type\":\"WebPage\",\"@id\":\"https:\\\/\\\/toolbox.biomimicry.org\\\/es\\\/\",\"url\":\"https:\\\/\\\/toolbox.biomimicry.org\\\/es\\\/\",\"name\":\"Manual de biom\u00edmesis\",\"isPartOf\":{\"@id\":\"https:\\\/\\\/toolbox.biomimicry.org\\\/#website\"},\"primaryImageOfPage\":{\"@id\":\"https:\\\/\\\/toolbox.biomimicry.org\\\/es\\\/#primaryimage\"},\"image\":{\"@id\":\"https:\\\/\\\/toolbox.biomimicry.org\\\/es\\\/#primaryimage\"},\"thumbnailUrl\":\"https:\\\/\\\/toolbox.biomimicry.org\\\/wp-content\\\/uploads\\\/2017\\\/10\\\/Bootcamp_Fern_Sketch.jpg\",\"datePublished\":\"2019-02-12T23:40:13+00:00\",\"dateModified\":\"2022-03-03T18:41:39+00:00\",\"breadcrumb\":{\"@id\":\"https:\\\/\\\/toolbox.biomimicry.org\\\/es\\\/#breadcrumb\"},\"inLanguage\":\"es\",\"potentialAction\":[{\"@type\":\"ReadAction\",\"target\":[\"https:\\\/\\\/toolbox.biomimicry.org\\\/es\\\/\"]}]},{\"@type\":\"ImageObject\",\"inLanguage\":\"es\",\"@id\":\"https:\\\/\\\/toolbox.biomimicry.org\\\/es\\\/#primaryimage\",\"url\":\"https:\\\/\\\/toolbox.biomimicry.org\\\/wp-content\\\/uploads\\\/2017\\\/10\\\/Bootcamp_Fern_Sketch.jpg\",\"contentUrl\":\"https:\\\/\\\/toolbox.biomimicry.org\\\/wp-content\\\/uploads\\\/2017\\\/10\\\/Bootcamp_Fern_Sketch.jpg\",\"width\":1080,\"height\":675},{\"@type\":\"BreadcrumbList\",\"@id\":\"https:\\\/\\\/toolbox.biomimicry.org\\\/es\\\/#breadcrumb\",\"itemListElement\":[{\"@type\":\"ListItem\",\"position\":1,\"name\":\"Portada\",\"item\":\"https:\\\/\\\/toolbox.biomimicry.org\\\/es\\\/\"},{\"@type\":\"ListItem\",\"position\":2,\"name\":\"Manual de biom\u00edmesis\"}]},{\"@type\":\"WebSite\",\"@id\":\"https:\\\/\\\/toolbox.biomimicry.org\\\/#website\",\"url\":\"https:\\\/\\\/toolbox.biomimicry.org\\\/\",\"name\":\"Biomimicry Toolbox\",\"description\":\"How to apply nature\u2019s lessons to design challenges\",\"potentialAction\":[{\"@type\":\"SearchAction\",\"target\":{\"@type\":\"EntryPoint\",\"urlTemplate\":\"https:\\\/\\\/toolbox.biomimicry.org\\\/?s={search_term_string}\"},\"query-input\":{\"@type\":\"PropertyValueSpecification\",\"valueRequired\":true,\"valueName\":\"search_term_string\"}}],\"inLanguage\":\"es\"}]}<\/script>\n<!-- \/ Yoast SEO plugin. -->","yoast_head_json":{"title":"Manual de biom\u00edmesis","robots":{"index":"index","follow":"follow","max-snippet":"max-snippet:-1","max-image-preview":"max-image-preview:large","max-video-preview":"max-video-preview:-1"},"canonical":"https:\/\/toolbox.biomimicry.org\/es\/","og_locale":"es_ES","og_type":"article","og_title":"Manual de biom\u00edmesis","og_description":"[et_pb_section fb_built=\u00bb1&#8243; inner_shadow=\u00bbon\u00bb fullwidth=\u00bbon\u00bb admin_label=\u00bbsection\u00bb module_class=\u00bbdark-grad-header\u00bb _builder_version=\u00bb3.0.47&#8243; background_image=\u00bbhttps:\/\/toolbox.biomimicry.org\/wp-content\/uploads\/2017\/10\/Bootcamp_Fern_Sketch.jpg\u00bb parallax=\u00bbon\u00bb custom_padding=\u00bb||200px|\u00bb transparent_background=\u00bboff\u00bb][et_pb_fullwidth_header title=\u00bb Manual de Biom\u00edmesis \u00bb subhead=\u00bbTu gu\u00eda para aplicar las lecciones de la naturaleza a los retos de dise\u00f1o.\u00bb background_layout=\u00bbdark\u00bb text_orientation=\u00bbcenter\u00bb _builder_version=\u00bb3.0.98&#8243; max_width_tablet=\u00bb50px\u00bb][\/et_pb_fullwidth_header][\/et_pb_section][et_pb_section fb_built=\u00bb1&#8243; admin_label=\u00bbsection\u00bb _builder_version=\u00bb3.0.47&#8243; transparent_background=\u00bboff\u00bb][et_pb_row admin_label=\u00bbrow\u00bb _builder_version=\u00bb3.0.47&#8243; background_size=\u00bbinitial\u00bb background_position=\u00bbtop_left\u00bb background_repeat=\u00bbrepeat\u00bb][et_pb_column type=\u00bb3_4&#8243; _builder_version=\u00bb3.0.47&#8243; parallax=\u00bboff\u00bb parallax_method=\u00bbon\u00bb][et_pb_text _builder_version=\u00bb3.0.47&#8243; text_line_height=\u00bb2em\u00bb background_size=\u00bbinitial\u00bb background_position=\u00bbtop_left\u00bb background_repeat=\u00bbrepeat\u00bb use_border_color=\u00bboff\u00bb border_color=\u00bb#ffffff\u00bb border_style=\u00bbsolid\u00bb] [&hellip;]","og_url":"https:\/\/toolbox.biomimicry.org\/es\/","og_site_name":"Biomimicry Toolbox","article_modified_time":"2022-03-03T18:41:39+00:00","og_image":[{"width":1080,"height":675,"url":"https:\/\/toolbox.biomimicry.org\/wp-content\/uploads\/2017\/10\/Bootcamp_Fern_Sketch.jpg","type":"image\/jpeg"}],"twitter_misc":{"Est. reading time":"1 minuto"},"schema":{"@context":"https:\/\/schema.org","@graph":[{"@type":"WebPage","@id":"https:\/\/toolbox.biomimicry.org\/es\/","url":"https:\/\/toolbox.biomimicry.org\/es\/","name":"Manual de biom\u00edmesis","isPartOf":{"@id":"https:\/\/toolbox.biomimicry.org\/#website"},"primaryImageOfPage":{"@id":"https:\/\/toolbox.biomimicry.org\/es\/#primaryimage"},"image":{"@id":"https:\/\/toolbox.biomimicry.org\/es\/#primaryimage"},"thumbnailUrl":"https:\/\/toolbox.biomimicry.org\/wp-content\/uploads\/2017\/10\/Bootcamp_Fern_Sketch.jpg","datePublished":"2019-02-12T23:40:13+00:00","dateModified":"2022-03-03T18:41:39+00:00","breadcrumb":{"@id":"https:\/\/toolbox.biomimicry.org\/es\/#breadcrumb"},"inLanguage":"es","potentialAction":[{"@type":"ReadAction","target":["https:\/\/toolbox.biomimicry.org\/es\/"]}]},{"@type":"ImageObject","inLanguage":"es","@id":"https:\/\/toolbox.biomimicry.org\/es\/#primaryimage","url":"https:\/\/toolbox.biomimicry.org\/wp-content\/uploads\/2017\/10\/Bootcamp_Fern_Sketch.jpg","contentUrl":"https:\/\/toolbox.biomimicry.org\/wp-content\/uploads\/2017\/10\/Bootcamp_Fern_Sketch.jpg","width":1080,"height":675},{"@type":"BreadcrumbList","@id":"https:\/\/toolbox.biomimicry.org\/es\/#breadcrumb","itemListElement":[{"@type":"ListItem","position":1,"name":"Portada","item":"https:\/\/toolbox.biomimicry.org\/es\/"},{"@type":"ListItem","position":2,"name":"Manual de biom\u00edmesis"}]},{"@type":"WebSite","@id":"https:\/\/toolbox.biomimicry.org\/#website","url":"https:\/\/toolbox.biomimicry.org\/","name":"Biomimicry Toolbox","description":"How to apply nature\u2019s lessons to design challenges","potentialAction":[{"@type":"SearchAction","target":{"@type":"EntryPoint","urlTemplate":"https:\/\/toolbox.biomimicry.org\/?s={search_term_string}"},"query-input":{"@type":"PropertyValueSpecification","valueRequired":true,"valueName":"search_term_string"}}],"inLanguage":"es"}]}},"_links":{"self":[{"href":"https:\/\/toolbox.biomimicry.org\/es\/wp-json\/wp\/v2\/pages\/8658","targetHints":{"allow":["GET"]}}],"collection":[{"href":"https:\/\/toolbox.biomimicry.org\/es\/wp-json\/wp\/v2\/pages"}],"about":[{"href":"https:\/\/toolbox.biomimicry.org\/es\/wp-json\/wp\/v2\/types\/page"}],"author":[{"embeddable":true,"href":"https:\/\/toolbox.biomimicry.org\/es\/wp-json\/wp\/v2\/users\/2"}],"replies":[{"embeddable":true,"href":"https:\/\/toolbox.biomimicry.org\/es\/wp-json\/wp\/v2\/comments?post=8658"}],"version-history":[{"count":0,"href":"https:\/\/toolbox.biomimicry.org\/es\/wp-json\/wp\/v2\/pages\/8658\/revisions"}],"wp:featuredmedia":[{"embeddable":true,"href":"https:\/\/toolbox.biomimicry.org\/es\/wp-json\/wp\/v2\/media\/8558"}],"wp:attachment":[{"href":"https:\/\/toolbox.biomimicry.org\/es\/wp-json\/wp\/v2\/media?parent=8658"}],"curies":[{"name":"wp","href":"https:\/\/api.w.org\/{rel}","templated":true}]}}