{"id":8660,"date":"2019-02-13T00:17:26","date_gmt":"2019-02-13T00:17:26","guid":{"rendered":"http:\/\/toolbox.biomimicry.org\/metodos\/biomimesis-y-otros-procesos-de-diseno\/"},"modified":"2019-02-13T00:17:28","modified_gmt":"2019-02-13T00:17:28","slug":"biomimesis-y-otros-procesos-de-diseno","status":"publish","type":"page","link":"https:\/\/toolbox.biomimicry.org\/es\/metodos\/biomimesis-y-otros-procesos-de-diseno\/","title":{"rendered":"Biom\u00edmesis y Otros Procesos de Dise\u00f1o"},"content":{"rendered":"<p>[et_pb_section admin_label=\u00bbsection\u00bb fullwidth=\u00bbon\u00bb specialty=\u00bboff\u00bb transparent_background=\u00bboff\u00bb background_color=\u00bb#ebeed9&#8243; inner_shadow=\u00bbon\u00bb parallax=\u00bboff\u00bb parallax_method=\u00bboff\u00bb][et_pb_fullwidth_header admin_label=\u00bbFullwidth Header\u00bb title=\u00bbBiom\u00edmesis y Otros Procesos de Dise\u00f1o\u00bb background_layout=\u00bblight\u00bb text_orientation=\u00bbleft\u00bb] [\/et_pb_fullwidth_header][\/et_pb_section][et_pb_section admin_label=\u00bbsection\u00bb fullwidth=\u00bboff\u00bb specialty=\u00bboff\u00bb transparent_background=\u00bboff\u00bb background_color=\u00bb#ffffff\u00bb inner_shadow=\u00bboff\u00bb parallax=\u00bboff\u00bb parallax_method=\u00bboff\u00bb module_class=\u00bbno-bottom-padding\u00bb][et_pb_row admin_label=\u00bbrow\u00bb][et_pb_column type=\u00bb1_3&#8243;][et_pb_text admin_label=\u00bbText\u00bb background_layout=\u00bblight\u00bb text_orientation=\u00bbleft\u00bb module_class=\u00bbcaption\u00bb]<\/p>\n<p>En esta secci\u00f3n<\/p>\n<p>[\/et_pb_text][et_pb_blurb admin_label=\u00bbBlurb\u00bb title=\u00bbBiom\u00edmesis y el Pensamiento de Dise\u00f1o\u00bb url=\u00bb#dthinking\u00bb url_new_window=\u00bboff\u00bb use_icon=\u00bbon\u00bb font_icon=\u00bb\ue048\u00bb icon_color=\u00bb#ffdd00&#8243; use_circle=\u00bboff\u00bb circle_color=\u00bb#404041&#8243; use_circle_border=\u00bboff\u00bb circle_border_color=\u00bb#404041&#8243; icon_placement=\u00bbleft\u00bb animation=\u00bboff\u00bb background_layout=\u00bblight\u00bb text_orientation=\u00bbleft\u00bb] [\/et_pb_blurb][et_pb_blurb admin_label=\u00bbBlurb\u00bb title=\u00bbBiom\u00edmesis y Dise\u00f1o ingenieril\u00bb url=\u00bb#engineering\u00bb url_new_window=\u00bboff\u00bb use_icon=\u00bbon\u00bb font_icon=\u00bb\ue048\u00bb icon_color=\u00bb#ffdd00&#8243; use_circle=\u00bboff\u00bb circle_color=\u00bb#404041&#8243; use_circle_border=\u00bboff\u00bb circle_border_color=\u00bb#404041&#8243; icon_placement=\u00bbleft\u00bb animation=\u00bboff\u00bb background_layout=\u00bblight\u00bb text_orientation=\u00bbleft\u00bb use_icon_font_size=\u00bboff\u00bb use_border_color=\u00bboff\u00bb border_color=\u00bb#ffffff\u00bb border_style=\u00bbsolid\u00bb] [\/et_pb_blurb][\/et_pb_column][et_pb_column type=\u00bb2_3&#8243;][et_pb_text admin_label=\u00bbIntro text\u00bb background_layout=\u00bblight\u00bb text_orientation=\u00bbleft\u00bb]<\/p>\n<p>Los conceptos y herramientas de la biom\u00edmesis se pueden utilizar en varios procesos de dise\u00f1o. Ahora que tiene una idea de c\u00f3mo se ve un enfoque biomim\u00e9tico, consideremos c\u00f3mo algunos de los conceptos y herramientas de biom\u00edmesis pueden integrarse en otros marcos de dise\u00f1o, observando dos que son ampliamente utilizados en dise\u00f1o e ingenier\u00eda.<\/p>\n<p>&nbsp;<\/p>\n<p><span style=\"line-height: 1.5;\"> <\/span><\/p>\n<p>[\/et_pb_text][\/et_pb_column][\/et_pb_row][\/et_pb_section][et_pb_section admin_label=\u00bbsection\u00bb fullwidth=\u00bboff\u00bb specialty=\u00bboff\u00bb transparent_background=\u00bboff\u00bb background_color=\u00bb#ffffff\u00bb inner_shadow=\u00bboff\u00bb parallax=\u00bboff\u00bb parallax_method=\u00bboff\u00bb module_id=\u00bbdthinking\u00bb][et_pb_row admin_label=\u00bbrow\u00bb][et_pb_column type=\u00bb1_3&#8243;][et_pb_text admin_label=\u00bbText &#8211; design thinking\u00bb background_layout=\u00bblight\u00bb text_orientation=\u00bbright\u00bb]<\/p>\n<h2>Pensamiento de dise\u00f1o<\/h2>\n<p>[\/et_pb_text][\/et_pb_column][et_pb_column type=\u00bb2_3&#8243;][et_pb_text admin_label=\u00bbText\u00bb background_layout=\u00bblight\u00bb text_orientation=\u00bbleft\u00bb]<\/p>\n<p>Pensamiento de dise\u00f1o es un enfoque emp\u00e1tico, centrado en el ser humano, hacia la innovaci\u00f3n que se ha convertido en un elemento prominente en los c\u00edrculos de dise\u00f1o y negocios en las \u00faltimas d\u00e9cadas. En la imagen abajo, hemos modificado un diagrama de pensamiento de dise\u00f1o utilizado por el Instituto de Dise\u00f1o Hasso Plattner (tambi\u00e9n conocido como \u00abd.School\u00bb) en la Universidad de Stanford, para mostrar c\u00f3mo los conceptos de biom\u00edmesis pueden encajar en el marco.<\/p>\n<p>[\/et_pb_text][\/et_pb_column][\/et_pb_row][et_pb_row admin_label=\u00bbrow\u00bb][et_pb_column type=\u00bb4_4&#8243;][et_pb_image admin_label=\u00bbImage\u00bb src=\u00bbhttp:\/\/toolbox.biomimicry.org\/wp-content\/uploads\/2015\/01\/Stanford_DT-Bio.png\u00bb show_in_lightbox=\u00bbon\u00bb url_new_window=\u00bboff\u00bb animation=\u00bbfade_in\u00bb sticky=\u00bboff\u00bb] [\/et_pb_image][et_pb_text admin_label=\u00bbText &#8211; caption\u00bb background_layout=\u00bblight\u00bb text_orientation=\u00bbleft\u00bb module_class=\u00bbcaption\u00bb]<\/p>\n<p>Haz clic para ampliar la imagen y el texto. Si a\u00fan no est\u00e1 familiarizado con el enfoque de pensamiento de dise\u00f1o, puede obtener m\u00e1s informaci\u00f3n al respecto en el <a href=\"http:\/\/dschool.stanford.edu\/use-our-methods\/\" target=\"_blank\">sitio web de d.School<\/a>.<\/p>\n<p>[\/et_pb_text][\/et_pb_column][\/et_pb_row][et_pb_row admin_label=\u00bbrow\u00bb][et_pb_column type=\u00bb1_3&#8243;][et_pb_divider admin_label=\u00bbDivider\u00bb color=\u00bb#ffffff\u00bb show_divider=\u00bboff\u00bb] [\/et_pb_divider][\/et_pb_column][et_pb_column type=\u00bb2_3&#8243;][et_pb_text admin_label=\u00bbText\u00bb background_layout=\u00bblight\u00bb text_orientation=\u00bbleft\u00bb]<\/p>\n<p>Mientras que el pensamiento de dise\u00f1o enfatiza iniciar el proceso de dise\u00f1o con empat\u00eda por los usuarios, en una conceptualizaci\u00f3n biomim\u00e9tica podr\u00edamos extender esa empat\u00eda para incluir a todas las formas de vida. Durante el paso \u00abdefinir\u00bb uno identificar\u00eda la funci\u00f3n y el contexto necesarios para la soluci\u00f3n y formular\u00eda preguntas para la investigaci\u00f3n en biolog\u00eda. El paso \u00abideate\u00bb luego incluye buscar en la biolog\u00eda la inspiraci\u00f3n, traducir estrategias y considerar los patrones unificadores de la naturaleza. Finalmente, el paso de hacer pruebas (\u201cTest\u201d) incluye evaluar si el dise\u00f1o resultante es amigable con la vida.<\/p>\n<p>[\/et_pb_text][\/et_pb_column][\/et_pb_row][\/et_pb_section][et_pb_section admin_label=\u00bbsection\u00bb fullwidth=\u00bboff\u00bb specialty=\u00bboff\u00bb transparent_background=\u00bboff\u00bb background_color=\u00bb#ffffff\u00bb inner_shadow=\u00bboff\u00bb parallax=\u00bboff\u00bb parallax_method=\u00bboff\u00bb module_id=\u00bbengineering\u00bb][et_pb_row admin_label=\u00bbrow\u00bb][et_pb_column type=\u00bb1_3&#8243;][et_pb_text admin_label=\u00bbText &#8211; eng design\u00bb background_layout=\u00bblight\u00bb text_orientation=\u00bbright\u00bb]<\/p>\n<h2>Dise\u00f1o ingenieril<\/h2>\n<p>&nbsp;<\/p>\n<p>[\/et_pb_text][\/et_pb_column][et_pb_column type=\u00bb2_3&#8243;][et_pb_text admin_label=\u00bbText\u00bb background_layout=\u00bblight\u00bb text_orientation=\u00bbleft\u00bb module_class=\u00bbno-bottom-padding\u00bb]<\/p>\n<p>La siguiente figura muestra un diagrama del proceso de Dise\u00f1o ingenieril proporcionado por la <a href=\"http:\/\/tinyurl.com\/n65ccxx\" target=\"_blank\">NASA<\/a> como recurso para educadores que ense\u00f1an Dise\u00f1o ingenieril. Aqu\u00ed nuevamente hemos modificado el diagrama para ilustrar c\u00f3mo los conceptos de biom\u00edmesis pueden ser integrados.<\/p>\n<p>[\/et_pb_text][\/et_pb_column][\/et_pb_row][et_pb_row admin_label=\u00bbrow\u00bb][et_pb_column type=\u00bb4_4&#8243;][et_pb_image admin_label=\u00bbImage\u00bb src=\u00bbhttp:\/\/toolbox.biomimicry.org\/wp-content\/uploads\/2015\/02\/NASA_ED-Bio.png\u00bb show_in_lightbox=\u00bbon\u00bb url_new_window=\u00bboff\u00bb animation=\u00bbfade_in\u00bb sticky=\u00bboff\u00bb] [\/et_pb_image][et_pb_text admin_label=\u00bbText &#8211; caption\u00bb background_layout=\u00bblight\u00bb text_orientation=\u00bbright\u00bb module_class=\u00bbcaption\u00bb]<\/p>\n<p>Haz clic para ampliar la imagen y el texto.<\/p>\n<p>[\/et_pb_text][\/et_pb_column][\/et_pb_row][et_pb_row admin_label=\u00bbrow\u00bb][et_pb_column type=\u00bb1_3&#8243;][et_pb_divider admin_label=\u00bbDivider\u00bb color=\u00bb#ffffff\u00bb show_divider=\u00bboff\u00bb] [\/et_pb_divider][\/et_pb_column][et_pb_column type=\u00bb2_3&#8243;][et_pb_text admin_label=\u00bbText\u00bb background_layout=\u00bblight\u00bb text_orientation=\u00bbleft\u00bb]<\/p>\n<p>Como puede ver, el paso dos se integra definiendo la funci\u00f3n y el contexto de la soluci\u00f3n, los pasos 3 a 5 incluyen buscando la biolog\u00eda para inspiraci\u00f3n, traducir estrategias y considerar los patrones unificadores de la naturaleza. Finalmente, el paso 8 requiere evaluar si el dise\u00f1o resultante es amigable con la vida.<\/p>\n<p>[\/et_pb_text][et_pb_text admin_label=\u00bbText &#8211; conclusion\u00bb background_layout=\u00bblight\u00bb text_orientation=\u00bbleft\u00bb]<\/p>\n<p>Como notamos antes, realmente no hay una forma definitiva de practicar la biom\u00edmesis. Las herramientas y los procesos descritos en este manual ofrecen diferentes caminos y t\u00e9cnicas que pueden ayudarlo en sus esfuerzos por dise\u00f1ar de una manera que genere soluciones para un planeta saludable. \u00dasalos para desarrollar tu propio camino hacia un dise\u00f1o verdaderamente sostenible.<\/p>\n<p>[\/et_pb_text][\/et_pb_column][\/et_pb_row][\/et_pb_section][et_pb_section admin_label=\u00bbsection\u00bb fullwidth=\u00bboff\u00bb specialty=\u00bboff\u00bb][et_pb_row admin_label=\u00bbrow\u00bb][et_pb_column type=\u00bb2_3&#8243;][et_pb_toggle admin_label=\u00bbToggle\u00bb title=\u00bbCr\u00e9ditos de imagen\u00bb open=\u00bboff\u00bb module_class=\u00bbcaption\u00bb]<\/p>\n<p><span style=\"line-height: 1.5;\">Diagrama de Pensamiento de Dise\u00f1o: <\/span><a style=\"line-height: 1.5;\" href=\"http:\/\/dschool.stanford.edu\/\" target=\"_blank\">Hasso Plattner Institute of Design at Standford<\/a><\/p>\n<p>Diagrama de dise\u00f1o ingenieril: <a href=\"http:\/\/www.nasa.gov\/audience\/foreducators\/plantgrowth\/reference\/Eng_Design_5-12.html#.VOI9E3ZO_aZ\" target=\"_blank\">NASA Education<\/a><\/p>\n<p>&nbsp;<\/p>\n<p>[\/et_pb_toggle][\/et_pb_column][et_pb_column type=\u00bb1_3&#8243;][\/et_pb_column][\/et_pb_row][\/et_pb_section]<\/p>\n","protected":false},"excerpt":{"rendered":"<p>[et_pb_section admin_label=\u00bbsection\u00bb fullwidth=\u00bbon\u00bb specialty=\u00bboff\u00bb transparent_background=\u00bboff\u00bb background_color=\u00bb#ebeed9&#8243; inner_shadow=\u00bbon\u00bb parallax=\u00bboff\u00bb parallax_method=\u00bboff\u00bb][et_pb_fullwidth_header admin_label=\u00bbFullwidth Header\u00bb title=\u00bbBiom\u00edmesis y Otros Procesos de Dise\u00f1o\u00bb background_layout=\u00bblight\u00bb text_orientation=\u00bbleft\u00bb] [\/et_pb_fullwidth_header][\/et_pb_section][et_pb_section admin_label=\u00bbsection\u00bb fullwidth=\u00bboff\u00bb specialty=\u00bboff\u00bb transparent_background=\u00bboff\u00bb background_color=\u00bb#ffffff\u00bb inner_shadow=\u00bboff\u00bb parallax=\u00bboff\u00bb parallax_method=\u00bboff\u00bb module_class=\u00bbno-bottom-padding\u00bb][et_pb_row admin_label=\u00bbrow\u00bb][et_pb_column type=\u00bb1_3&#8243;][et_pb_text admin_label=\u00bbText\u00bb background_layout=\u00bblight\u00bb text_orientation=\u00bbleft\u00bb module_class=\u00bbcaption\u00bb] En esta secci\u00f3n [\/et_pb_text][et_pb_blurb admin_label=\u00bbBlurb\u00bb title=\u00bbBiom\u00edmesis y el Pensamiento de Dise\u00f1o\u00bb url=\u00bb#dthinking\u00bb url_new_window=\u00bboff\u00bb use_icon=\u00bbon\u00bb font_icon=\u00bb\ue048\u00bb icon_color=\u00bb#ffdd00&#8243; use_circle=\u00bboff\u00bb circle_color=\u00bb#404041&#8243; use_circle_border=\u00bboff\u00bb circle_border_color=\u00bb#404041&#8243; [&hellip;]<\/p>\n","protected":false},"author":2,"featured_media":0,"parent":8606,"menu_order":0,"comment_status":"closed","ping_status":"closed","template":"","meta":{"_exactmetrics_skip_tracking":false,"_exactmetrics_sitenote_active":false,"_exactmetrics_sitenote_note":"","_exactmetrics_sitenote_category":0,"footnotes":""},"class_list":["post-8660","page","type-page","status-publish","hentry"],"yoast_head":"<!-- This site is optimized with the Yoast SEO plugin v27.3 - https:\/\/yoast.com\/product\/yoast-seo-wordpress\/ -->\n<title>Biom\u00edmesis y Otros Procesos de Dise\u00f1o - Biomimicry Toolbox<\/title>\n<meta name=\"robots\" content=\"index, follow, max-snippet:-1, max-image-preview:large, max-video-preview:-1\" \/>\n<link rel=\"canonical\" href=\"https:\/\/toolbox.biomimicry.org\/es\/metodos\/biomimesis-y-otros-procesos-de-diseno\/\" \/>\n<meta property=\"og:locale\" content=\"es_ES\" \/>\n<meta property=\"og:type\" content=\"article\" \/>\n<meta property=\"og:title\" content=\"Biom\u00edmesis y Otros Procesos de Dise\u00f1o - Biomimicry Toolbox\" \/>\n<meta property=\"og:description\" content=\"[et_pb_section admin_label=\u00bbsection\u00bb fullwidth=\u00bbon\u00bb specialty=\u00bboff\u00bb transparent_background=\u00bboff\u00bb background_color=\u00bb#ebeed9&#8243; inner_shadow=\u00bbon\u00bb parallax=\u00bboff\u00bb parallax_method=\u00bboff\u00bb][et_pb_fullwidth_header admin_label=\u00bbFullwidth Header\u00bb title=\u00bbBiom\u00edmesis y Otros Procesos de Dise\u00f1o\u00bb background_layout=\u00bblight\u00bb text_orientation=\u00bbleft\u00bb] [\/et_pb_fullwidth_header][\/et_pb_section][et_pb_section admin_label=\u00bbsection\u00bb fullwidth=\u00bboff\u00bb specialty=\u00bboff\u00bb transparent_background=\u00bboff\u00bb background_color=\u00bb#ffffff\u00bb inner_shadow=\u00bboff\u00bb parallax=\u00bboff\u00bb parallax_method=\u00bboff\u00bb module_class=\u00bbno-bottom-padding\u00bb][et_pb_row admin_label=\u00bbrow\u00bb][et_pb_column type=\u00bb1_3&#8243;][et_pb_text admin_label=\u00bbText\u00bb background_layout=\u00bblight\u00bb text_orientation=\u00bbleft\u00bb module_class=\u00bbcaption\u00bb] En esta secci\u00f3n [\/et_pb_text][et_pb_blurb admin_label=\u00bbBlurb\u00bb title=\u00bbBiom\u00edmesis y el Pensamiento de Dise\u00f1o\u00bb url=\u00bb#dthinking\u00bb url_new_window=\u00bboff\u00bb use_icon=\u00bbon\u00bb font_icon=\u00bb\ue048\u00bb icon_color=\u00bb#ffdd00&#8243; use_circle=\u00bboff\u00bb circle_color=\u00bb#404041&#8243; use_circle_border=\u00bboff\u00bb circle_border_color=\u00bb#404041&#8243; [&hellip;]\" \/>\n<meta property=\"og:url\" content=\"https:\/\/toolbox.biomimicry.org\/es\/metodos\/biomimesis-y-otros-procesos-de-diseno\/\" \/>\n<meta property=\"og:site_name\" content=\"Biomimicry Toolbox\" \/>\n<meta property=\"article:modified_time\" content=\"2019-02-13T00:17:28+00:00\" \/>\n<meta name=\"twitter:label1\" content=\"Est. reading time\" \/>\n\t<meta name=\"twitter:data1\" content=\"6 minutos\" \/>\n<script type=\"application\/ld+json\" class=\"yoast-schema-graph\">{\"@context\":\"https:\\\/\\\/schema.org\",\"@graph\":[{\"@type\":\"WebPage\",\"@id\":\"https:\\\/\\\/toolbox.biomimicry.org\\\/es\\\/metodos\\\/biomimesis-y-otros-procesos-de-diseno\\\/\",\"url\":\"https:\\\/\\\/toolbox.biomimicry.org\\\/es\\\/metodos\\\/biomimesis-y-otros-procesos-de-diseno\\\/\",\"name\":\"Biom\u00edmesis y Otros Procesos de Dise\u00f1o - Biomimicry Toolbox\",\"isPartOf\":{\"@id\":\"https:\\\/\\\/toolbox.biomimicry.org\\\/#website\"},\"datePublished\":\"2019-02-13T00:17:26+00:00\",\"dateModified\":\"2019-02-13T00:17:28+00:00\",\"breadcrumb\":{\"@id\":\"https:\\\/\\\/toolbox.biomimicry.org\\\/es\\\/metodos\\\/biomimesis-y-otros-procesos-de-diseno\\\/#breadcrumb\"},\"inLanguage\":\"es\",\"potentialAction\":[{\"@type\":\"ReadAction\",\"target\":[\"https:\\\/\\\/toolbox.biomimicry.org\\\/es\\\/metodos\\\/biomimesis-y-otros-procesos-de-diseno\\\/\"]}]},{\"@type\":\"BreadcrumbList\",\"@id\":\"https:\\\/\\\/toolbox.biomimicry.org\\\/es\\\/metodos\\\/biomimesis-y-otros-procesos-de-diseno\\\/#breadcrumb\",\"itemListElement\":[{\"@type\":\"ListItem\",\"position\":1,\"name\":\"Portada\",\"item\":\"https:\\\/\\\/toolbox.biomimicry.org\\\/es\\\/\"},{\"@type\":\"ListItem\",\"position\":2,\"name\":\"M\u00e9todos\",\"item\":\"https:\\\/\\\/toolbox.biomimicry.org\\\/es\\\/metodos\\\/\"},{\"@type\":\"ListItem\",\"position\":3,\"name\":\"Biom\u00edmesis y Otros Procesos de Dise\u00f1o\"}]},{\"@type\":\"WebSite\",\"@id\":\"https:\\\/\\\/toolbox.biomimicry.org\\\/#website\",\"url\":\"https:\\\/\\\/toolbox.biomimicry.org\\\/\",\"name\":\"Biomimicry Toolbox\",\"description\":\"How to apply nature\u2019s lessons to design challenges\",\"potentialAction\":[{\"@type\":\"SearchAction\",\"target\":{\"@type\":\"EntryPoint\",\"urlTemplate\":\"https:\\\/\\\/toolbox.biomimicry.org\\\/?s={search_term_string}\"},\"query-input\":{\"@type\":\"PropertyValueSpecification\",\"valueRequired\":true,\"valueName\":\"search_term_string\"}}],\"inLanguage\":\"es\"}]}<\/script>\n<!-- \/ Yoast SEO plugin. -->","yoast_head_json":{"title":"Biom\u00edmesis y Otros Procesos de Dise\u00f1o - Biomimicry Toolbox","robots":{"index":"index","follow":"follow","max-snippet":"max-snippet:-1","max-image-preview":"max-image-preview:large","max-video-preview":"max-video-preview:-1"},"canonical":"https:\/\/toolbox.biomimicry.org\/es\/metodos\/biomimesis-y-otros-procesos-de-diseno\/","og_locale":"es_ES","og_type":"article","og_title":"Biom\u00edmesis y Otros Procesos de Dise\u00f1o - Biomimicry Toolbox","og_description":"[et_pb_section admin_label=\u00bbsection\u00bb fullwidth=\u00bbon\u00bb specialty=\u00bboff\u00bb transparent_background=\u00bboff\u00bb background_color=\u00bb#ebeed9&#8243; inner_shadow=\u00bbon\u00bb parallax=\u00bboff\u00bb parallax_method=\u00bboff\u00bb][et_pb_fullwidth_header admin_label=\u00bbFullwidth Header\u00bb title=\u00bbBiom\u00edmesis y Otros Procesos de Dise\u00f1o\u00bb background_layout=\u00bblight\u00bb text_orientation=\u00bbleft\u00bb] [\/et_pb_fullwidth_header][\/et_pb_section][et_pb_section admin_label=\u00bbsection\u00bb fullwidth=\u00bboff\u00bb specialty=\u00bboff\u00bb transparent_background=\u00bboff\u00bb background_color=\u00bb#ffffff\u00bb inner_shadow=\u00bboff\u00bb parallax=\u00bboff\u00bb parallax_method=\u00bboff\u00bb module_class=\u00bbno-bottom-padding\u00bb][et_pb_row admin_label=\u00bbrow\u00bb][et_pb_column type=\u00bb1_3&#8243;][et_pb_text admin_label=\u00bbText\u00bb background_layout=\u00bblight\u00bb text_orientation=\u00bbleft\u00bb module_class=\u00bbcaption\u00bb] En esta secci\u00f3n [\/et_pb_text][et_pb_blurb admin_label=\u00bbBlurb\u00bb title=\u00bbBiom\u00edmesis y el Pensamiento de Dise\u00f1o\u00bb url=\u00bb#dthinking\u00bb url_new_window=\u00bboff\u00bb use_icon=\u00bbon\u00bb font_icon=\u00bb\ue048\u00bb icon_color=\u00bb#ffdd00&#8243; use_circle=\u00bboff\u00bb circle_color=\u00bb#404041&#8243; use_circle_border=\u00bboff\u00bb circle_border_color=\u00bb#404041&#8243; [&hellip;]","og_url":"https:\/\/toolbox.biomimicry.org\/es\/metodos\/biomimesis-y-otros-procesos-de-diseno\/","og_site_name":"Biomimicry Toolbox","article_modified_time":"2019-02-13T00:17:28+00:00","twitter_misc":{"Est. reading time":"6 minutos"},"schema":{"@context":"https:\/\/schema.org","@graph":[{"@type":"WebPage","@id":"https:\/\/toolbox.biomimicry.org\/es\/metodos\/biomimesis-y-otros-procesos-de-diseno\/","url":"https:\/\/toolbox.biomimicry.org\/es\/metodos\/biomimesis-y-otros-procesos-de-diseno\/","name":"Biom\u00edmesis y Otros Procesos de Dise\u00f1o - Biomimicry Toolbox","isPartOf":{"@id":"https:\/\/toolbox.biomimicry.org\/#website"},"datePublished":"2019-02-13T00:17:26+00:00","dateModified":"2019-02-13T00:17:28+00:00","breadcrumb":{"@id":"https:\/\/toolbox.biomimicry.org\/es\/metodos\/biomimesis-y-otros-procesos-de-diseno\/#breadcrumb"},"inLanguage":"es","potentialAction":[{"@type":"ReadAction","target":["https:\/\/toolbox.biomimicry.org\/es\/metodos\/biomimesis-y-otros-procesos-de-diseno\/"]}]},{"@type":"BreadcrumbList","@id":"https:\/\/toolbox.biomimicry.org\/es\/metodos\/biomimesis-y-otros-procesos-de-diseno\/#breadcrumb","itemListElement":[{"@type":"ListItem","position":1,"name":"Portada","item":"https:\/\/toolbox.biomimicry.org\/es\/"},{"@type":"ListItem","position":2,"name":"M\u00e9todos","item":"https:\/\/toolbox.biomimicry.org\/es\/metodos\/"},{"@type":"ListItem","position":3,"name":"Biom\u00edmesis y Otros Procesos de Dise\u00f1o"}]},{"@type":"WebSite","@id":"https:\/\/toolbox.biomimicry.org\/#website","url":"https:\/\/toolbox.biomimicry.org\/","name":"Biomimicry Toolbox","description":"How to apply nature\u2019s lessons to design challenges","potentialAction":[{"@type":"SearchAction","target":{"@type":"EntryPoint","urlTemplate":"https:\/\/toolbox.biomimicry.org\/?s={search_term_string}"},"query-input":{"@type":"PropertyValueSpecification","valueRequired":true,"valueName":"search_term_string"}}],"inLanguage":"es"}]}},"_links":{"self":[{"href":"https:\/\/toolbox.biomimicry.org\/es\/wp-json\/wp\/v2\/pages\/8660","targetHints":{"allow":["GET"]}}],"collection":[{"href":"https:\/\/toolbox.biomimicry.org\/es\/wp-json\/wp\/v2\/pages"}],"about":[{"href":"https:\/\/toolbox.biomimicry.org\/es\/wp-json\/wp\/v2\/types\/page"}],"author":[{"embeddable":true,"href":"https:\/\/toolbox.biomimicry.org\/es\/wp-json\/wp\/v2\/users\/2"}],"replies":[{"embeddable":true,"href":"https:\/\/toolbox.biomimicry.org\/es\/wp-json\/wp\/v2\/comments?post=8660"}],"version-history":[{"count":0,"href":"https:\/\/toolbox.biomimicry.org\/es\/wp-json\/wp\/v2\/pages\/8660\/revisions"}],"up":[{"embeddable":true,"href":"https:\/\/toolbox.biomimicry.org\/es\/wp-json\/wp\/v2\/pages\/8606"}],"wp:attachment":[{"href":"https:\/\/toolbox.biomimicry.org\/es\/wp-json\/wp\/v2\/media?parent=8660"}],"curies":[{"name":"wp","href":"https:\/\/api.w.org\/{rel}","templated":true}]}}