{"id":8663,"date":"2019-02-21T17:27:14","date_gmt":"2019-02-21T17:27:14","guid":{"rendered":"http:\/\/toolbox.biomimicry.org\/referencias\/estudios-de-caso\/"},"modified":"2019-02-21T17:27:20","modified_gmt":"2019-02-21T17:27:20","slug":"estudios-de-caso","status":"publish","type":"page","link":"https:\/\/toolbox.biomimicry.org\/es\/referencias\/estudios-de-caso\/","title":{"rendered":"Estudios de caso"},"content":{"rendered":"<p>[et_pb_section fullwidth=\u00bbon\u00bb specialty=\u00bboff\u00bb transparent_background=\u00bboff\u00bb background_color=\u00bb#ebeed9&#8243; inner_shadow=\u00bbon\u00bb parallax=\u00bboff\u00bb parallax_method=\u00bboff\u00bb][et_pb_fullwidth_header admin_label=\u00bbFullwidth Header\u00bb title=\u00bbEstudios de caso\u00bb background_layout=\u00bblight\u00bb text_orientation=\u00bbleft\u00bb subhead=\u00bbPerfiles en profundidad de productos biomim\u00e9ticos.\u00bb \/][\/et_pb_section][et_pb_section fullwidth=\u00bboff\u00bb specialty=\u00bboff\u00bb][et_pb_row][et_pb_column type=\u00bb2_3&#8243;][et_pb_text admin_label=\u00bbText\u00bb background_layout=\u00bblight\u00bb text_orientation=\u00bbleft\u00bb]<\/p>\n<p>Los siguientes estudios de caso fueron escritos por el Biomimicry Institute y \/ o nuestros colaboradores y proporcionan historias detalladas sobre el desarrollo de productos biomim\u00e9ticos. Haz clic en la imagen de la portada para descargar el PDF.<\/p>\n<p>[\/et_pb_text][\/et_pb_column][et_pb_column type=\u00bb1_3&#8243;][\/et_pb_column][\/et_pb_row][et_pb_row][et_pb_column type=\u00bb1_3&#8243;][et_pb_blurb admin_label=\u00bbBlurb\u00bb title=\u00bbORNILUX: Vidrio de protecci\u00f3n de aves\u00bb url=\u00bbhttp:\/\/toolbox.biomimicry.org\/wp-content\/uploads\/2016\/03\/CS_Ornilux_TBI_Toolbox-2.pdf\u00bb url_new_window=\u00bbon\u00bb use_icon=\u00bboff\u00bb icon_color=\u00bb#77bc1f\u00bb use_circle=\u00bboff\u00bb circle_color=\u00bb#77bc1f\u00bb use_circle_border=\u00bboff\u00bb circle_border_color=\u00bb#77bc1f\u00bb image=\u00bbhttp:\/\/toolbox.biomimicry.org\/wp-content\/uploads\/2015\/01\/CS_Ornilux_cover.jpg\u00bb icon_placement=\u00bbtop\u00bb animation=\u00bboff\u00bb background_layout=\u00bblight\u00bb text_orientation=\u00bbleft\u00bb]<\/p>\n<div id=\"stcpDiv\">Cristal de la ventana que evita las colisiones de aves imitando las cualidades de reflexi\u00f3n de los rayos UV de las telas de ara\u00f1a.<\/div>\n<p>[\/et_pb_blurb][\/et_pb_column][et_pb_column type=\u00bb1_3&#8243;][et_pb_blurb admin_label=\u00bbBlurb\u00bb title=\u00bbPureBond Technology: Pegamento para madera sin formaldeh\u00eddo\u00bb url=\u00bbhttp:\/\/toolbox.biomimicry.org\/wp-content\/uploads\/2016\/03\/CS_PureBond_TBI_Toolbox-2.pdf\u00bb url_new_window=\u00bbon\u00bb use_icon=\u00bboff\u00bb icon_color=\u00bb#77bc1f\u00bb use_circle=\u00bboff\u00bb circle_color=\u00bb#77bc1f\u00bb use_circle_border=\u00bboff\u00bb circle_border_color=\u00bb#77bc1f\u00bb image=\u00bbhttp:\/\/toolbox.biomimicry.org\/wp-content\/uploads\/2015\/01\/CS_PureBond_cover.jpg\u00bb icon_placement=\u00bbtop\u00bb animation=\u00bboff\u00bb background_layout=\u00bblight\u00bb text_orientation=\u00bbleft\u00bb]<\/p>\n<p>Pegamento para madera que no usa formaldeh\u00eddo basado en la qu\u00edmica de las prote\u00ednas de los hilos de los mejillones azules, que se utilizan para unir el mejill\u00f3n a las rocas golpeadas por las olas.<\/p>\n<p>[\/et_pb_blurb][\/et_pb_column][et_pb_column type=\u00bb1_3&#8243;][et_pb_blurb admin_label=\u00bbBlurb\u00bb title=\u00bbEntropy: Azulejos de alfombra no direccionales\u00bb url=\u00bbhttp:\/\/toolbox.biomimicry.org\/wp-content\/uploads\/2016\/03\/CS_Interface_TBI_Toolbox-2.pdf\u00bb url_new_window=\u00bbon\u00bb use_icon=\u00bboff\u00bb icon_color=\u00bb#77bc1f\u00bb use_circle=\u00bboff\u00bb circle_color=\u00bb#77bc1f\u00bb use_circle_border=\u00bboff\u00bb circle_border_color=\u00bb#77bc1f\u00bb icon_placement=\u00bbtop\u00bb animation=\u00bboff\u00bb background_layout=\u00bblight\u00bb text_orientation=\u00bbleft\u00bb image=\u00bbhttp:\/\/toolbox.biomimicry.org\/wp-content\/uploads\/2015\/01\/CS_Interface_cover.jpg\u00bb]<\/p>\n<div id=\"stcpDiv\">Las baldosas de moqueta presentan un patr\u00f3n aleatorio, no direccional y gradaciones de colores basadas en la diversidad de patrones de un suelo forestal.<\/div>\n<p>&nbsp;<\/p>\n<p>&nbsp;<\/p>\n<p>[\/et_pb_blurb][\/et_pb_column][\/et_pb_row][et_pb_row][et_pb_column type=\u00bb1_3&#8243;][et_pb_blurb admin_label=\u00bbBlurb\u00bb title=\u00bbPAX Water Technologies\u00bb url=\u00bbhttp:\/\/toolbox.biomimicry.org\/wp-content\/uploads\/2015\/01\/Outreach-Toolkit-PAX-Scientific-Case-Study.pdf\u00bb url_new_window=\u00bbon\u00bb use_icon=\u00bboff\u00bb icon_color=\u00bb#77bc1f\u00bb use_circle=\u00bboff\u00bb circle_color=\u00bb#77bc1f\u00bb use_circle_border=\u00bboff\u00bb circle_border_color=\u00bb#77bc1f\u00bb icon_placement=\u00bbtop\u00bb animation=\u00bboff\u00bb background_layout=\u00bblight\u00bb text_orientation=\u00bbleft\u00bb image=\u00bbhttp:\/\/toolbox.biomimicry.org\/wp-content\/uploads\/2015\/01\/PAX_cover.jpg\u00bb]<\/p>\n<div id=\"stcpDiv\">\n<div id=\"stcpDiv\">Tecnolog\u00eda de h\u00e9lice basada en una forma recurrente en la naturaleza, la espiral centr\u00edpeta, que mejora en gran medida la eficiencia.<\/div>\n<\/div>\n<p>&nbsp;<\/p>\n<p>[\/et_pb_blurb][\/et_pb_column][et_pb_column type=\u00bb1_3&#8243;][et_pb_blurb admin_label=\u00bbBlurb\u00bb title=\u00bbREGEN Energy\u00bb url=\u00bbhttp:\/\/toolbox.biomimicry.org\/wp-content\/uploads\/2015\/01\/Outreach-Toolkit-REGEN-Energy-Case-Study.pdf\u00bb url_new_window=\u00bbon\u00bb use_icon=\u00bboff\u00bb icon_color=\u00bb#77bc1f\u00bb use_circle=\u00bboff\u00bb circle_color=\u00bb#77bc1f\u00bb use_circle_border=\u00bboff\u00bb circle_border_color=\u00bb#77bc1f\u00bb image=\u00bbhttp:\/\/toolbox.biomimicry.org\/wp-content\/uploads\/2015\/01\/REGEN_cover.jpg\u00bb icon_placement=\u00bbtop\u00bb animation=\u00bboff\u00bb background_layout=\u00bblight\u00bb text_orientation=\u00bbleft\u00bb]<\/p>\n<div id=\"stcpDiv\">EnviroGrid\u2122 es una soluci\u00f3n de administraci\u00f3n de energ\u00eda inal\u00e1mbrica basada en la \u00abl\u00f3gica de enjambre\u00bb que se instala r\u00e1pidamente y puede reducir los costos de electricidad del propietario de un 5-10% o m\u00e1s.<\/div>\n<p>[\/et_pb_blurb][\/et_pb_column][et_pb_column type=\u00bb1_3&#8243;][et_pb_blurb admin_label=\u00bbBlurb\u00bb title=\u00bbSharklet\u00bb url=\u00bbhttp:\/\/toolbox.biomimicry.org\/wp-content\/uploads\/2015\/01\/Sharklet-Case-Study.pdf\u00bb url_new_window=\u00bbon\u00bb use_icon=\u00bboff\u00bb icon_color=\u00bb#77bc1f\u00bb use_circle=\u00bboff\u00bb circle_color=\u00bb#77bc1f\u00bb use_circle_border=\u00bboff\u00bb circle_border_color=\u00bb#77bc1f\u00bb icon_placement=\u00bbtop\u00bb animation=\u00bboff\u00bb background_layout=\u00bblight\u00bb text_orientation=\u00bbleft\u00bb image=\u00bbhttp:\/\/toolbox.biomimicry.org\/wp-content\/uploads\/2015\/01\/Sharklet_cover.jpg\u00bb]<\/p>\n<p>Sharklet es una superficie sint\u00e9tica, inspirada en la piel de los tiburones, que disuade a la colonizaci\u00f3n de ciertos microbios causantes de enfermedades mediante el uso de la textura.<\/p>\n<p>[\/et_pb_blurb][\/et_pb_column][\/et_pb_row][\/et_pb_section]<\/p>\n","protected":false},"excerpt":{"rendered":"<p>[et_pb_section fullwidth=\u00bbon\u00bb specialty=\u00bboff\u00bb transparent_background=\u00bboff\u00bb background_color=\u00bb#ebeed9&#8243; inner_shadow=\u00bbon\u00bb parallax=\u00bboff\u00bb parallax_method=\u00bboff\u00bb][et_pb_fullwidth_header admin_label=\u00bbFullwidth Header\u00bb title=\u00bbEstudios de caso\u00bb background_layout=\u00bblight\u00bb text_orientation=\u00bbleft\u00bb subhead=\u00bbPerfiles en profundidad de productos biomim\u00e9ticos.\u00bb \/][\/et_pb_section][et_pb_section fullwidth=\u00bboff\u00bb specialty=\u00bboff\u00bb][et_pb_row][et_pb_column type=\u00bb2_3&#8243;][et_pb_text admin_label=\u00bbText\u00bb background_layout=\u00bblight\u00bb text_orientation=\u00bbleft\u00bb] Los siguientes estudios de caso fueron escritos por el Biomimicry Institute y \/ o nuestros colaboradores y proporcionan historias detalladas sobre el desarrollo de productos biomim\u00e9ticos. Haz [&hellip;]<\/p>\n","protected":false},"author":2,"featured_media":0,"parent":8619,"menu_order":0,"comment_status":"open","ping_status":"open","template":"","meta":{"_exactmetrics_skip_tracking":false,"_exactmetrics_sitenote_active":false,"_exactmetrics_sitenote_note":"","_exactmetrics_sitenote_category":0,"footnotes":""},"class_list":["post-8663","page","type-page","status-publish","hentry"],"yoast_head":"<!-- This site is optimized with the Yoast SEO plugin v27.4 - https:\/\/yoast.com\/product\/yoast-seo-wordpress\/ -->\n<title>Estudios de caso - Biomimicry Toolbox<\/title>\n<meta name=\"robots\" content=\"index, follow, max-snippet:-1, max-image-preview:large, max-video-preview:-1\" \/>\n<link rel=\"canonical\" href=\"https:\/\/toolbox.biomimicry.org\/es\/referencias\/estudios-de-caso\/\" \/>\n<meta property=\"og:locale\" content=\"es_ES\" \/>\n<meta property=\"og:type\" content=\"article\" \/>\n<meta property=\"og:title\" content=\"Estudios de caso - Biomimicry Toolbox\" \/>\n<meta property=\"og:description\" content=\"[et_pb_section fullwidth=\u00bbon\u00bb specialty=\u00bboff\u00bb transparent_background=\u00bboff\u00bb background_color=\u00bb#ebeed9&#8243; inner_shadow=\u00bbon\u00bb parallax=\u00bboff\u00bb parallax_method=\u00bboff\u00bb][et_pb_fullwidth_header admin_label=\u00bbFullwidth Header\u00bb title=\u00bbEstudios de caso\u00bb background_layout=\u00bblight\u00bb text_orientation=\u00bbleft\u00bb subhead=\u00bbPerfiles en profundidad de productos biomim\u00e9ticos.\u00bb \/][\/et_pb_section][et_pb_section fullwidth=\u00bboff\u00bb specialty=\u00bboff\u00bb][et_pb_row][et_pb_column type=\u00bb2_3&#8243;][et_pb_text admin_label=\u00bbText\u00bb background_layout=\u00bblight\u00bb text_orientation=\u00bbleft\u00bb] Los siguientes estudios de caso fueron escritos por el Biomimicry Institute y \/ o nuestros colaboradores y proporcionan historias detalladas sobre el desarrollo de productos biomim\u00e9ticos. Haz [&hellip;]\" \/>\n<meta property=\"og:url\" content=\"https:\/\/toolbox.biomimicry.org\/es\/referencias\/estudios-de-caso\/\" \/>\n<meta property=\"og:site_name\" content=\"Biomimicry Toolbox\" \/>\n<meta property=\"article:modified_time\" content=\"2019-02-21T17:27:20+00:00\" \/>\n<meta name=\"twitter:label1\" content=\"Est. reading time\" \/>\n\t<meta name=\"twitter:data1\" content=\"4 minutos\" \/>\n<script type=\"application\/ld+json\" class=\"yoast-schema-graph\">{\"@context\":\"https:\\\/\\\/schema.org\",\"@graph\":[{\"@type\":\"WebPage\",\"@id\":\"https:\\\/\\\/toolbox.biomimicry.org\\\/es\\\/referencias\\\/estudios-de-caso\\\/\",\"url\":\"https:\\\/\\\/toolbox.biomimicry.org\\\/es\\\/referencias\\\/estudios-de-caso\\\/\",\"name\":\"Estudios de caso - Biomimicry Toolbox\",\"isPartOf\":{\"@id\":\"https:\\\/\\\/toolbox.biomimicry.org\\\/#website\"},\"datePublished\":\"2019-02-21T17:27:14+00:00\",\"dateModified\":\"2019-02-21T17:27:20+00:00\",\"breadcrumb\":{\"@id\":\"https:\\\/\\\/toolbox.biomimicry.org\\\/es\\\/referencias\\\/estudios-de-caso\\\/#breadcrumb\"},\"inLanguage\":\"es\",\"potentialAction\":[{\"@type\":\"ReadAction\",\"target\":[\"https:\\\/\\\/toolbox.biomimicry.org\\\/es\\\/referencias\\\/estudios-de-caso\\\/\"]}]},{\"@type\":\"BreadcrumbList\",\"@id\":\"https:\\\/\\\/toolbox.biomimicry.org\\\/es\\\/referencias\\\/estudios-de-caso\\\/#breadcrumb\",\"itemListElement\":[{\"@type\":\"ListItem\",\"position\":1,\"name\":\"Portada\",\"item\":\"https:\\\/\\\/toolbox.biomimicry.org\\\/es\\\/\"},{\"@type\":\"ListItem\",\"position\":2,\"name\":\"Referencias\",\"item\":\"https:\\\/\\\/toolbox.biomimicry.org\\\/es\\\/referencias\\\/\"},{\"@type\":\"ListItem\",\"position\":3,\"name\":\"Estudios de caso\"}]},{\"@type\":\"WebSite\",\"@id\":\"https:\\\/\\\/toolbox.biomimicry.org\\\/#website\",\"url\":\"https:\\\/\\\/toolbox.biomimicry.org\\\/\",\"name\":\"Biomimicry Toolbox\",\"description\":\"How to apply nature\u2019s lessons to design challenges\",\"potentialAction\":[{\"@type\":\"SearchAction\",\"target\":{\"@type\":\"EntryPoint\",\"urlTemplate\":\"https:\\\/\\\/toolbox.biomimicry.org\\\/?s={search_term_string}\"},\"query-input\":{\"@type\":\"PropertyValueSpecification\",\"valueRequired\":true,\"valueName\":\"search_term_string\"}}],\"inLanguage\":\"es\"}]}<\/script>\n<!-- \/ Yoast SEO plugin. -->","yoast_head_json":{"title":"Estudios de caso - Biomimicry Toolbox","robots":{"index":"index","follow":"follow","max-snippet":"max-snippet:-1","max-image-preview":"max-image-preview:large","max-video-preview":"max-video-preview:-1"},"canonical":"https:\/\/toolbox.biomimicry.org\/es\/referencias\/estudios-de-caso\/","og_locale":"es_ES","og_type":"article","og_title":"Estudios de caso - Biomimicry Toolbox","og_description":"[et_pb_section fullwidth=\u00bbon\u00bb specialty=\u00bboff\u00bb transparent_background=\u00bboff\u00bb background_color=\u00bb#ebeed9&#8243; inner_shadow=\u00bbon\u00bb parallax=\u00bboff\u00bb parallax_method=\u00bboff\u00bb][et_pb_fullwidth_header admin_label=\u00bbFullwidth Header\u00bb title=\u00bbEstudios de caso\u00bb background_layout=\u00bblight\u00bb text_orientation=\u00bbleft\u00bb subhead=\u00bbPerfiles en profundidad de productos biomim\u00e9ticos.\u00bb \/][\/et_pb_section][et_pb_section fullwidth=\u00bboff\u00bb specialty=\u00bboff\u00bb][et_pb_row][et_pb_column type=\u00bb2_3&#8243;][et_pb_text admin_label=\u00bbText\u00bb background_layout=\u00bblight\u00bb text_orientation=\u00bbleft\u00bb] Los siguientes estudios de caso fueron escritos por el Biomimicry Institute y \/ o nuestros colaboradores y proporcionan historias detalladas sobre el desarrollo de productos biomim\u00e9ticos. Haz [&hellip;]","og_url":"https:\/\/toolbox.biomimicry.org\/es\/referencias\/estudios-de-caso\/","og_site_name":"Biomimicry Toolbox","article_modified_time":"2019-02-21T17:27:20+00:00","twitter_misc":{"Est. reading time":"4 minutos"},"schema":{"@context":"https:\/\/schema.org","@graph":[{"@type":"WebPage","@id":"https:\/\/toolbox.biomimicry.org\/es\/referencias\/estudios-de-caso\/","url":"https:\/\/toolbox.biomimicry.org\/es\/referencias\/estudios-de-caso\/","name":"Estudios de caso - Biomimicry Toolbox","isPartOf":{"@id":"https:\/\/toolbox.biomimicry.org\/#website"},"datePublished":"2019-02-21T17:27:14+00:00","dateModified":"2019-02-21T17:27:20+00:00","breadcrumb":{"@id":"https:\/\/toolbox.biomimicry.org\/es\/referencias\/estudios-de-caso\/#breadcrumb"},"inLanguage":"es","potentialAction":[{"@type":"ReadAction","target":["https:\/\/toolbox.biomimicry.org\/es\/referencias\/estudios-de-caso\/"]}]},{"@type":"BreadcrumbList","@id":"https:\/\/toolbox.biomimicry.org\/es\/referencias\/estudios-de-caso\/#breadcrumb","itemListElement":[{"@type":"ListItem","position":1,"name":"Portada","item":"https:\/\/toolbox.biomimicry.org\/es\/"},{"@type":"ListItem","position":2,"name":"Referencias","item":"https:\/\/toolbox.biomimicry.org\/es\/referencias\/"},{"@type":"ListItem","position":3,"name":"Estudios de caso"}]},{"@type":"WebSite","@id":"https:\/\/toolbox.biomimicry.org\/#website","url":"https:\/\/toolbox.biomimicry.org\/","name":"Biomimicry Toolbox","description":"How to apply nature\u2019s lessons to design challenges","potentialAction":[{"@type":"SearchAction","target":{"@type":"EntryPoint","urlTemplate":"https:\/\/toolbox.biomimicry.org\/?s={search_term_string}"},"query-input":{"@type":"PropertyValueSpecification","valueRequired":true,"valueName":"search_term_string"}}],"inLanguage":"es"}]}},"_links":{"self":[{"href":"https:\/\/toolbox.biomimicry.org\/es\/wp-json\/wp\/v2\/pages\/8663","targetHints":{"allow":["GET"]}}],"collection":[{"href":"https:\/\/toolbox.biomimicry.org\/es\/wp-json\/wp\/v2\/pages"}],"about":[{"href":"https:\/\/toolbox.biomimicry.org\/es\/wp-json\/wp\/v2\/types\/page"}],"author":[{"embeddable":true,"href":"https:\/\/toolbox.biomimicry.org\/es\/wp-json\/wp\/v2\/users\/2"}],"replies":[{"embeddable":true,"href":"https:\/\/toolbox.biomimicry.org\/es\/wp-json\/wp\/v2\/comments?post=8663"}],"version-history":[{"count":0,"href":"https:\/\/toolbox.biomimicry.org\/es\/wp-json\/wp\/v2\/pages\/8663\/revisions"}],"up":[{"embeddable":true,"href":"https:\/\/toolbox.biomimicry.org\/es\/wp-json\/wp\/v2\/pages\/8619"}],"wp:attachment":[{"href":"https:\/\/toolbox.biomimicry.org\/es\/wp-json\/wp\/v2\/media?parent=8663"}],"curies":[{"name":"wp","href":"https:\/\/api.w.org\/{rel}","templated":true}]}}